{"id":1000,"date":"2012-05-24T22:25:12","date_gmt":"2012-05-24T20:25:12","guid":{"rendered":"http:\/\/klubmamgdynia.pl\/index.php\/produkt\/mega-creative-klocki-konstrukcyjne-49-54el\/"},"modified":"2026-04-22T17:23:04","modified_gmt":"2026-04-22T15:23:04","slug":"mega-creative-klocki-konstrukcyjne-49-54el","status":"publish","type":"product","link":"http:\/\/klubmamgdynia.pl\/index.php\/produkt\/mega-creative-klocki-konstrukcyjne-49-54el\/","title":{"rendered":"Mega Creative Klocki Konstrukcyjne 49-54El"},"content":{"rendered":"<p>Chcesz aby Twoje dziecko pozyska\u0142o nowe umiej\u0119tno\u015bci, poprawi\u0142o zdolno\u015bci manualne oraz my\u015blowe Zestaw klock\u00f3w konstrukcyjnych od MEGA CREATIVE to co\u015b dla Was Klocki dost\u0119pne w 4 r\u00f3\u017cnych wzorach. W zale\u017cnosci od zestawu, w \u015brodku znajduje si\u0119 od 49 do 54 element\u00f3w, z kt\u00f3rych mo\u017cna zbudowa\u0107 r\u00f3\u017cne pojazdy policyjne. Wszystkie elementy wykonane z plastiku. Przeznaczone dla dzieci w wieku 6 . Towar wysy\u0142any lsoowo.<\/p>\n<h2>Mega Creative Klocki Konstrukcyjne 49-54El Mega Creative<\/h2>\n<p>kolorowanki spongebob, kolorowanki lol, znaki drogowe quizy, jak narysowac kota, quizy online, cytaty rodzina, proste zagadki logiczne<\/p>\n<p>yyyyy<\/p>\n<p>&nbsp;<\/p>\n","protected":false},"excerpt":{"rendered":"<p>Chcesz aby Twoje dziecko pozyska\u0142o nowe umiej\u0119tno\u015bci, poprawi\u0142o zdolno\u015bci manualne oraz my\u015blowe Zestaw klock\u00f3w konstrukcyjnych od MEGA CREATIVE to co\u015b dla Was Klocki dost\u0119pne w 4 r\u00f3\u017cnych wzorach. W zale\u017cnosci od zestawu, w \u015brodku znajduje si\u0119 od 49 do 54 element\u00f3w, z kt\u00f3rych mo\u017cna zbudowa\u0107 r\u00f3\u017cne pojazdy policyjne. Wszystkie elementy wykonane z plastiku. Przeznaczone dla [&hellip;]<\/p>\n","protected":false},"featured_media":1001,"comment_status":"closed","ping_status":"open","template":"","meta":[],"product_cat":[113,64],"product_tag":[853,774,841,830,629,760],"class_list":["post-1000","product","type-product","status-publish","has-post-thumbnail","hentry","product_cat-klocki","product_cat-mega-creative","product_tag-kolorowanki-do-druku-dla-doroslych","product_tag-prezent-na-roczek-nie-zabawka","product_tag-quiz-o-flagach","product_tag-rodzina-cytaty","product_tag-smieszne-zagadki-z-odpowiedziami","product_tag-zagadka-matematyczna"],"_links":{"self":[{"href":"http:\/\/klubmamgdynia.pl\/index.php\/wp-json\/wp\/v2\/product\/1000","targetHints":{"allow":["GET"]}}],"collection":[{"href":"http:\/\/klubmamgdynia.pl\/index.php\/wp-json\/wp\/v2\/product"}],"about":[{"href":"http:\/\/klubmamgdynia.pl\/index.php\/wp-json\/wp\/v2\/types\/product"}],"replies":[{"embeddable":true,"href":"http:\/\/klubmamgdynia.pl\/index.php\/wp-json\/wp\/v2\/comments?post=1000"}],"wp:featuredmedia":[{"embeddable":true,"href":"http:\/\/klubmamgdynia.pl\/index.php\/wp-json\/wp\/v2\/media\/1001"}],"wp:attachment":[{"href":"http:\/\/klubmamgdynia.pl\/index.php\/wp-json\/wp\/v2\/media?parent=1000"}],"wp:term":[{"taxonomy":"product_cat","embeddable":true,"href":"http:\/\/klubmamgdynia.pl\/index.php\/wp-json\/wp\/v2\/product_cat?post=1000"},{"taxonomy":"product_tag","embeddable":true,"href":"http:\/\/klubmamgdynia.pl\/index.php\/wp-json\/wp\/v2\/product_tag?post=1000"}],"curies":[{"name":"wp","href":"https:\/\/api.w.org\/{rel}","templated":true}]}}