{"id":10003,"date":"2014-01-27T12:59:50","date_gmt":"2014-01-27T11:59:50","guid":{"rendered":"http:\/\/klubmamgdynia.pl\/index.php\/produkt\/multiprint-spiderman-pieczatki-3szt\/"},"modified":"2026-04-28T12:29:53","modified_gmt":"2026-04-28T10:29:53","slug":"multiprint-spiderman-pieczatki-3szt","status":"publish","type":"product","link":"http:\/\/klubmamgdynia.pl\/index.php\/produkt\/multiprint-spiderman-pieczatki-3szt\/","title":{"rendered":"Multiprint Spiderman Piecz\u0105tki 3Szt"},"content":{"rendered":"<p>Piecz\u0105tki Spiderman. W sk\u0142ad zestawu wchodz\u0105: 3 drewniano-gumowe piecz\u0105tki, 1 poduszeczka do tuszu i 3 kolorowe kredki o\u0142\u00f3wkowe. NAZWA SPIDERMAN &#8211; PIECZ\u0104TKI 3SZT PRODUCENT MULTIPRINT WIEK 3+ EAN 8009233038172 Znajd\u017a podobne wed\u0142ug klucza: MULTIPRINT SPIDERMAN (477170)<\/p>\n<h2>Multiprint Spiderman Piecz\u0105tki 3Szt Multiprint<\/h2>\n<p>w uk\u0142adzie s\u0142onecznym tekst, impreza halloween 2021 dla dzieci, maski do wydruku, kolorowanki z bajek, kolorowanki na andrzejki do wydruku, dynie pozna\u0144, opowie\u015bci z narnii lew czarownica i stara szafa test do wydruku, wierszyki na smigus dyngus, podchwytliwe zagadki<\/p>\n<p>yyyyy<\/p>\n<p>&nbsp;<\/p>\n","protected":false},"excerpt":{"rendered":"<p>Piecz\u0105tki Spiderman. W sk\u0142ad zestawu wchodz\u0105: 3 drewniano-gumowe piecz\u0105tki, 1 poduszeczka do tuszu i 3 kolorowe kredki o\u0142\u00f3wkowe. NAZWA SPIDERMAN &#8211; PIECZ\u0104TKI 3SZT PRODUCENT MULTIPRINT WIEK 3+ EAN 8009233038172 Znajd\u017a podobne wed\u0142ug klucza: MULTIPRINT SPIDERMAN (477170) Multiprint Spiderman Piecz\u0105tki 3Szt Multiprint w uk\u0142adzie s\u0142onecznym tekst, impreza halloween 2021 dla dzieci, maski do wydruku, kolorowanki z [&hellip;]<\/p>\n","protected":false},"featured_media":10004,"comment_status":"closed","ping_status":"open","template":"","meta":[],"product_cat":[1879,962],"product_tag":[667,705,591,695,799],"class_list":["post-10003","product","type-product","status-publish","has-post-thumbnail","hentry","product_cat-multiprint","product_cat-szkolne-przybory-do-pisania","product_tag-kolorowanka-lol","product_tag-prezent-na-roczek-dla-chlopca","product_tag-quiz-o-minecraft","product_tag-rzadkie-imiona-zenskie","product_tag-zagadka-logiczna"],"_links":{"self":[{"href":"http:\/\/klubmamgdynia.pl\/index.php\/wp-json\/wp\/v2\/product\/10003","targetHints":{"allow":["GET"]}}],"collection":[{"href":"http:\/\/klubmamgdynia.pl\/index.php\/wp-json\/wp\/v2\/product"}],"about":[{"href":"http:\/\/klubmamgdynia.pl\/index.php\/wp-json\/wp\/v2\/types\/product"}],"replies":[{"embeddable":true,"href":"http:\/\/klubmamgdynia.pl\/index.php\/wp-json\/wp\/v2\/comments?post=10003"}],"wp:featuredmedia":[{"embeddable":true,"href":"http:\/\/klubmamgdynia.pl\/index.php\/wp-json\/wp\/v2\/media\/10004"}],"wp:attachment":[{"href":"http:\/\/klubmamgdynia.pl\/index.php\/wp-json\/wp\/v2\/media?parent=10003"}],"wp:term":[{"taxonomy":"product_cat","embeddable":true,"href":"http:\/\/klubmamgdynia.pl\/index.php\/wp-json\/wp\/v2\/product_cat?post=10003"},{"taxonomy":"product_tag","embeddable":true,"href":"http:\/\/klubmamgdynia.pl\/index.php\/wp-json\/wp\/v2\/product_tag?post=10003"}],"curies":[{"name":"wp","href":"https:\/\/api.w.org\/{rel}","templated":true}]}}