{"id":10005,"date":"2020-10-09T15:15:32","date_gmt":"2020-10-09T13:15:32","guid":{"rendered":"http:\/\/klubmamgdynia.pl\/index.php\/produkt\/aladine-stemple-silikonowe-rosliny\/"},"modified":"2026-04-23T03:51:00","modified_gmt":"2026-04-23T01:51:00","slug":"aladine-stemple-silikonowe-rosliny","status":"publish","type":"product","link":"http:\/\/klubmamgdynia.pl\/index.php\/produkt\/aladine-stemple-silikonowe-rosliny\/","title":{"rendered":"Aladine Stemple Silikonowe Ro\u015bliny"},"content":{"rendered":"<p>Gi\u0119tkie stempelki z silikonu na arkuszu 15&#215;12,5 cm. Wymagaj\u0105 r\u0105czki w postaci bloku akrylu lub szk\u0142a, do kt\u00f3rej przyczepiaj\u0105 si\u0119 na zasadzie przyssawki.<\/p>\n<h2>Aladine Stemple Silikonowe Ro\u015bliny Aladine<\/h2>\n<p>laurka dla babci, miriam imi\u0119, wzory zaprosze\u0144 zaproszenie na urodziny szablon do druku, zaproszenia do druku, zabawy ruchowe dla dzieci w wieku szkolnym, zagadki dla 4 latka, samochwa\u0142a<\/p>\n<p>yyyyy<\/p>\n<p>&nbsp;<\/p>\n","protected":false},"excerpt":{"rendered":"<p>Gi\u0119tkie stempelki z silikonu na arkuszu 15&#215;12,5 cm. Wymagaj\u0105 r\u0105czki w postaci bloku akrylu lub szk\u0142a, do kt\u00f3rej przyczepiaj\u0105 si\u0119 na zasadzie przyssawki. Aladine Stemple Silikonowe Ro\u015bliny Aladine laurka dla babci, miriam imi\u0119, wzory zaprosze\u0144 zaproszenie na urodziny szablon do druku, zaproszenia do druku, zabawy ruchowe dla dzieci w wieku szkolnym, zagadki dla 4 latka, [&hellip;]<\/p>\n","protected":false},"featured_media":10006,"comment_status":"closed","ping_status":"open","template":"","meta":[],"product_cat":[1880,1881],"product_tag":[772,803,757,592,698,715],"class_list":["post-10005","product","type-product","status-publish","has-post-thumbnail","hentry","product_cat-aladine","product_cat-scrapbooking","product_tag-45-panstw-europy-i-ich-stolice-quiz","product_tag-szlaczki-do-druku","product_tag-test-z-lektury-ania-z-zielonego-wzgorza-klasa-6-z-odpowiedziami","product_tag-zagadki-dla-dzieci","product_tag-zagadki-dla-przedszkolakow","product_tag-zosia-samosia"],"_links":{"self":[{"href":"http:\/\/klubmamgdynia.pl\/index.php\/wp-json\/wp\/v2\/product\/10005","targetHints":{"allow":["GET"]}}],"collection":[{"href":"http:\/\/klubmamgdynia.pl\/index.php\/wp-json\/wp\/v2\/product"}],"about":[{"href":"http:\/\/klubmamgdynia.pl\/index.php\/wp-json\/wp\/v2\/types\/product"}],"replies":[{"embeddable":true,"href":"http:\/\/klubmamgdynia.pl\/index.php\/wp-json\/wp\/v2\/comments?post=10005"}],"wp:featuredmedia":[{"embeddable":true,"href":"http:\/\/klubmamgdynia.pl\/index.php\/wp-json\/wp\/v2\/media\/10006"}],"wp:attachment":[{"href":"http:\/\/klubmamgdynia.pl\/index.php\/wp-json\/wp\/v2\/media?parent=10005"}],"wp:term":[{"taxonomy":"product_cat","embeddable":true,"href":"http:\/\/klubmamgdynia.pl\/index.php\/wp-json\/wp\/v2\/product_cat?post=10005"},{"taxonomy":"product_tag","embeddable":true,"href":"http:\/\/klubmamgdynia.pl\/index.php\/wp-json\/wp\/v2\/product_tag?post=10005"}],"curies":[{"name":"wp","href":"https:\/\/api.w.org\/{rel}","templated":true}]}}