{"id":10007,"date":"2024-03-01T02:13:03","date_gmt":"2024-03-01T01:13:03","guid":{"rendered":"http:\/\/klubmamgdynia.pl\/?post_type=product&#038;p=10007"},"modified":"2026-04-06T02:31:20","modified_gmt":"2026-04-06T00:31:20","slug":"szybkie-kolory-zestaw","status":"publish","type":"product","link":"http:\/\/klubmamgdynia.pl\/index.php\/produkt\/szybkie-kolory-zestaw\/","title":{"rendered":"Szybkie Kolory Zestaw"},"content":{"rendered":"<p>Pomaluj m\u00f3j \u015bwiat&#8230; na \u017c\u00f3\u0142to czy na niebiesko? W grze Szybkie kolory ka\u017cdy z graczy otrzymuje dwustronn\u0105 kart\u0119 z dwiema wersjami tego samego obrazka &#8211; kolorow\u0105 oraz czarno-bia\u0142\u0105. Zadaniem uczestnik\u00f3w jest zapami\u0119tanie uk\u0142adu kolor\u00f3w na grafice i odwzorowanie ich na drugiej stronie. Ka\u017cda osoba koloruje inny obrazek, ale wszyscy korzystamy z tego samego zestawu pisak\u00f3w, a tym samym musimy szybko podejmowa\u0107 decyzje i skutecznie walczy\u0107 o swoje. Co wi\u0119cej &#8211; wraz z kolejnymi turami nasadki pisak\u00f3w zmieniaj\u0105 si\u0119 i wskazuj\u0105 inny kolor ni\u017c w rzeczywisto\u015bci!Dlaczego pokochasz t\u0119 gr\u0119? Szybkie kolory to \u015bwietna propozycja dla m\u0142odszych i starszych, \u0142\u0105cz\u0105ca szybk\u0105 zabaw\u0119 z treningiem zapami\u0119tywania. Cho\u0107 podstawowe zadanie &#8211; zapami\u0119tanie uk\u0142adu kolor\u00f3w &#8211; mo\u017ce wydawa\u0107 si\u0119 proste, gdy do g\u0142osu dochodzi adrenalina, rywalizacja i wsp\u00f3lne rzucanie si\u0119 po ten sam pisak, o pomy\u0142k\u0119 nietrudno. Czasem b\u0119dziemy pewni swego, a po odkryciu kart oka\u017ce si\u0119, \u017ce drobny b\u0142\u0105d zawa\u017cy na naszej przegranej. Jedno jest pewne &#8211; czeka nas spora dawka \u015bmiechu!Chwy\u0107 mazak w d\u0142o\u0144 i dodaj \u015bwiatu kolor\u00f3w!Pude\u0142ko z gr\u0105 zawiera tak\u017ce opakowanie podr\u00f3\u017cne, do kt\u00f3rego mo\u017cna wsadzi\u0107 wszystkie elementy i zabra\u0107 ze sob\u0105 w baga\u017cu podr\u0119cznym.Nagrody i wyr\u00f3\u017cnienia Gra Szybkie kolory zosta\u0142a doceniona przez firm\u0119 Imagination Gaming, kt\u00f3rej celem jest odkrywanie nowych gier z ca\u0142ego \u015bwiata, kt\u00f3re anga\u017cuj\u0105 zar\u00f3wno dzieci, jak i ca\u0142\u0105 rodzin\u0119, pomagaj\u0105 rozwija\u0107 nowe umiej\u0119tno\u015bci kreatywne i spo\u0142eczne.W 2018 roku Imagination Gaming przyzna\u0142a grze Szybkie kolory dwie wyj\u0105tkowe nagrody:Cross-Curriculum Silver AwardFamily Silver AwardZawarto\u015b\u0107 pude\u0142ka: 55 kart rysunk\u00f3w 5 dwustronnych kart punktacji 6 mazak\u00f3w z g\u0105bkami sakiewka (pojemnik, w kt\u00f3rym trzyma si\u0119 gr\u0119 i plansza w jednymLiczba graczy: 2 &#8211; 5 os\u00f3bWiek: od 5 latCzas gry: ok. 15 &#8211; 20 minut<\/p>\n<h2>Szybkie Kolory Zestaw Rebel<\/h2>\n<p>sentencja dla dziecka, audiobooki dla dzieci za darmo, darmowe kolorowanki do druku, bajka psi patrol do czytania, dzieci.pl, wz\u00f3r drzewo genealogiczne szablon do wydruku, wroc\u0142aw dla dzieci, starodawne \u017cyczenia bo\u017conarodzeniowe, prezent na roczek, kolorowe kredki tekst, zaproszenia urodzinowe do druku, zagadki o lesie, przedszkole drugi dom, kolorowanki, film rodzinny o \u015bwi\u0119tach, test opowie\u015b\u0107 wigilijna, wiersze o wio\u015bnie jana brzechwy, kartki na dobranoc dla przyjaci\u00f3\u0142, halloween 2021 dla dzieci, sentencje ma\u0142y ksi\u0105\u017ce cytaty<\/p>\n<p>yyyyy<\/p>\n<p>&nbsp;<\/p>\n","protected":false},"excerpt":{"rendered":"<p>Pomaluj m\u00f3j \u015bwiat&#8230; na \u017c\u00f3\u0142to czy na niebiesko? W grze Szybkie kolory ka\u017cdy z graczy otrzymuje dwustronn\u0105 kart\u0119 z dwiema wersjami tego samego obrazka &#8211; kolorow\u0105 oraz czarno-bia\u0142\u0105. Zadaniem uczestnik\u00f3w jest zapami\u0119tanie uk\u0142adu kolor\u00f3w na grafice i odwzorowanie ich na drugiej stronie. Ka\u017cda osoba koloruje inny obrazek, ale wszyscy korzystamy z tego samego zestawu pisak\u00f3w, [&hellip;]<\/p>\n","protected":false},"featured_media":10008,"comment_status":"closed","ping_status":"open","template":"","meta":[],"product_cat":[219,21],"product_tag":[808,593,637,711,762],"class_list":["post-10007","product","type-product","status-publish","has-post-thumbnail","hentry","product_cat-rebel","product_cat-zabawki-plastyczne","product_tag-imie-mia","product_tag-jak-narysowac-konia","product_tag-niech-zyja-wakacje-tekst","product_tag-prezenty-dla-nastolatkow","product_tag-trudne-zagadki-dla-dzieci"],"_links":{"self":[{"href":"http:\/\/klubmamgdynia.pl\/index.php\/wp-json\/wp\/v2\/product\/10007","targetHints":{"allow":["GET"]}}],"collection":[{"href":"http:\/\/klubmamgdynia.pl\/index.php\/wp-json\/wp\/v2\/product"}],"about":[{"href":"http:\/\/klubmamgdynia.pl\/index.php\/wp-json\/wp\/v2\/types\/product"}],"replies":[{"embeddable":true,"href":"http:\/\/klubmamgdynia.pl\/index.php\/wp-json\/wp\/v2\/comments?post=10007"}],"wp:featuredmedia":[{"embeddable":true,"href":"http:\/\/klubmamgdynia.pl\/index.php\/wp-json\/wp\/v2\/media\/10008"}],"wp:attachment":[{"href":"http:\/\/klubmamgdynia.pl\/index.php\/wp-json\/wp\/v2\/media?parent=10007"}],"wp:term":[{"taxonomy":"product_cat","embeddable":true,"href":"http:\/\/klubmamgdynia.pl\/index.php\/wp-json\/wp\/v2\/product_cat?post=10007"},{"taxonomy":"product_tag","embeddable":true,"href":"http:\/\/klubmamgdynia.pl\/index.php\/wp-json\/wp\/v2\/product_tag?post=10007"}],"curies":[{"name":"wp","href":"https:\/\/api.w.org\/{rel}","templated":true}]}}