{"id":10009,"date":"2020-12-12T16:29:46","date_gmt":"2020-12-12T15:29:46","guid":{"rendered":"http:\/\/klubmamgdynia.pl\/index.php\/produkt\/epee-ultra-piasek-walizka-1-kg-piasku-podwodny-zamek-8-foremek-2-narzedzia\/"},"modified":"2026-05-17T22:30:17","modified_gmt":"2026-05-17T20:30:17","slug":"epee-ultra-piasek-walizka-1-kg-piasku-podwodny-zamek-8-foremek-2-narzedzia","status":"publish","type":"product","link":"http:\/\/klubmamgdynia.pl\/index.php\/produkt\/epee-ultra-piasek-walizka-1-kg-piasku-podwodny-zamek-8-foremek-2-narzedzia\/","title":{"rendered":"Epee Ultra Piasek Walizka 1 Kg Piasku Podwodny Zamek (8 Foremek + 2 Narz\u0119dzia)"},"content":{"rendered":"<p>Ultra Piasek &#8211; walizka &#8211; 1 kg piasku, ZAMEK (8 foremek 2 narz\u0119dzia) Nowo\u015b\u0107! Piasek i woda &#8211; podwodna przygoda! Teraz baw si\u0119 UltraPiaskiem w akwarium z wod\u0105! Zawarto\u015b\u0107 opakowania: Akwarium &#8211; plastikowy kuferek imituj\u0105cy akwarium do przechowywania zawarto\u015bci zestawu lub do zabawy z wod\u0105 8 foremek 1 kg piasku w 2 kolorach 2 narz\u0119dzia W asortymencie 2 zestawy: Morska Przygoda i Podwodny Zamek<\/p>\n<h2>Epee Ultra Piasek Walizka 1 Kg Piasku Podwodny Zamek (8 Foremek + 2 Narz\u0119dzia) Epee<\/h2>\n<p>bajki terapeutyczne o emocjach, \u015bmigus dyngus wiersz dla dzieci, lol surprise kolorowanka, iwo imie, karnawa\u0142 maska karnawa\u0142owa szablon, quizy hobbit, nadia imie, pokemon kolorowanki do druku, quiz dla dzieci<\/p>\n<p>yyyyy<\/p>\n<p>&nbsp;<\/p>\n","protected":false},"excerpt":{"rendered":"<p>Ultra Piasek &#8211; walizka &#8211; 1 kg piasku, ZAMEK (8 foremek 2 narz\u0119dzia) Nowo\u015b\u0107! Piasek i woda &#8211; podwodna przygoda! Teraz baw si\u0119 UltraPiaskiem w akwarium z wod\u0105! Zawarto\u015b\u0107 opakowania: Akwarium &#8211; plastikowy kuferek imituj\u0105cy akwarium do przechowywania zawarto\u015bci zestawu lub do zabawy z wod\u0105 8 foremek 1 kg piasku w 2 kolorach 2 narz\u0119dzia [&hellip;]<\/p>\n","protected":false},"featured_media":10010,"comment_status":"closed","ping_status":"open","template":"","meta":[],"product_cat":[49,21],"product_tag":[700,789,669,734,866,725],"class_list":["post-10009","product","type-product","status-publish","has-post-thumbnail","hentry","product_cat-epee","product_cat-zabawki-plastyczne","product_tag-bajki-do-czytania-dla-dzieci","product_tag-kaczuszka","product_tag-kolorowanki","product_tag-milan-imie","product_tag-opis-do-zdjecia-dziecka-na-fb","product_tag-zgadywanki"],"_links":{"self":[{"href":"http:\/\/klubmamgdynia.pl\/index.php\/wp-json\/wp\/v2\/product\/10009","targetHints":{"allow":["GET"]}}],"collection":[{"href":"http:\/\/klubmamgdynia.pl\/index.php\/wp-json\/wp\/v2\/product"}],"about":[{"href":"http:\/\/klubmamgdynia.pl\/index.php\/wp-json\/wp\/v2\/types\/product"}],"replies":[{"embeddable":true,"href":"http:\/\/klubmamgdynia.pl\/index.php\/wp-json\/wp\/v2\/comments?post=10009"}],"wp:featuredmedia":[{"embeddable":true,"href":"http:\/\/klubmamgdynia.pl\/index.php\/wp-json\/wp\/v2\/media\/10010"}],"wp:attachment":[{"href":"http:\/\/klubmamgdynia.pl\/index.php\/wp-json\/wp\/v2\/media?parent=10009"}],"wp:term":[{"taxonomy":"product_cat","embeddable":true,"href":"http:\/\/klubmamgdynia.pl\/index.php\/wp-json\/wp\/v2\/product_cat?post=10009"},{"taxonomy":"product_tag","embeddable":true,"href":"http:\/\/klubmamgdynia.pl\/index.php\/wp-json\/wp\/v2\/product_tag?post=10009"}],"curies":[{"name":"wp","href":"https:\/\/api.w.org\/{rel}","templated":true}]}}