{"id":10011,"date":"2025-03-30T01:42:51","date_gmt":"2025-03-30T00:42:51","guid":{"rendered":"http:\/\/klubmamgdynia.pl\/?post_type=product&#038;p=10011"},"modified":"2026-04-26T11:07:10","modified_gmt":"2026-04-26T09:07:10","slug":"djeco-09503-zestaw-artystyczny-malowanie-brokatem-owady","status":"publish","type":"product","link":"http:\/\/klubmamgdynia.pl\/index.php\/produkt\/djeco-09503-zestaw-artystyczny-malowanie-brokatem-owady\/","title":{"rendered":"Djeco 09503 Zestaw Artystyczny Malowanie Brokatem Owady"},"content":{"rendered":"<p>DJECO &#8211; Zestaw artystyczny &#8211; Malowanie brokatem &#8211; Owady Zestaw od marki DJECO kryje w sobie mn\u00f3stwo plastycznej zabawy dla ma\u0142ych artyst\u00f3w Komplet zawiera 4 tekturowe karty z owadami, 6 tubek brokatu, aplikator do odrywania naklejek i p\u0119dzelek. Tematem przewodnim zestawu s\u0105 pi\u0119kne lataj\u0105ce owady w otoczeniu kwiat\u00f3w i zieleni. W\u015br\u00f3d nich znajdziemy motyle, wa\u017cki, biedronki i pszczo\u0142y. Ka\u017cda tablica z naszkicowanym rysunkiem posiada elementy podklejone klejem i zabezpieczone ta\u015bm\u0105 przezroczyst\u0105. Dziecko odrywa fragment naklejki i wysypuje kolorowym brokatem. Wystarczy przystroi\u0107 wybrane elementy obrazka, aby l\u015bni\u0142y pi\u0119knym blaskiem! Utworzone dzie\u0142a sztuki mog\u0105 sta\u0107 si\u0119 p\u00f3\u017aniej oryginaln\u0105 ozdob\u0105 dzieci\u0119cego pokoju, kt\u00f3ra zachwyci koleg\u00f3w i rodzin\u0119. Ca\u0142o\u015b\u0107 zosta\u0142a zapakowana w pi\u0119kne tekturowe pude\u0142ko, otwierane jak ksi\u0105\u017cka i zamykane gumk\u0105 &#8211; idealny prezent dla ka\u017cdej dziewczynki! Zestaw rozwija zr\u0119czno\u015b\u0107 i zdolno\u015bci manualne, a tak\u017ce koncentracj\u0119 i zmys\u0142 estetyczny. W zestawie: &#8211; 4 tablice tekturowe z naszkicowanym rysunkiem, &#8211; 6 pojemnik\u00f3w z kolorowym brokatem (ciemnozielonym, jasnozielonym, jasnor\u00f3\u017cowym, ciemnor\u00f3\u017cowym, czerwonym i \u017c\u00f3\u0142tym), &#8211; rysik do odrywania naklejek, &#8211; p\u0119dzelek, &#8211; instrukcja obrazkowa. Producent: DJECO Seria: Zestaw plastyczny Numer katalogowy: 09503 Wiek dziecka: 7+ Wymiary opakowania: 16,5 cm x 23 cm x 4 cm Djeco to firma z d\u0142ugoletni\u0105 tradycj\u0105, za\u0142o\u017cona ju\u017c w 1954 roku. Od 1995 r. firma Djeco koncentruje si\u0119 na produkcji zabawek edukacyjnych dla dzieci w wieku od 1 do 8 lat. Djeco w swojej ofercie posiada ponad 700 produkt\u00f3w, kt\u00f3re s\u0105 eksportowane do ponad 40 kraj\u00f3w na ca\u0142ym \u015bwiecie oraz wystawiane w wielu presti\u017cowych muzeach. Zesp\u00f3\u0142 projektant\u00f3w oraz ilustrator\u00f3w Djeco pracuje w siedzibie firmy w Pary\u017cu, gdzie powstaj\u0105 projekty nowych zabawek zgodnych z filozofi\u0105 firmy, aby wzbudza\u0107 zainteresowanie dzieci i wzbogaca\u0107 ich wyobra\u017ani\u0119 i zdolno\u015bci poprzez zabaw\u0119. Zabawki Djeco charakteryzuj\u0105 si\u0119 \u017cyw\u0105 kolorystyk\u0105, oryginalnym wzornictwem, wysokimi warto\u015bciami edukacyjnymi i kreatywnymi. Wszystkie zabawki Djeco spe\u0142niaj\u0105 europejskie normy bezpiecze\u0144stwa.<\/p>\n<h2>Djeco 09503 Zestaw Artystyczny Malowanie Brokatem Owady Djeco<\/h2>\n<p>litera r do druku, ma\u0142y ksi\u0105\u017c\u0119 &#8211; test z odpowiedziami, mapa polski do wydrukowania za darmo, traktor z przyczep\u0105 kolorowanka do druku, jad\u0105 jad\u0105 misie tekst, imie nadia, znaczenie imienia alan, cytaty korczaka, oskar imi\u0119, kolorowanka minecraft, zosia samosia wiersz, imie lilianna, kawa\u0142y na prima aprilis dla rodzic\u00f3w, papuga kolorowanka, pu\u0142tusk atrakcje dla dzieci, prezent dla rocznej dziewczynki, quizy o minecraft, karty pracy polsko ukrai\u0144skie, quiz o samochodach<\/p>\n<p>yyyyy<\/p>\n<p>&nbsp;<\/p>\n","protected":false},"excerpt":{"rendered":"<p>DJECO &#8211; Zestaw artystyczny &#8211; Malowanie brokatem &#8211; Owady Zestaw od marki DJECO kryje w sobie mn\u00f3stwo plastycznej zabawy dla ma\u0142ych artyst\u00f3w Komplet zawiera 4 tekturowe karty z owadami, 6 tubek brokatu, aplikator do odrywania naklejek i p\u0119dzelek. Tematem przewodnim zestawu s\u0105 pi\u0119kne lataj\u0105ce owady w otoczeniu kwiat\u00f3w i zieleni. W\u015br\u00f3d nich znajdziemy motyle, wa\u017cki, [&hellip;]<\/p>\n","protected":false},"featured_media":10012,"comment_status":"closed","ping_status":"open","template":"","meta":[],"product_cat":[434,21],"product_tag":[829,854,602,710],"class_list":["post-10011","product","type-product","status-publish","has-post-thumbnail","hentry","product_cat-djeco","product_cat-zabawki-plastyczne","product_tag-bajki-do-czytania-na-dobranoc","product_tag-cytaty-rodzina","product_tag-quiz-o-zwierzetach-domowych","product_tag-zagadki-dla-dzieci-10-12-lat"],"_links":{"self":[{"href":"http:\/\/klubmamgdynia.pl\/index.php\/wp-json\/wp\/v2\/product\/10011","targetHints":{"allow":["GET"]}}],"collection":[{"href":"http:\/\/klubmamgdynia.pl\/index.php\/wp-json\/wp\/v2\/product"}],"about":[{"href":"http:\/\/klubmamgdynia.pl\/index.php\/wp-json\/wp\/v2\/types\/product"}],"replies":[{"embeddable":true,"href":"http:\/\/klubmamgdynia.pl\/index.php\/wp-json\/wp\/v2\/comments?post=10011"}],"wp:featuredmedia":[{"embeddable":true,"href":"http:\/\/klubmamgdynia.pl\/index.php\/wp-json\/wp\/v2\/media\/10012"}],"wp:attachment":[{"href":"http:\/\/klubmamgdynia.pl\/index.php\/wp-json\/wp\/v2\/media?parent=10011"}],"wp:term":[{"taxonomy":"product_cat","embeddable":true,"href":"http:\/\/klubmamgdynia.pl\/index.php\/wp-json\/wp\/v2\/product_cat?post=10011"},{"taxonomy":"product_tag","embeddable":true,"href":"http:\/\/klubmamgdynia.pl\/index.php\/wp-json\/wp\/v2\/product_tag?post=10011"}],"curies":[{"name":"wp","href":"https:\/\/api.w.org\/{rel}","templated":true}]}}