{"id":10013,"date":"2025-01-28T04:56:25","date_gmt":"2025-01-28T03:56:25","guid":{"rendered":"http:\/\/klubmamgdynia.pl\/?post_type=product&#038;p=10013"},"modified":"2026-04-24T05:23:27","modified_gmt":"2026-04-24T03:23:27","slug":"garmin-zegarek-do-biegania-gps-kardio-forerunner-45s-bialy","status":"publish","type":"product","link":"http:\/\/klubmamgdynia.pl\/index.php\/produkt\/garmin-zegarek-do-biegania-gps-kardio-forerunner-45s-bialy\/","title":{"rendered":"Garmin Zegarek Do Biegania Gps Kardio Forerunner 45S Bia\u0142y"},"content":{"rendered":"<p>Garmin Forerunner 45S<\/p>\n<p>Garmin Forerunner\u00ae 45S 010-02156-10\u00a0to inteligentny zegarek dla zawodowych biegaczy i dla tych, kt\u00f3rzy dopiero zaczynaj\u0105 swoj\u0105 przygod\u0119 z tym sportem. Smartwatch ten zosta\u0142 wyposa\u017cony w wiele praktycznych funkcji, a jego budowa zapewni wygod\u0119 u\u017cytkowania. Jego kopert\u0119 wykonano z najwy\u017cszej jako\u015bci tworzywa sztucznego, kt\u00f3re dzi\u0119ki niskiej wadze nie kr\u0119puje ruch\u00f3w podczas treningu. Zawieszono j\u0105 na bia\u0142ym silikonowym pasku. Model wyposa\u017cono we wbudowany odbiornik GPS oraz mo\u017cliwo\u015b\u0107 przesy\u0142ania danych do serwisu Garmin Connect. Wodoszczelno\u015b\u0107 to 5 ATM. Zabezpieczy model przed wi\u0119kszymi zachlapaniami. Produkt obj\u0119to 2-letni\u0105 gwarancj\u0105.                            <\/p>\n<p>Garmin ConnectAplikacja Garmin Connect s\u0142u\u017cy do \u015bledzenia, monitorowania i udost\u0119pniania danych zwi\u0105zanych z \u0107wiczeniami rejestrowanymi przez urz\u0105dzenie. To tak\u017ce szansa na do\u0142\u0105czenie do wyj\u0105tkowej spo\u0142eczno\u015bci.                            <\/p>\n<p>Monitorowanie wska\u017anik\u00f3w wydajno\u015bciMonitorowanie wska\u017anik\u00f3w wydajno\u015bci dostarcza konkretnych danych na temat Twojej codziennej aktywno\u015bci &#8211; liczby krok\u00f3w, spalonych kalorii itp.                            <\/p>\n<p>\u0141\u0105czno\u015b\u0107Model wyposa\u017cony jest w \u0142\u0105czno\u015b\u0107 bezprzewodow\u0105, dzi\u0119ki kt\u00f3rej \u0142atwo sparujesz urz\u0105dzenie z telefonem.                            <\/p>\n<p>Funkcje bezpiecze\u0144stwa i \u015bledzeniaFunkcje bezpiecze\u0144stwa i \u015bledzenia pomagaj\u0105 zapewni\u0107 bezpiecze\u0144stwo &#8211; kiedy poczujesz zagro\u017cenie lub zegarek wykryje wypadek, funkcje wzywania pomocy i wykrywania zdarze\u0144 prze\u015bl\u0105 Twoj\u0105 lokalizacj\u0119 do kontakt\u00f3w alarmowych.                            <\/p>\n<p>Wbudowany GPSWbudowany modu\u0142 GPS pozwala monitorowa\u0107 czas, tempo i dystans podczas \u0107wicze\u0144, dba tak\u017ce o bezpiecze\u0144stwo w razie wypadku dzi\u0119ki wysy\u0142aniu Twojej lokalizacji do kontakt\u00f3w alarmowych.                            <\/p>\n<p>Monitorowanie stanu zdrowiaUrz\u0105dzenie umo\u017cliwia monitorowanie og\u00f3lnego stanu zdrowia i samopoczucia, dokonuj\u0105c nadgarstkowego pomiaru t\u0119tna, pomiaru poziomu stresu czy monitoruj\u0105c sen.                            <\/p>\n<p>Powiadomienia z telefonuUrz\u0105dzenie pozwala na odbieranie powiadomie\u0144 (o e-mailach, SMS-ach i alertach z aplikacji) z telefonu z poziomu nadgarstka.                            <\/p>\n<p>StatystykiZegarek dostarczy Ci informacji o statystykach dotycz\u0105cych pu\u0142apu tlenowego, obci\u0105\u017cenia treningowego czy innych istotnych parametr\u00f3w.                            <\/p>\n<p>Pu\u0142ap tlenowyFunkcja pu\u0142apu tlenowego pozwala okre\u015bli\u0107 wydajno\u015b\u0107 sercowo-naczyniow\u0105. Jest przydatna zar\u00f3wno na szlakach podczas w\u0119dr\u00f3wek, jak i w codziennym \u017cyciu. Pomo\u017ce Ci zachowa\u0107 form\u0119 i zadba\u0107 o zdrowie.                            <\/p>\n<p>Wodoodporno\u015b\u0107Model cechuje si\u0119 odporno\u015bci\u0105 na wod\u0119 &#8211; niestraszne mu deszcz lub \u015bnieg, prysznic, p\u0142ywanie, skoki do wody czy nurkowanie z rurk\u0105.                            <\/p>\n<p>Garmin CoachFunkcja Garmin Coach umo\u017cliwia skorzystanie z porad trenera osobistego, wybranie celu wy\u015bcigu oraz tworzenie spersonalizowanego planu treningowego, kt\u00f3ry dostosowuje si\u0119 do tempa czynionych post\u0119p\u00f3w.                            <\/p>\n<p>Automatyczne zatrzymanieZegarek zatrzyma si\u0119 wraz z Tob\u0105, umo\u017cliwiaj\u0105c funkcj\u0119 automatycznego odpoczynku.                            <\/p>\n<p>Prognoza pogodyUzyskaj informacje o prognozie pogody dzi\u0119ki po\u0142\u0105czeniu zegarka z telefonem.                            <\/p>\n<p>Bezprzewodowa synchronizacjaBezprzewodowa synchronizacja umo\u017cliwia szybkie i wygodne przesy\u0142anie danych.                            <\/p>\n<p>D\u0142ugi czas pracy bateriiModel zosta\u0142 wyposa\u017cony w pojemn\u0105 bateri\u0119, kt\u00f3ra zapewnia mu d\u0142ugi czas dzia\u0142ania.                            <\/p>\n<p>Garmin Forerunner\u00ae 45S &#8211; z my\u015bl\u0105 o aktywnychGarmin Forerunner\u00ae 45S 010-02156-12 jest smartwatchem dla os\u00f3b, kt\u00f3re prowadz\u0105 aktywny tryb \u017cycia i lubi\u0105 biega\u0107. Ten wielofunkcyjny zegarek doskonale sprawdzi si\u0119 podczas biegania, jazdy rowerem, czy te\u017c \u0107wicze\u0144 na si\u0142owni. Do wykonania jego koperty u\u017cyto najwy\u017cszej jako\u015bci tworzywa sztucznego, kt\u00f3re dzi\u0119ki swojej niskiej wadze nie kr\u0119puje ruch\u00f3w. Wygod\u0119 noszenia zapewnia r\u00f3wnie\u017c silikonowy pasek. Wy\u015bwietlacz przed obt\u0142uczeniami i zarysowaniami chroni szkie\u0142ko Gorilla Glass. U\u017cytkownik za spraw\u0105 tego zegarka b\u0119dzie m\u00f3g\u0142 kontrolowa\u0107 swoje sportowe osi\u0105gni\u0119cia, a tak\u017ce monitorowa\u0107 sw\u00f3j stan zdrowia.\u00a0                            <\/p>\n<p>Najwy\u017csza jako\u015b\u0107 wykonaniaNa wygl\u0105d zegarka Garmin Forerunner\u00ae 010-02156-10\u00a0sk\u0142adaj\u0105 si\u0119:Koperta wykonana z tworzywa sztucznego wzmocnionego w\u0142\u00f3knem szklanym, kt\u00f3re jest niezwykle lekkie i nie kr\u0119puje ruch\u00f3w podczas treningu.Bia\u0142y pasek wykonany z silikonu.Transreflektywny, czytelny w s\u0142o\u0144cu wy\u015bwietlacz Memory-In-Pixel.Szkie\u0142ko Gorilla Glass wzmacniane chemicznie &#8211; skutecznie chroni\u0105cym przed obt\u0142uczeniami i zarysowaniami.                            <\/p>\n<p>Trenuj z Garmin Forerunner\u00ae 45SZegarek Garmin Forerunner\u00ae 45S 010-02156-10 posiada liczne funkcje treningowe takie jak:Funkcja \u015bledzenia aktywno\u015bci &#8211; pasek ruchu, licznik krok\u00f3w, cel automatyczny, monitorowanie snu, spalone kalorie, przebyty dystans, minuty intensywnej aktywno\u015bci, wiek sprawno\u015bciowy.Funkcja TrueUp oraz Move IQ.Monitor energii Body Battery.Dost\u0119pne profile aktywno\u015bci na si\u0142owni &#8211; Trening wydolno\u015bciowy i trening na maszynie eliptycznej, schody i jog\u0119 mo\u017cna doda\u0107 z poziomu aplikacjiFunkcje zwi\u0105zane z t\u0119tnem &#8211; strefy t\u0119tna, alerty t\u0119tna, kalorie na podstawie t\u0119tna, przesy\u0142anie sygna\u0142\u00f3w t\u0119tnaFunkcje biegowe &#8211; dost\u0119pne profile biegu, pomiar GPS odleg\u0142o\u015bci, czasu i t\u0119tna, rytm, treningi biegowe, obs\u0142uga czujnika pr\u0119dko\u015bci i rytmuFunkcje rowerowe &#8211; dost\u0119pne profile jazdy rowerem, alert czasu\/dystansu                            <\/p>\n<p>Szeroka funkcjonalno\u015b\u0107Zegarek Garmin Forerunner\u00ae 45S 010-02156-10\u00a0posiada wiele funkcji:Synchronizacja czasu przez GPS.Automatyczny czas letni.Budzik, minutnik oraz stoper.Nadgarstkowy pomiar t\u0119tna.Kalendarz, pulsoksymetr.Czujniki &#8211; GPS, GLONASS Galileo, Akcelerometr.Sterowanie muzyk\u0105.Funkcja znajd\u017a m\u00f3j telefon.\u0141\u0105czno\u015b\u0107 z Bluetooth\u00ae, ANT+\u00ae.Zgodno\u015b\u0107 ze smartfonami iPhone\u00ae i Android\u2122.Zgodno\u015b\u0107 z Garmin Connect\u2122 Mobile.<\/p>\n<h2>Garmin Zegarek Do Biegania Gps Kardio Forerunner 45S Bia\u0142y Garmin<\/h2>\n<p>opowie\u015b\u0107 wigilijna test z odpowiedziami, zagadki typu co to jest, psi patrol rysunek, babcia z dziadkiem to jest to tekst, zimowe zabawy dla dzieci, test z lektury magiczne drzewo czerwone krzes\u0142o, gad\u017cety dla m\u0142odzie\u017cy 2020, kr\u00f3tkie czytanki dla dzieci do wydruku, czapka g\u00f3rnika kolorowanka, szymon znaczenie imiona<\/p>\n<p>yyyyy<\/p>\n<p>&nbsp;<\/p>\n","protected":false},"excerpt":{"rendered":"<p>Garmin Forerunner 45S Garmin Forerunner\u00ae 45S 010-02156-10\u00a0to inteligentny zegarek dla zawodowych biegaczy i dla tych, kt\u00f3rzy dopiero zaczynaj\u0105 swoj\u0105 przygod\u0119 z tym sportem. Smartwatch ten zosta\u0142 wyposa\u017cony w wiele praktycznych funkcji, a jego budowa zapewni wygod\u0119 u\u017cytkowania. Jego kopert\u0119 wykonano z najwy\u017cszej jako\u015bci tworzywa sztucznego, kt\u00f3re dzi\u0119ki niskiej wadze nie kr\u0119puje ruch\u00f3w podczas treningu. Zawieszono [&hellip;]<\/p>\n","protected":false},"featured_media":10014,"comment_status":"closed","ping_status":"open","template":"","meta":[],"product_cat":[1882,1883],"product_tag":[643,782,649],"class_list":["post-10013","product","type-product","status-publish","has-post-thumbnail","hentry","product_cat-garmin","product_cat-monitory-pracy-serca-pulsometry","product_tag-prezent-dla-17-latki","product_tag-zagadki-dla-dzieci-z-odpowiedziami","product_tag-zagadki-dla-nastolatkow"],"_links":{"self":[{"href":"http:\/\/klubmamgdynia.pl\/index.php\/wp-json\/wp\/v2\/product\/10013","targetHints":{"allow":["GET"]}}],"collection":[{"href":"http:\/\/klubmamgdynia.pl\/index.php\/wp-json\/wp\/v2\/product"}],"about":[{"href":"http:\/\/klubmamgdynia.pl\/index.php\/wp-json\/wp\/v2\/types\/product"}],"replies":[{"embeddable":true,"href":"http:\/\/klubmamgdynia.pl\/index.php\/wp-json\/wp\/v2\/comments?post=10013"}],"wp:featuredmedia":[{"embeddable":true,"href":"http:\/\/klubmamgdynia.pl\/index.php\/wp-json\/wp\/v2\/media\/10014"}],"wp:attachment":[{"href":"http:\/\/klubmamgdynia.pl\/index.php\/wp-json\/wp\/v2\/media?parent=10013"}],"wp:term":[{"taxonomy":"product_cat","embeddable":true,"href":"http:\/\/klubmamgdynia.pl\/index.php\/wp-json\/wp\/v2\/product_cat?post=10013"},{"taxonomy":"product_tag","embeddable":true,"href":"http:\/\/klubmamgdynia.pl\/index.php\/wp-json\/wp\/v2\/product_tag?post=10013"}],"curies":[{"name":"wp","href":"https:\/\/api.w.org\/{rel}","templated":true}]}}