{"id":10015,"date":"2024-06-05T10:57:41","date_gmt":"2024-06-05T08:57:41","guid":{"rendered":"http:\/\/klubmamgdynia.pl\/?post_type=product&#038;p=10015"},"modified":"2026-05-17T22:47:02","modified_gmt":"2026-05-17T20:47:02","slug":"the-orb-factory-witraze-zwierzaki","status":"publish","type":"product","link":"http:\/\/klubmamgdynia.pl\/index.php\/produkt\/the-orb-factory-witraze-zwierzaki\/","title":{"rendered":"The Orb Factory Witra\u017ce zwierzaki"},"content":{"rendered":"<p>Zestaw kreatwyny w kt\u00f3rym dziecko koloruje obrazek kolorowymi kryszta\u0142kamiWystarczy zdj\u0105\u0107 wierzchni\u0105 warstw\u0119 z przezroczystego wzoru,aby ods\u0142oni\u0107 powierzchnie z klejem , do kt\u00f3rej zostan\u0105 przyklejone kolorowe ozdobyZestaw zawiera:5 wzor\u00f3w5 przezroczystych p\u0142yrk do u\u0142o\u017cenia wzoru600 r\u00f3\u017cnokolorowych kryszta\u0142k\u00f3wWalory edukacyjne : rozw\u00f3j kreatywnego my\u015blenia,wyobra\u017ani,koordynacji oko-r\u0119ka,ma\u0142ej motoryki d\u0142oni,nauk\u0119 odwzorowywania,koncentarcji.Wiek dziecka : 5+<\/p>\n<h2>The Orb Factory Witra\u017ce zwierzaki The Orb Factory<\/h2>\n<p>gry edukacyjne dla dzieci online za darmo, plecak torba i walizka, imi\u0119 r\u00f3\u017ca, atrakcje dla dzieci wroc\u0142aw i okolice, wiersz o marzannie, atrakcje dla dzieci wroc\u0142aw<\/p>\n<p>yyyyy<\/p>\n<p>&nbsp;<\/p>\n","protected":false},"excerpt":{"rendered":"<p>Zestaw kreatwyny w kt\u00f3rym dziecko koloruje obrazek kolorowymi kryszta\u0142kamiWystarczy zdj\u0105\u0107 wierzchni\u0105 warstw\u0119 z przezroczystego wzoru,aby ods\u0142oni\u0107 powierzchnie z klejem , do kt\u00f3rej zostan\u0105 przyklejone kolorowe ozdobyZestaw zawiera:5 wzor\u00f3w5 przezroczystych p\u0142yrk do u\u0142o\u017cenia wzoru600 r\u00f3\u017cnokolorowych kryszta\u0142k\u00f3wWalory edukacyjne : rozw\u00f3j kreatywnego my\u015blenia,wyobra\u017ani,koordynacji oko-r\u0119ka,ma\u0142ej motoryki d\u0142oni,nauk\u0119 odwzorowywania,koncentarcji.Wiek dziecka : 5+ The Orb Factory Witra\u017ce zwierzaki The Orb Factory [&hellip;]<\/p>\n","protected":false},"featured_media":10016,"comment_status":"closed","ping_status":"open","template":"","meta":[],"product_cat":[1884,21],"product_tag":[765,665,587,741,857],"class_list":["post-10015","product","type-product","status-publish","has-post-thumbnail","hentry","product_cat-the-orb-factory","product_cat-zabawki-plastyczne","product_tag-atrakcje-dla-dzieci-warszawa","product_tag-proste-zagadki","product_tag-skalne-miasto","product_tag-wlochy","product_tag-zagadki-dla-dzieci-7-8-lat"],"_links":{"self":[{"href":"http:\/\/klubmamgdynia.pl\/index.php\/wp-json\/wp\/v2\/product\/10015","targetHints":{"allow":["GET"]}}],"collection":[{"href":"http:\/\/klubmamgdynia.pl\/index.php\/wp-json\/wp\/v2\/product"}],"about":[{"href":"http:\/\/klubmamgdynia.pl\/index.php\/wp-json\/wp\/v2\/types\/product"}],"replies":[{"embeddable":true,"href":"http:\/\/klubmamgdynia.pl\/index.php\/wp-json\/wp\/v2\/comments?post=10015"}],"wp:featuredmedia":[{"embeddable":true,"href":"http:\/\/klubmamgdynia.pl\/index.php\/wp-json\/wp\/v2\/media\/10016"}],"wp:attachment":[{"href":"http:\/\/klubmamgdynia.pl\/index.php\/wp-json\/wp\/v2\/media?parent=10015"}],"wp:term":[{"taxonomy":"product_cat","embeddable":true,"href":"http:\/\/klubmamgdynia.pl\/index.php\/wp-json\/wp\/v2\/product_cat?post=10015"},{"taxonomy":"product_tag","embeddable":true,"href":"http:\/\/klubmamgdynia.pl\/index.php\/wp-json\/wp\/v2\/product_tag?post=10015"}],"curies":[{"name":"wp","href":"https:\/\/api.w.org\/{rel}","templated":true}]}}