{"id":10017,"date":"2018-10-30T19:28:51","date_gmt":"2018-10-30T18:28:51","guid":{"rendered":"http:\/\/klubmamgdynia.pl\/index.php\/produkt\/russell-mini-mozaika-dinozaur-4m\/"},"modified":"2026-04-17T08:57:30","modified_gmt":"2026-04-17T06:57:30","slug":"russell-mini-mozaika-dinozaur-4m","status":"publish","type":"product","link":"http:\/\/klubmamgdynia.pl\/index.php\/produkt\/russell-mini-mozaika-dinozaur-4m\/","title":{"rendered":"Russell Mini Mozaika Dinozaur 4M"},"content":{"rendered":"<p>4M MozaikaStw\u00f3rz wyj\u0105tkow\u0105 mozaik\u0119 bez u\u017cycia kleju i ta\u015bmy samoprzylepnej!Czy to w og\u00f3le mo\u017cliwe? Z zestawem od 4M jak najbardziej!Wraz z podstaw\u0105 do stworzenia mozaiki otrzymujesz od nas szablony z kwadracikami, kt\u00f3rymi w \u0142atwy spos\u00f3b wype\u0142nisz obrazek, przedstawiaj\u0105cy dinozaura.Kwadraciki pokryte s\u0105 specjaln\u0105 substancj\u0105, kt\u00f3ra sprawia, \u017ce \u0142atwo przyklejaj\u0105 si\u0119 do mozaiki.Nie przejmuj si\u0119, je\u017celi niezbyt dok\u0142adnie umie\u015bcisz kwadraciki na obrazku! Z \u0142atwo\u015bci\u0105 oderwiesz je od podstawy i przykleisz jeszcze raz, w odpowiednie miejsce!Ten zestaw to doskona\u0142a propozycja dla tych, kt\u00f3rzy dopiero zaczynaj\u0105 przygod\u0119 ze sztuk\u0105.Krok po kroku nauczysz si\u0119 wykonywa\u0107 mozaik\u0119 i z \u0142atwo\u015bci\u0105 osi\u0105gniesz wyj\u0105tkowy efekt!Zawarto\u015b\u0107:7 arkuszy z kolorowymi kwadracikamidwa szablony2 podstawki.Zabawka dla dzieci powy\u017cej 3 lat.Nazwa: 4M, Dinozaur, mini mozaikaProducent: 4MMarka: 4MPrzedzia\u0142 wiekowy: 3-4 lata, 5-7 latWiek: 3+P\u0142e\u0107: ch\u0142opiec \/ dziewczynkaWaga w opak [g]: 60Indeks: 13962838Nr katalogowy: 63287202629ZA<\/p>\n<h2>Russell Mini Mozaika Dinozaur 4M Orb Factory<\/h2>\n<p>opisy do zdj dziecka, kolorowanki do druku dla doros\u0142ych, kolorowanki do druku pieski, test z dzieci z bullerbyn, miko\u0142ajek test z lektury, sk\u0142adniki do pizzy kolorowanka, zagadki typu co to jest, nela imi\u0119, zagadki o przyborach szkolnych, zagadki wielkanocne dla doros\u0142ych, wy\u015bcig but\u00f3w, najrzadsze imiona w polsce<\/p>\n<p>yyyyy<\/p>\n<p>&nbsp;<\/p>\n","protected":false},"excerpt":{"rendered":"<p>4M MozaikaStw\u00f3rz wyj\u0105tkow\u0105 mozaik\u0119 bez u\u017cycia kleju i ta\u015bmy samoprzylepnej!Czy to w og\u00f3le mo\u017cliwe? Z zestawem od 4M jak najbardziej!Wraz z podstaw\u0105 do stworzenia mozaiki otrzymujesz od nas szablony z kwadracikami, kt\u00f3rymi w \u0142atwy spos\u00f3b wype\u0142nisz obrazek, przedstawiaj\u0105cy dinozaura.Kwadraciki pokryte s\u0105 specjaln\u0105 substancj\u0105, kt\u00f3ra sprawia, \u017ce \u0142atwo przyklejaj\u0105 si\u0119 do mozaiki.Nie przejmuj si\u0119, je\u017celi niezbyt [&hellip;]<\/p>\n","protected":false},"featured_media":10018,"comment_status":"closed","ping_status":"open","template":"","meta":[],"product_cat":[1878,21],"product_tag":[657,638,599,783,868,860],"class_list":["post-10017","product","type-product","status-publish","has-post-thumbnail","hentry","product_cat-orb-factory","product_cat-zabawki-plastyczne","product_tag-lol-kolorowanka","product_tag-miastodzieci","product_tag-prezent-dla-nastolatkow-2021","product_tag-prezenty-na-roczek-dla-chlopca","product_tag-quizy-dla-dzieci","product_tag-zagadki-logiczne-dla-doroslych"],"_links":{"self":[{"href":"http:\/\/klubmamgdynia.pl\/index.php\/wp-json\/wp\/v2\/product\/10017","targetHints":{"allow":["GET"]}}],"collection":[{"href":"http:\/\/klubmamgdynia.pl\/index.php\/wp-json\/wp\/v2\/product"}],"about":[{"href":"http:\/\/klubmamgdynia.pl\/index.php\/wp-json\/wp\/v2\/types\/product"}],"replies":[{"embeddable":true,"href":"http:\/\/klubmamgdynia.pl\/index.php\/wp-json\/wp\/v2\/comments?post=10017"}],"wp:featuredmedia":[{"embeddable":true,"href":"http:\/\/klubmamgdynia.pl\/index.php\/wp-json\/wp\/v2\/media\/10018"}],"wp:attachment":[{"href":"http:\/\/klubmamgdynia.pl\/index.php\/wp-json\/wp\/v2\/media?parent=10017"}],"wp:term":[{"taxonomy":"product_cat","embeddable":true,"href":"http:\/\/klubmamgdynia.pl\/index.php\/wp-json\/wp\/v2\/product_cat?post=10017"},{"taxonomy":"product_tag","embeddable":true,"href":"http:\/\/klubmamgdynia.pl\/index.php\/wp-json\/wp\/v2\/product_tag?post=10017"}],"curies":[{"name":"wp","href":"https:\/\/api.w.org\/{rel}","templated":true}]}}