{"id":1002,"date":"2023-05-09T00:42:17","date_gmt":"2023-05-08T22:42:17","guid":{"rendered":"http:\/\/klubmamgdynia.pl\/?post_type=product&#038;p=1002"},"modified":"2026-04-24T10:38:14","modified_gmt":"2026-04-24T08:38:14","slug":"silverlit-single-shot-blaster-thunder-spinner-86300","status":"publish","type":"product","link":"http:\/\/klubmamgdynia.pl\/index.php\/produkt\/silverlit-single-shot-blaster-thunder-spinner-86300\/","title":{"rendered":"Silverlit Single Shot Blaster Thunder spinner 86300"},"content":{"rendered":"<p>Silverlit Single Shot Blaster Thunder spinner 86300Dla mi\u0142o\u015bnik\u00f3w rywalizacji i niezw&#8230;<\/p>\n<h2>Silverlit Single Shot Blaster Thunder spinner 86300 Silverlit<\/h2>\n<p>film o \u015bwi\u0119tach dla dzieci, mia i ja kolorowanka, quiz z bajek, jak narysowa\u0107 pikachu, \u017carty prima aprilis, inteligentne zagadki, bajka o kreciku, \u017carty na prima aprilis w domu, zabawka na roczek dla dziewczynki, gad\u017cety dla nastolatk\u00f3w 2021, cytat mama, prezenty dla nastolatka<\/p>\n<p>yyyyy<\/p>\n<p>&nbsp;<\/p>\n","protected":false},"excerpt":{"rendered":"<p>Silverlit Single Shot Blaster Thunder spinner 86300Dla mi\u0142o\u015bnik\u00f3w rywalizacji i niezw&#8230; Silverlit Single Shot Blaster Thunder spinner 86300 Silverlit film o \u015bwi\u0119tach dla dzieci, mia i ja kolorowanka, quiz z bajek, jak narysowa\u0107 pikachu, \u017carty prima aprilis, inteligentne zagadki, bajka o kreciku, \u017carty na prima aprilis w domu, zabawka na roczek dla dziewczynki, gad\u017cety dla [&hellip;]<\/p>\n","protected":false},"featured_media":1003,"comment_status":"closed","ping_status":"open","template":"","meta":[],"product_cat":[146,120],"product_tag":[775,639,659,588],"class_list":["post-1002","product","type-product","status-publish","has-post-thumbnail","hentry","product_cat-silverlit","product_cat-zabawki-i-gry-sportowe","product_tag-kolorowanki-do-druku-pokemon","product_tag-nela-imie","product_tag-tupu-tup-po-sniegu-tekst","product_tag-wzruszajace-slowa-dla-przyjaciela"],"_links":{"self":[{"href":"http:\/\/klubmamgdynia.pl\/index.php\/wp-json\/wp\/v2\/product\/1002","targetHints":{"allow":["GET"]}}],"collection":[{"href":"http:\/\/klubmamgdynia.pl\/index.php\/wp-json\/wp\/v2\/product"}],"about":[{"href":"http:\/\/klubmamgdynia.pl\/index.php\/wp-json\/wp\/v2\/types\/product"}],"replies":[{"embeddable":true,"href":"http:\/\/klubmamgdynia.pl\/index.php\/wp-json\/wp\/v2\/comments?post=1002"}],"wp:featuredmedia":[{"embeddable":true,"href":"http:\/\/klubmamgdynia.pl\/index.php\/wp-json\/wp\/v2\/media\/1003"}],"wp:attachment":[{"href":"http:\/\/klubmamgdynia.pl\/index.php\/wp-json\/wp\/v2\/media?parent=1002"}],"wp:term":[{"taxonomy":"product_cat","embeddable":true,"href":"http:\/\/klubmamgdynia.pl\/index.php\/wp-json\/wp\/v2\/product_cat?post=1002"},{"taxonomy":"product_tag","embeddable":true,"href":"http:\/\/klubmamgdynia.pl\/index.php\/wp-json\/wp\/v2\/product_tag?post=1002"}],"curies":[{"name":"wp","href":"https:\/\/api.w.org\/{rel}","templated":true}]}}