{"id":10021,"date":"2017-09-12T20:15:03","date_gmt":"2017-09-12T18:15:03","guid":{"rendered":"http:\/\/klubmamgdynia.pl\/index.php\/produkt\/lean-motor-na-akumulator-pb378-czerwony\/"},"modified":"2026-04-30T19:35:31","modified_gmt":"2026-04-30T17:35:31","slug":"lean-motor-na-akumulator-pb378-czerwony","status":"publish","type":"product","link":"http:\/\/klubmamgdynia.pl\/index.php\/produkt\/lean-motor-na-akumulator-pb378-czerwony\/","title":{"rendered":"Lean Motor na akumulator PB378 Czerwony"},"content":{"rendered":"<p>Motor na akumulator PB378 CzerwonyDOST\u0118PNE KOLORYCZERWONYCZARNYPojazd na akumulatorModelMotor PB378KolorCzerwonyDane TechniczneSilnik2x35WAkumulator2x6V4,5AhSkrzynia Bieg\u00f3wBieg do przodu i do ty\u0142uWymiary Pojazdu113cm x 54cm x 75cmPr\u0119dko\u015b\u01073,5 km\/hMasa W\u0142asna10,5 kgMax. Obci\u0105\u017cenie25kgCzas \u0141adowania8 godzinCzas Dzia\u0142aniado 1 godzinyHamulecAutomatyczny po zwolnieniu peda\u0142u gazuWyposa\u017cenieKluczyki\u2715FotelePlastikoweKo\u0142aPlastikowe z gumow\u0105 opask\u0105Zdalne Sterowanie\u2715\u015awiat\u0142aPrzednie i Tylne LEDAudioPanel muzyczny z MP3<\/p>\n<h2>Lean Motor na akumulator PB378 Czerwony Lean<\/h2>\n<p>roczek dziewczynki, zagadki dla dzieci 10-12 lat trudne, laurka dla mamy rysunek, super zings kolorowanki, pierwsze urodziny prezent na roczek dla dziewczynki<\/p>\n<p>yyyyy<\/p>\n<p>&nbsp;<\/p>\n","protected":false},"excerpt":{"rendered":"<p>Motor na akumulator PB378 CzerwonyDOST\u0118PNE KOLORYCZERWONYCZARNYPojazd na akumulatorModelMotor PB378KolorCzerwonyDane TechniczneSilnik2x35WAkumulator2x6V4,5AhSkrzynia Bieg\u00f3wBieg do przodu i do ty\u0142uWymiary Pojazdu113cm x 54cm x 75cmPr\u0119dko\u015b\u01073,5 km\/hMasa W\u0142asna10,5 kgMax. Obci\u0105\u017cenie25kgCzas \u0141adowania8 godzinCzas Dzia\u0142aniado 1 godzinyHamulecAutomatyczny po zwolnieniu peda\u0142u gazuWyposa\u017cenieKluczyki\u2715FotelePlastikoweKo\u0142aPlastikowe z gumow\u0105 opask\u0105Zdalne Sterowanie\u2715\u015awiat\u0142aPrzednie i Tylne LEDAudioPanel muzyczny z MP3 Lean Motor na akumulator PB378 Czerwony Lean roczek dziewczynki, zagadki dla [&hellip;]<\/p>\n","protected":false},"featured_media":10022,"comment_status":"closed","ping_status":"open","template":"","meta":[],"product_cat":[1067,946],"product_tag":[740,596,809],"class_list":["post-10021","product","type-product","status-publish","has-post-thumbnail","hentry","product_cat-lean","product_cat-motorki-i-skutery","product_tag-fajne-prezenty-dla-nastolatkow","product_tag-pomysly-na-prima-aprilis","product_tag-zagadki"],"_links":{"self":[{"href":"http:\/\/klubmamgdynia.pl\/index.php\/wp-json\/wp\/v2\/product\/10021","targetHints":{"allow":["GET"]}}],"collection":[{"href":"http:\/\/klubmamgdynia.pl\/index.php\/wp-json\/wp\/v2\/product"}],"about":[{"href":"http:\/\/klubmamgdynia.pl\/index.php\/wp-json\/wp\/v2\/types\/product"}],"replies":[{"embeddable":true,"href":"http:\/\/klubmamgdynia.pl\/index.php\/wp-json\/wp\/v2\/comments?post=10021"}],"wp:featuredmedia":[{"embeddable":true,"href":"http:\/\/klubmamgdynia.pl\/index.php\/wp-json\/wp\/v2\/media\/10022"}],"wp:attachment":[{"href":"http:\/\/klubmamgdynia.pl\/index.php\/wp-json\/wp\/v2\/media?parent=10021"}],"wp:term":[{"taxonomy":"product_cat","embeddable":true,"href":"http:\/\/klubmamgdynia.pl\/index.php\/wp-json\/wp\/v2\/product_cat?post=10021"},{"taxonomy":"product_tag","embeddable":true,"href":"http:\/\/klubmamgdynia.pl\/index.php\/wp-json\/wp\/v2\/product_tag?post=10021"}],"curies":[{"name":"wp","href":"https:\/\/api.w.org\/{rel}","templated":true}]}}