{"id":10023,"date":"2025-03-13T22:55:30","date_gmt":"2025-03-13T21:55:30","guid":{"rendered":"http:\/\/klubmamgdynia.pl\/?post_type=product&#038;p=10023"},"modified":"2026-04-06T02:13:01","modified_gmt":"2026-04-06T00:13:01","slug":"petit-collage-ubieranki-magnetyczne-weterynarz","status":"publish","type":"product","link":"http:\/\/klubmamgdynia.pl\/index.php\/produkt\/petit-collage-ubieranki-magnetyczne-weterynarz\/","title":{"rendered":"Petit Collage Ubieranki Magnetyczne Weterynarz"},"content":{"rendered":"<p>Petit Collage Ubieranki Magnetyczne WeterynarzNumer kat.: PTC631Kotki, pieski, kr\u00f3liki, ptaszki. Wszystkie potrzebuj\u0105 pomocy! A nasza pani weterynarz potrzebuje odpowiedniego stroju do pracy. Zainspiruj swojego ma\u0142ego mi\u0142o\u015bnika zwierz\u0105t, aby zosta\u0142 weterynarzem dzi\u0119ki temu zestawowi ubieranek magnetycznych od Petit Collage.Ubieranka zawiera 2 sceny i a\u017c 29 element\u00f3w magnetycznych, z kt\u00f3rych mo\u017cna tworzy\u0107 przer\u00f3\u017cne ciekawe kombinacje fantastycznych obrazk\u00f3w. Zamkni\u0119te s\u0105 w wygodnym, przeno\u015bnym opakowaniu, kt\u00f3re zabierzesz ze sob\u0105 gdziekolwiek chcesz! To godzin pomys\u0142owej zabawy pobudzaj\u0105cej wyobra\u017ani\u0119 i rozwijaj\u0105cej umiej\u0119tno\u015bci motorycznych dziecka. Doskona\u0142y pomys\u0142 na m\u0105dry prezent dla dziecka.Wiek: od 3 latZestaw zawiera:- eleganckie metalowe pude\u0142ko- 29 magnetycznych element\u00f3wCechy:- 29 magnetycznych element\u00f3w, kt\u00f3re mo\u017cna dowolnie \u0142\u0105czy\u0107- t\u0142a wewn\u0105trz puszki tworz\u0105 wyj\u0105tkow\u0105 sceneri\u0119, kt\u00f3ra s\u0142u\u017cy jako element zabawy- rozwija umiej\u0119tno\u015bci motoryczne i wyobra\u017ani\u0119 dziecka- wygodne pude\u0142ko odpowiednie do recyklingu- spe\u0142nia i przewy\u017csza wszelkie normy jako\u015bci i bezpiecze\u0144stwaWymiary pude\u0142ka:- szeroko\u015b\u0107 8,9 cm- wysoko\u015b\u0107 20,3 cm- g\u0142\u0119boko\u015b\u0107 3,2 cmPetit Collage to dzie\u0142o Loreny Siminovich, kt\u00f3ra wymy\u015bli\u0142a lini\u0119 w 2006 roku z jej charakterystycznymi, r\u0119cznie robionymi kola\u017cami na drewnie. To, co zacz\u0119\u0142o si\u0119 od prostych kola\u017cy z czasem zmieni\u0142o si\u0119 \u017cyw\u0105 kolekcj\u0105 uwielbian\u0105 na ca\u0142ym \u015bwiecie. Prace Loreny zosta\u0142y zaprezentowane przez Marth\u0119 Stewart Show, The New York Times, San Francisco Chronicle, Dwell Magazine i popularne blogi, takie jak Oh Joy, Decor8, Design * Sponge i Design Mom. Lorena Pochodzi z Buenos Aires. Mieszka w San Francisco z m\u0119\u017cem i c\u00f3rk\u0105 w domu na wzg\u00f3rzu wype\u0142nionym sztuk\u0105. Wraz ze swoj\u0105 wymarzon\u0105 sze\u015bcioosobow\u0105 dru\u017cyn\u0105 pracuje, by tworzy\u0107 pi\u0119kne i niepowtarzalne zabawki, kt\u00f3re wype\u0142ni\u0105 kolorami i radosn\u0105 zabaw\u0105 dzieci\u0144stwo dzieci na ca\u0142ym \u015bwiecie.Petit Collage \u0142\u0105czy ze sob\u0105 nowoczesn\u0105 estetyk\u0119 z kryteriami zr\u00f3wnowa\u017conego rozwoju. Tworzy przemy\u015blane produkty, kt\u00f3re inspiruj\u0105 ma\u0142e dzieci i wspomagaj\u0105 rozw\u00f3j poprzez zabaw\u0119. To pi\u0119knie zaprojektowane w kalifornijskim studio, przyjemne dla oka i wygodne w u\u017cyciu zabawki, gry i akcesoria, kt\u00f3re kochaj\u0105 zar\u00f3wno dzieci, jak i ich rodzice. Pierwszym produktem Petit Collage by\u0142 r\u0119cznie robiony kola\u017c z materia\u0142\u00f3w pochodz\u0105cych z recyklingu. Produkt ten nie tylko sta\u0142 si\u0119 inspiracj\u0105 dla nazwy firmy, ale tak\u017ce etosem zr\u00f3wnowa\u017conego rozwoju. Dziesi\u0119\u0107 lat p\u00f3\u017aniej Petit Collage nadal starannie wybiera wykorzystywane materia\u0142y, od tektury z recyklingu po certyfikowane drewno FSC i atramenty na bazie ro\u015blin oraz wody. Marka unika stosowania plastiku. Produkty zosta\u0142y zaprojektowane z my\u015bl\u0105 o zdrowiu naszych dzieci i planety. Sprzedawane s\u0105 na ca\u0142ym \u015bwiecie, w renomowanych sklepach, w tym Anthropologie, Barnes &amp; Noble, Whole Foods i tysi\u0105cach niezale\u017cnych sklep\u00f3w dzieci\u0119cych.<\/p>\n<h2>Petit Collage Ubieranki Magnetyczne Weterynarz Petit Collage<\/h2>\n<p>irma, kolorowanka kotka, ilona, dyplom do druku, posz\u0142a ola na spacerek, bruno, milosz imie, prezent na roczek dla chrze\u015bniaka, zagadki dla dzieci o zwierz\u0119tach, karty pracy dla dzieci z ukrainy, prezent dla trzynastolatki, karty matematyczne tabliczka mno\u017cenia do wydruku<\/p>\n<p>yyyyy<\/p>\n<p>&nbsp;<\/p>\n","protected":false},"excerpt":{"rendered":"<p>Petit Collage Ubieranki Magnetyczne WeterynarzNumer kat.: PTC631Kotki, pieski, kr\u00f3liki, ptaszki. Wszystkie potrzebuj\u0105 pomocy! A nasza pani weterynarz potrzebuje odpowiedniego stroju do pracy. Zainspiruj swojego ma\u0142ego mi\u0142o\u015bnika zwierz\u0105t, aby zosta\u0142 weterynarzem dzi\u0119ki temu zestawowi ubieranek magnetycznych od Petit Collage.Ubieranka zawiera 2 sceny i a\u017c 29 element\u00f3w magnetycznych, z kt\u00f3rych mo\u017cna tworzy\u0107 przer\u00f3\u017cne ciekawe kombinacje fantastycznych obrazk\u00f3w. [&hellip;]<\/p>\n","protected":false},"featured_media":10024,"comment_status":"closed","ping_status":"open","template":"","meta":[],"product_cat":[1886,21],"product_tag":[680,697,589,868,799],"class_list":["post-10023","product","type-product","status-publish","has-post-thumbnail","hentry","product_cat-petit-collage","product_cat-zabawki-plastyczne","product_tag-cytaty-z-malego-ksiecia","product_tag-krotkie-bajki-do-czytania","product_tag-prezent-dla-rocznego-dziecka","product_tag-quizy-dla-dzieci","product_tag-zagadka-logiczna"],"_links":{"self":[{"href":"http:\/\/klubmamgdynia.pl\/index.php\/wp-json\/wp\/v2\/product\/10023","targetHints":{"allow":["GET"]}}],"collection":[{"href":"http:\/\/klubmamgdynia.pl\/index.php\/wp-json\/wp\/v2\/product"}],"about":[{"href":"http:\/\/klubmamgdynia.pl\/index.php\/wp-json\/wp\/v2\/types\/product"}],"replies":[{"embeddable":true,"href":"http:\/\/klubmamgdynia.pl\/index.php\/wp-json\/wp\/v2\/comments?post=10023"}],"wp:featuredmedia":[{"embeddable":true,"href":"http:\/\/klubmamgdynia.pl\/index.php\/wp-json\/wp\/v2\/media\/10024"}],"wp:attachment":[{"href":"http:\/\/klubmamgdynia.pl\/index.php\/wp-json\/wp\/v2\/media?parent=10023"}],"wp:term":[{"taxonomy":"product_cat","embeddable":true,"href":"http:\/\/klubmamgdynia.pl\/index.php\/wp-json\/wp\/v2\/product_cat?post=10023"},{"taxonomy":"product_tag","embeddable":true,"href":"http:\/\/klubmamgdynia.pl\/index.php\/wp-json\/wp\/v2\/product_tag?post=10023"}],"curies":[{"name":"wp","href":"https:\/\/api.w.org\/{rel}","templated":true}]}}