{"id":10025,"date":"2024-01-06T13:55:19","date_gmt":"2024-01-06T12:55:19","guid":{"rendered":"http:\/\/klubmamgdynia.pl\/?post_type=product&#038;p=10025"},"modified":"2026-04-29T18:12:26","modified_gmt":"2026-04-29T16:12:26","slug":"toyz-rowerek-trojkolowy-loco-niebieski","status":"publish","type":"product","link":"http:\/\/klubmamgdynia.pl\/index.php\/produkt\/toyz-rowerek-trojkolowy-loco-niebieski\/","title":{"rendered":"Toyz Rowerek Tr\u00f3jko\u0142owy Loco Niebieski"},"content":{"rendered":"<p>Rowerek tr\u00f3jko\u0142owy Loco od Toyz uprzyjemni maluchom czas sp\u0119dzony na spacerze, a tak\u017ce pomo\u017ce w nabieraniu lepszej koordynacji ruchowej. Loco cechuje solidna metalowa rama i piankowe ko\u0142a, kt\u00f3rych nie spos\u00f3b przebi\u0107. Wyposa\u017cony jest w 2 pojemne koszyki, kt\u00f3re umo\u017cliwiaj\u0105 przewo\u017cenie zabawek lub innych przydatnych na spacerze akcesori\u00f3w.Kolor: Niebieski (Blue) Co zyskujesz kupuj\u0105c rowerek tr\u00f3jko\u0142owy dla Twojego dziecka?\u015bwietn\u0105 zabaw\u0119 dla dziecka w wieku od 3 do 5 latsolidn\u0105 metalow\u0105 konstrukcj\u0119piankowe ko\u0142a, niemo\u017cliwe do przebiciadwa koszyki na zabawki i dzwonekregulowana odleg\u0142o\u015b\u0107 siedziska od kierownicy w zakresie: 11-13 cmgwarancj\u0119 bezpiecze\u0144stwa \u2013 rowerek posiada certyfikat CE oraz zgodno\u015b\u0107 z norm\u0105 EN71jasn\u0105 instrukcj\u0119 i intuicyjny monta\u017c Dane techniczneWAGA Z OPAKOWANIEM (KG): 6,8PRZEDZIA\u0141 WIEKOWY: 3-5 latP\u0141E\u0106: UNISEXWYMIARY OPAKOWANIA &#8211; D\u0141UGO\u015a\u0106 W CM: 60WYMIARY OPAKOWANIA &#8211; SZEROKO\u015a\u0106 W CM 38WYMIARY OPAKOWANIA &#8211; WYSOKO\u015a\u0106 W CM 27<\/p>\n<h2>Toyz Rowerek Tr\u00f3jko\u0142owy Loco Niebieski Toyz<\/h2>\n<p>atrakcje dla dzieci pozna\u0144 2021, wierszyki o marzannie, planety uk\u0142ad s\u0142oneczny dla dzieci do druku, minionki kolorowanka, przygody tomka sawyera test, podchwytliwe zagadki z odpowiedziami<\/p>\n<p>yyyyy<\/p>\n<p>&nbsp;<\/p>\n","protected":false},"excerpt":{"rendered":"<p>Rowerek tr\u00f3jko\u0142owy Loco od Toyz uprzyjemni maluchom czas sp\u0119dzony na spacerze, a tak\u017ce pomo\u017ce w nabieraniu lepszej koordynacji ruchowej. Loco cechuje solidna metalowa rama i piankowe ko\u0142a, kt\u00f3rych nie spos\u00f3b przebi\u0107. Wyposa\u017cony jest w 2 pojemne koszyki, kt\u00f3re umo\u017cliwiaj\u0105 przewo\u017cenie zabawek lub innych przydatnych na spacerze akcesori\u00f3w.Kolor: Niebieski (Blue) Co zyskujesz kupuj\u0105c rowerek tr\u00f3jko\u0142owy dla [&hellip;]<\/p>\n","protected":false},"featured_media":10026,"comment_status":"closed","ping_status":"open","template":"","meta":[],"product_cat":[464,457],"product_tag":[827,776,753,856],"class_list":["post-10025","product","type-product","status-publish","has-post-thumbnail","hentry","product_cat-rowerki-trojkolowe","product_cat-toyz","product_tag-bajki-dla-niemowlat","product_tag-dobrej-nocy","product_tag-kamila","product_tag-prezent-dla-16-latki"],"_links":{"self":[{"href":"http:\/\/klubmamgdynia.pl\/index.php\/wp-json\/wp\/v2\/product\/10025","targetHints":{"allow":["GET"]}}],"collection":[{"href":"http:\/\/klubmamgdynia.pl\/index.php\/wp-json\/wp\/v2\/product"}],"about":[{"href":"http:\/\/klubmamgdynia.pl\/index.php\/wp-json\/wp\/v2\/types\/product"}],"replies":[{"embeddable":true,"href":"http:\/\/klubmamgdynia.pl\/index.php\/wp-json\/wp\/v2\/comments?post=10025"}],"wp:featuredmedia":[{"embeddable":true,"href":"http:\/\/klubmamgdynia.pl\/index.php\/wp-json\/wp\/v2\/media\/10026"}],"wp:attachment":[{"href":"http:\/\/klubmamgdynia.pl\/index.php\/wp-json\/wp\/v2\/media?parent=10025"}],"wp:term":[{"taxonomy":"product_cat","embeddable":true,"href":"http:\/\/klubmamgdynia.pl\/index.php\/wp-json\/wp\/v2\/product_cat?post=10025"},{"taxonomy":"product_tag","embeddable":true,"href":"http:\/\/klubmamgdynia.pl\/index.php\/wp-json\/wp\/v2\/product_tag?post=10025"}],"curies":[{"name":"wp","href":"https:\/\/api.w.org\/{rel}","templated":true}]}}