{"id":10027,"date":"2017-04-30T09:07:24","date_gmt":"2017-04-30T07:07:24","guid":{"rendered":"http:\/\/klubmamgdynia.pl\/index.php\/produkt\/tuban-klej-fioletowy-pva-500ml\/"},"modified":"2026-04-04T00:53:29","modified_gmt":"2026-04-03T22:53:29","slug":"tuban-klej-fioletowy-pva-500ml","status":"publish","type":"product","link":"http:\/\/klubmamgdynia.pl\/index.php\/produkt\/tuban-klej-fioletowy-pva-500ml\/","title":{"rendered":"Tuban Klej Fioletowy Pva 500Ml"},"content":{"rendered":"<p>TUBAN KLEJ PVA SUPER SLIME 0 5 litra Marka: TUBAN Pojemno\u015b\u0107: 500ml Kolor: nbsp;FIOLETOWY I dealny dla dzieci od 3 roku \u017cycia Wyprodukowany w Polsce Klej jest bezpieczny i przebadany Kolejna nowo\u015b\u0107 od marki TUBAN to seria 6 nowych kolor\u00f3w klej\u00f3w TUBAN do tektury oraz tworzenia slime a Dzieciaki oszala\u0142y na punkcie SLIME Teraz i ty mo\u017cesz stworzy\u0107 w\u0142asnego i niepowtarzalnego gluta z pomoc\u0105 produkt\u00f3w polskiej marki TUBAN Do stworzenia unikatowego slime wystarczy tylko kilka sk\u0142adnik\u00f3w i odrobina kreatywno\u015bci Niezb\u0119dnym do zrobienia SLIME sk\u0142adnikiem jest klej PVA nadaje si\u0119 mi\u0119dzy innymi do papieru Klej mo\u017cna nanosi\u0107 bezpo\u015brednio z wygodnego korka Klej jest \u0142atwy w dozowaniu butelka zosta\u0142a wyposa\u017cona w korek niekapek Do stworzonego przez siebie SLIME mo\u017cesz doda\u0107 brokat nada\u0107 ciekawe barwy lub zmieni\u0107 zapach aromatem Dodatki sprzedawane oddzielnie Klej PVA Tuban dzia\u0142a z aktywatorem marki Tuban Aby zrobi\u0107 slime a na ka\u017cde 100 ml kleju PVA potrzebujesz ok 50 ml aktywatora W ofercie naszego sklepu znajdziesz gotowe SLIME a tak\u017ce wszystkie niezb\u0119dne materia\u0142y i akcesoria do robienia w\u0142asnych SLIM\u00d3W klej aktywator barwniki brokaty aromaty oraz styropianowe kulki w wielu kolorach<\/p>\n<h2>Tuban Klej Fioletowy Pva 500Ml Tuban<\/h2>\n<p>kolorowanki do druku zwierz\u0119ta, quiz konie, miriam imie, ja\u015bmina imi\u0119, przyja\u017a\u0144 cytaty, warszawa dla dzieci, lucjan imi\u0119, janusz<\/p>\n<p>yyyyy<\/p>\n<p>&nbsp;<\/p>\n","protected":false},"excerpt":{"rendered":"<p>TUBAN KLEJ PVA SUPER SLIME 0 5 litra Marka: TUBAN Pojemno\u015b\u0107: 500ml Kolor: nbsp;FIOLETOWY I dealny dla dzieci od 3 roku \u017cycia Wyprodukowany w Polsce Klej jest bezpieczny i przebadany Kolejna nowo\u015b\u0107 od marki TUBAN to seria 6 nowych kolor\u00f3w klej\u00f3w TUBAN do tektury oraz tworzenia slime a Dzieciaki oszala\u0142y na punkcie SLIME Teraz i [&hellip;]<\/p>\n","protected":false},"featured_media":10028,"comment_status":"closed","ping_status":"open","template":"","meta":[],"product_cat":[297,558],"product_tag":[828,585,762],"class_list":["post-10027","product","type-product","status-publish","has-post-thumbnail","hentry","product_cat-szkolne-artykuly-plastyczne","product_cat-tuban","product_tag-filmy-wigilijne-dla-dzieci","product_tag-kolorowanki-dla-chlopcow","product_tag-trudne-zagadki-dla-dzieci"],"_links":{"self":[{"href":"http:\/\/klubmamgdynia.pl\/index.php\/wp-json\/wp\/v2\/product\/10027","targetHints":{"allow":["GET"]}}],"collection":[{"href":"http:\/\/klubmamgdynia.pl\/index.php\/wp-json\/wp\/v2\/product"}],"about":[{"href":"http:\/\/klubmamgdynia.pl\/index.php\/wp-json\/wp\/v2\/types\/product"}],"replies":[{"embeddable":true,"href":"http:\/\/klubmamgdynia.pl\/index.php\/wp-json\/wp\/v2\/comments?post=10027"}],"wp:featuredmedia":[{"embeddable":true,"href":"http:\/\/klubmamgdynia.pl\/index.php\/wp-json\/wp\/v2\/media\/10028"}],"wp:attachment":[{"href":"http:\/\/klubmamgdynia.pl\/index.php\/wp-json\/wp\/v2\/media?parent=10027"}],"wp:term":[{"taxonomy":"product_cat","embeddable":true,"href":"http:\/\/klubmamgdynia.pl\/index.php\/wp-json\/wp\/v2\/product_cat?post=10027"},{"taxonomy":"product_tag","embeddable":true,"href":"http:\/\/klubmamgdynia.pl\/index.php\/wp-json\/wp\/v2\/product_tag?post=10027"}],"curies":[{"name":"wp","href":"https:\/\/api.w.org\/{rel}","templated":true}]}}