{"id":10029,"date":"2020-08-26T08:56:13","date_gmt":"2020-08-26T06:56:13","guid":{"rendered":"http:\/\/klubmamgdynia.pl\/index.php\/produkt\/toyz-rowerek-3-kolowy-derby-blue\/"},"modified":"2026-04-30T03:00:24","modified_gmt":"2026-04-30T01:00:24","slug":"toyz-rowerek-3-kolowy-derby-blue","status":"publish","type":"product","link":"http:\/\/klubmamgdynia.pl\/index.php\/produkt\/toyz-rowerek-3-kolowy-derby-blue\/","title":{"rendered":"Toyz Rowerek 3-Ko\u0142owy Derby Blue"},"content":{"rendered":"<p>Najlepszym sposobem na nauk\u0119 jazdy s\u0105 dla najm\u0142odszych rowerki tr\u00f3jko\u0142owe. Pozwalaj\u0105 na \u0107wiczenia bez l\u0119ku przed przewr\u00f3ceniem si\u0119. S\u0105 rozwi\u0105zaniem najbardziej stabilnym i bezpiecznym, a przy tym umo\u017cliwiaj\u0105cym nauk\u0119 peda\u0142owania i sterowania ca\u0142ym pojazdem. Modele tego typu pozwalaj\u0105 przyzwyczai\u0107 si\u0119 do nap\u0119dzania pojazdu swoj\u0105 si\u0142\u0105. Wzmacniaj\u0105 dzi\u0119ki temu mi\u0119\u015bnie maluch\u00f3w. Zapewniaj\u0105 \u015bwietn\u0105 zabaw\u0119 na co dzie\u0144, w ogrodzie, na chodniku czy w parku. Frajda jest tym wi\u0119ksza, \u017ce nie trzeba skupia\u0107 si\u0119 na zachowaniu r\u00f3wnowagi.Oferujemy kilka opcji rowerk\u00f3w tr\u00f3jko\u0142owych dla dzieci, o prostej budowie, jak i rozbudowane: z dodatkowym daszkiem, dr\u0105\u017ckiem do prowadzenia pojazdu przez rodzica i torb\u0105 na zabawki. Modele s\u0105 wyposa\u017cone w wygodne siedziska, kt\u00f3re zwi\u0119kszaj\u0105 stabilno\u015b\u0107 dziecka i jego wygod\u0119 nawet przy d\u0142u\u017cszym spacerze.Pojazdy posiadaj\u0105 atrakcyjny design, s\u0105 dost\u0119pne w kilku wersjach kolorystycznych. Ich konstrukcja jest bardzo solidna, wykonana z najlepszych materia\u0142\u00f3w. Budowa jest dostosowana do mo\u017cliwo\u015bci i wieku u\u017cytkownik\u00f3w.Derby polecamy rodzicom szukaj\u0105cym wielofunkcyjnego rowerka tr\u00f3jko\u0142owego dla dziecka. Ten oryginalny tr\u00f3jko\u0142owiec pomaga zdoby\u0107 pierwsze do\u015bwiadczenia zwi\u0105zane z jazd\u0105 na rowerze i stanowi interesuj\u0105c\u0105 alternatyw\u0119 dla w\u00f3zka spacerowego.Cechy produktu:wielofunkcyjno\u015b\u0107 &#8211; rowerek wyposa\u017cony jest w r\u0105czk\u0119, kt\u00f3ra umo\u017cliwia rodzicom wygodne pchanie i sterowanie rowerkiemmodu\u0142owo\u015b\u0107 &#8211; w miar\u0119 rozwoju umiej\u0119tno\u015bci dziecka, mo\u017cliwy jest demonta\u017c poszczeg\u00f3lnych element\u00f3w, takich jak r\u0105czki do sterowania, pa\u0142\u0105ka, oparcialiczne, praktyczne usprawnienia podnosz\u0105ce komfort korzystania z rowerka, m.in. daszek chroni\u0105cy przed s\u0142o\u0144cem i pojemny kosz na drobiazgiprzyjemno\u015b\u0107 z jazdy\/prowadzenia rowerka nawet na nier\u00f3wnej nawierzchni, dzi\u0119ki ko\u0142om z gumowymi oponami, wype\u0142nionymi specjaln\u0105 piank\u0105wiele lat wspania\u0142ej zabawy za spraw\u0105 wysokiej jako\u015bci materia\u0142\u00f3w i wykonaniagwarancja bezpiecze\u0144stwa &#8211; rowerek posiada wszystkie niezb\u0119dne europejskie certyfikatyjasna instrukcja i \u0142atwy monta\u017cDane techniczne:produkt przeznaczony dla dzieci w wieku od 3 do 5 latwymiary produktu (d\u0142\/szer\/wys): 86\/49\/104 cmwymiary opakowania (d\u0142\/szer\/wys): 57\/27\/41 cmwaga produktu: 10,8 kgmaksymalne obci\u0105\u017cenie: do 25 kg\u015brednica k\u00f3\u0142 przednich: 24 cm\u015brednica k\u00f3\u0142 tylnych: 22 cmproducent: Toyzhttps:\/\/youtu.be\/V4EQvj0XH4o<\/p>\n<h2>Toyz Rowerek 3-Ko\u0142owy Derby Blue Toyz<\/h2>\n<p>lato lato lato czeka, prezenty na roczek dla dziewczynki, zagadki dla dzieci 14 lat, liwia, opisy o rodzinie, ozdoby \u015bwi\u0105teczne z rolek po papierze toaletowym, \u017carty na prima aprilis na rodzic\u00f3w, rysunki do druku, filmy familijne walta disneya, \u017cyczenia na lany poniedzia\u0142ek wielkanocny, posz\u0142a ola na spacerek, molo w brze\u017anie<\/p>\n<p>yyyyy<\/p>\n<p>&nbsp;<\/p>\n","protected":false},"excerpt":{"rendered":"<p>Najlepszym sposobem na nauk\u0119 jazdy s\u0105 dla najm\u0142odszych rowerki tr\u00f3jko\u0142owe. Pozwalaj\u0105 na \u0107wiczenia bez l\u0119ku przed przewr\u00f3ceniem si\u0119. S\u0105 rozwi\u0105zaniem najbardziej stabilnym i bezpiecznym, a przy tym umo\u017cliwiaj\u0105cym nauk\u0119 peda\u0142owania i sterowania ca\u0142ym pojazdem. Modele tego typu pozwalaj\u0105 przyzwyczai\u0107 si\u0119 do nap\u0119dzania pojazdu swoj\u0105 si\u0142\u0105. Wzmacniaj\u0105 dzi\u0119ki temu mi\u0119\u015bnie maluch\u00f3w. Zapewniaj\u0105 \u015bwietn\u0105 zabaw\u0119 na co [&hellip;]<\/p>\n","protected":false},"featured_media":10030,"comment_status":"closed","ping_status":"open","template":"","meta":[],"product_cat":[464,457],"product_tag":[603,768,609,672,701],"class_list":["post-10029","product","type-product","status-publish","has-post-thumbnail","hentry","product_cat-rowerki-trojkolowe","product_cat-toyz","product_tag-bajki-do-czytania","product_tag-krotkie-zagadki-logiczne","product_tag-quiz-flagi-europy","product_tag-trudne-zagadki-z-odpowiedziami","product_tag-zgadywanki-dla-dzieci"],"_links":{"self":[{"href":"http:\/\/klubmamgdynia.pl\/index.php\/wp-json\/wp\/v2\/product\/10029","targetHints":{"allow":["GET"]}}],"collection":[{"href":"http:\/\/klubmamgdynia.pl\/index.php\/wp-json\/wp\/v2\/product"}],"about":[{"href":"http:\/\/klubmamgdynia.pl\/index.php\/wp-json\/wp\/v2\/types\/product"}],"replies":[{"embeddable":true,"href":"http:\/\/klubmamgdynia.pl\/index.php\/wp-json\/wp\/v2\/comments?post=10029"}],"wp:featuredmedia":[{"embeddable":true,"href":"http:\/\/klubmamgdynia.pl\/index.php\/wp-json\/wp\/v2\/media\/10030"}],"wp:attachment":[{"href":"http:\/\/klubmamgdynia.pl\/index.php\/wp-json\/wp\/v2\/media?parent=10029"}],"wp:term":[{"taxonomy":"product_cat","embeddable":true,"href":"http:\/\/klubmamgdynia.pl\/index.php\/wp-json\/wp\/v2\/product_cat?post=10029"},{"taxonomy":"product_tag","embeddable":true,"href":"http:\/\/klubmamgdynia.pl\/index.php\/wp-json\/wp\/v2\/product_tag?post=10029"}],"curies":[{"name":"wp","href":"https:\/\/api.w.org\/{rel}","templated":true}]}}