{"id":10037,"date":"2013-02-04T11:56:47","date_gmt":"2013-02-04T10:56:47","guid":{"rendered":"http:\/\/klubmamgdynia.pl\/index.php\/produkt\/aladine-stempel-silikonowy-lamy-i-kaktusy\/"},"modified":"2026-04-22T11:46:36","modified_gmt":"2026-04-22T09:46:36","slug":"aladine-stempel-silikonowy-lamy-i-kaktusy","status":"publish","type":"product","link":"http:\/\/klubmamgdynia.pl\/index.php\/produkt\/aladine-stempel-silikonowy-lamy-i-kaktusy\/","title":{"rendered":"Aladine Stempel Silikonowy Lamy I Kaktusy"},"content":{"rendered":"<p>Gi\u0119tki stempel z przezroczystego silikonu.Stempel wymaga r\u0105czki w postaci bloku akrylu lub szk\u0142a, do kt\u00f3rej przyczepia si\u0119 na zasadzie przyssawki. S\u0142u\u017cy do ozdabiania kartek okoliczno\u015bciowych, album\u00f3w, wszelkich ozd\u00f3b z kartonu, pami\u0119tnik\u00f3w (r\u00f3wnie\u017c technik\u0105 embossingu), drewna i dowolnej innej powierzchni (trzeba dobra\u0107 do niej odpowiednie preparaty). Tusz lub farb\u0119 nale\u017cy dokupi\u0107 osobno.Nieodpowiednie dla dzieci w wieku poni\u017cej 36 miesi\u0119cy.Wymiary stempla 7,7&#215;6,2 cm. Made in China.<\/p>\n<h2>Aladine Stempel Silikonowy Lamy I Kaktusy Aladine<\/h2>\n<p>wz\u00f3r dyplomu do pobrania, test asiunia joanna papuzi\u0144ska, dyplomy do wydrukowania a4, warszawa atrakcje dla m\u0142odzie\u017cy, test z lektury ten obcy, \u015bwinka peppa kolorowanka do druku, prezenty dla nastolatk\u00f3w 2021, co kupic dziewczynce na roczek, bajki do czytania psi patrol, flagi \u015bwiata quiz, cytaty z ma\u0142ego ksi\u0119cia, nowe quizy do rozwi\u0105zania, zagadki logiczne matematyczne dla dzieci<\/p>\n<p>yyyyy<\/p>\n<p>&nbsp;<\/p>\n","protected":false},"excerpt":{"rendered":"<p>Gi\u0119tki stempel z przezroczystego silikonu.Stempel wymaga r\u0105czki w postaci bloku akrylu lub szk\u0142a, do kt\u00f3rej przyczepia si\u0119 na zasadzie przyssawki. S\u0142u\u017cy do ozdabiania kartek okoliczno\u015bciowych, album\u00f3w, wszelkich ozd\u00f3b z kartonu, pami\u0119tnik\u00f3w (r\u00f3wnie\u017c technik\u0105 embossingu), drewna i dowolnej innej powierzchni (trzeba dobra\u0107 do niej odpowiednie preparaty). Tusz lub farb\u0119 nale\u017cy dokupi\u0107 osobno.Nieodpowiednie dla dzieci w wieku [&hellip;]<\/p>\n","protected":false},"featured_media":10038,"comment_status":"closed","ping_status":"open","template":"","meta":[],"product_cat":[1880,1881],"product_tag":[603,671,768,815,742],"class_list":["post-10037","product","type-product","status-publish","has-post-thumbnail","hentry","product_cat-aladine","product_cat-scrapbooking","product_tag-bajki-do-czytania","product_tag-cicha-noc-po-angielsku-tekst","product_tag-krotkie-zagadki-logiczne","product_tag-ozdoby-choinkowe-dla-dzieci","product_tag-piosenki-dla-dzieci-tekst"],"_links":{"self":[{"href":"http:\/\/klubmamgdynia.pl\/index.php\/wp-json\/wp\/v2\/product\/10037","targetHints":{"allow":["GET"]}}],"collection":[{"href":"http:\/\/klubmamgdynia.pl\/index.php\/wp-json\/wp\/v2\/product"}],"about":[{"href":"http:\/\/klubmamgdynia.pl\/index.php\/wp-json\/wp\/v2\/types\/product"}],"replies":[{"embeddable":true,"href":"http:\/\/klubmamgdynia.pl\/index.php\/wp-json\/wp\/v2\/comments?post=10037"}],"wp:featuredmedia":[{"embeddable":true,"href":"http:\/\/klubmamgdynia.pl\/index.php\/wp-json\/wp\/v2\/media\/10038"}],"wp:attachment":[{"href":"http:\/\/klubmamgdynia.pl\/index.php\/wp-json\/wp\/v2\/media?parent=10037"}],"wp:term":[{"taxonomy":"product_cat","embeddable":true,"href":"http:\/\/klubmamgdynia.pl\/index.php\/wp-json\/wp\/v2\/product_cat?post=10037"},{"taxonomy":"product_tag","embeddable":true,"href":"http:\/\/klubmamgdynia.pl\/index.php\/wp-json\/wp\/v2\/product_tag?post=10037"}],"curies":[{"name":"wp","href":"https:\/\/api.w.org\/{rel}","templated":true}]}}