{"id":1004,"date":"2020-11-19T13:38:25","date_gmt":"2020-11-19T12:38:25","guid":{"rendered":"http:\/\/klubmamgdynia.pl\/index.php\/produkt\/simba-swinka-peppa-maskotka-george-pilkarz-20-cm\/"},"modified":"2026-04-04T02:12:08","modified_gmt":"2026-04-04T00:12:08","slug":"simba-swinka-peppa-maskotka-george-pilkarz-20-cm","status":"publish","type":"product","link":"http:\/\/klubmamgdynia.pl\/index.php\/produkt\/simba-swinka-peppa-maskotka-george-pilkarz-20-cm\/","title":{"rendered":"Simba \u015awinka Peppa Maskotka George Pi\u0142karz 20 Cm"},"content":{"rendered":"<p>\u015awinka Peppa maskotka George Pi\u0142karz 20 cmProdukt zosta\u0142 przygotowany przez znan\u0105 i cenion\u0105 na rynku mark\u0119 Simba. Powsta\u0142 na podstawie, lubianej przez najm\u0142odszych, bajki \u015awinka Peppa (ang. Peppa Pig). Bajka opowiada o tytu\u0142owej bohaterce &#8211; \u015bwince Peppie &#8211; jej rodzinie, znajomych i codziennych przygodach, podczas kt\u00f3rych uczy si\u0119 i odkrywa \u015bwiat.George zosta\u0142 wykonany z mi\u0142ego w dotyku pluszu. Ubrany jest w niebiesko-bia\u0142y str\u00f3j pi\u0142karski a w r\u0119ce trzyma pi\u0142k\u0119. Jego oczy i detale twarzy zosta\u0142y wyhaftowane. Maskotka ma 20 cm.Produkt z pewno\u015bci\u0105 spodoba si\u0119 fanom bajki.kod producenta: 109261013wysoko\u015b\u0107 maskotki: ok. 20 cmwymiary opakowania: 20 x 13 x 13 cmprodukt bez ogranicze\u0144 wiekowych (0+).<\/p>\n<h2>Simba \u015awinka Peppa Maskotka George Pi\u0142karz 20 Cm Simba<\/h2>\n<p>bajki do czytania, prezent dla 14 latki, test z lektury narnia lew czarownica i stara szafa, kolorowanki dla dziewczynek do druku, weso\u0142e pisanki tekst piosenki, ferie warszawa 2022, w uk\u0142adzie s\u0142onecznym, prezenty dla nastolatk\u00f3w 2021, szlaczki dla dzieci<\/p>\n<p>yyyyy<\/p>\n<p>&nbsp;<\/p>\n","protected":false},"excerpt":{"rendered":"<p>\u015awinka Peppa maskotka George Pi\u0142karz 20 cmProdukt zosta\u0142 przygotowany przez znan\u0105 i cenion\u0105 na rynku mark\u0119 Simba. Powsta\u0142 na podstawie, lubianej przez najm\u0142odszych, bajki \u015awinka Peppa (ang. Peppa Pig). Bajka opowiada o tytu\u0142owej bohaterce &#8211; \u015bwince Peppie &#8211; jej rodzinie, znajomych i codziennych przygodach, podczas kt\u00f3rych uczy si\u0119 i odkrywa \u015bwiat.George zosta\u0142 wykonany z mi\u0142ego [&hellip;]<\/p>\n","protected":false},"featured_media":1005,"comment_status":"closed","ping_status":"open","template":"","meta":[],"product_cat":[42,279],"product_tag":[825,617,813,595,709],"class_list":["post-1004","product","type-product","status-publish","has-post-thumbnail","hentry","product_cat-maskotki","product_cat-simba","product_tag-bajka-na-dobranoc-do-czytania","product_tag-keyword","product_tag-krotkie-zagadki-matematyczne-z-odpowiedziami","product_tag-zagadki-dla-6-latka","product_tag-zagadki-dla-dzieci-6-7-lat"],"_links":{"self":[{"href":"http:\/\/klubmamgdynia.pl\/index.php\/wp-json\/wp\/v2\/product\/1004","targetHints":{"allow":["GET"]}}],"collection":[{"href":"http:\/\/klubmamgdynia.pl\/index.php\/wp-json\/wp\/v2\/product"}],"about":[{"href":"http:\/\/klubmamgdynia.pl\/index.php\/wp-json\/wp\/v2\/types\/product"}],"replies":[{"embeddable":true,"href":"http:\/\/klubmamgdynia.pl\/index.php\/wp-json\/wp\/v2\/comments?post=1004"}],"wp:featuredmedia":[{"embeddable":true,"href":"http:\/\/klubmamgdynia.pl\/index.php\/wp-json\/wp\/v2\/media\/1005"}],"wp:attachment":[{"href":"http:\/\/klubmamgdynia.pl\/index.php\/wp-json\/wp\/v2\/media?parent=1004"}],"wp:term":[{"taxonomy":"product_cat","embeddable":true,"href":"http:\/\/klubmamgdynia.pl\/index.php\/wp-json\/wp\/v2\/product_cat?post=1004"},{"taxonomy":"product_tag","embeddable":true,"href":"http:\/\/klubmamgdynia.pl\/index.php\/wp-json\/wp\/v2\/product_tag?post=1004"}],"curies":[{"name":"wp","href":"https:\/\/api.w.org\/{rel}","templated":true}]}}