{"id":10041,"date":"2013-03-21T05:59:14","date_gmt":"2013-03-21T04:59:14","guid":{"rendered":"http:\/\/klubmamgdynia.pl\/index.php\/produkt\/super-toys-oryginalna-vespa-px150-miekkie-kola-miekkie-siedzenie-kuferek-px150-rozowy\/"},"modified":"2026-04-14T22:21:52","modified_gmt":"2026-04-14T20:21:52","slug":"super-toys-oryginalna-vespa-px150-miekkie-kola-miekkie-siedzenie-kuferek-px150-rozowy","status":"publish","type":"product","link":"http:\/\/klubmamgdynia.pl\/index.php\/produkt\/super-toys-oryginalna-vespa-px150-miekkie-kola-miekkie-siedzenie-kuferek-px150-rozowy\/","title":{"rendered":"Super Toys Oryginalna Vespa Px150 Mi\u0119kkie Ko\u0142a Mi\u0119kkie Siedzenie Kuferek\/Px150 R\u00f3\u017cowy"},"content":{"rendered":"<p>Absolutna nowo\u015b\u0107 !!!!!!ORYGINALNA VESPA PX150SKUTER VESPA Z D\u0179WI\u0118KAMI I MI\u0118KKIEMI KO\u0141AMIz nowoczesnym panelem i wska\u017anikiem na\u0142adowania akumulatora oraz mo\u017cliwo\u015bci\u0105 pod\u0142\u0105czenia USB, MP3.(melodyjki piosenki dyskotekowe,d\u017awi\u0119k uruchamiania oraz pracy silnika, ) I \u015aWIAT\u0141EM &#8211; jedyna taka wersja z funkcj\u0105 oszcz\u0119dzania akumulatora oraz silnikiem 30 W czyli o 50% mocniejszym silnikiemModel w kolorze r\u00f3\u017cowym:Siedzenie w kolorze r\u00f3\u017cowym &#8211; jak poni\u017cej:Opis na podstawie wybranego koloru:Wersja z otwieranym kuferkiem i mi\u0119kkim siedzeniem:Boczne k\u00f3\u0142ka z mo\u017cliwo\u015bci\u0105 demonta\u017cu:Kierownica &#8211; z lewej przycisk obs\u0142ugi panelu, z prawej przycisk klaksonu:Od lewej:Prze\u0142\u0105cznik jazdy szybko\/wolnoPrze\u0142\u0105cznik jazdy prz\u00f3d\/stop\/ty\u0142Stacyjka i kluczyk z logiemPanel z wej\u015bciem na USB, AUX, kart\u0119 pami\u0119ci, wgrane melodie ,opowie\u015bci i wska\u017anik na\u0142adowania akumulatora.Skuter posiada:gaz w pedalekluczyk do uruchamiania z logiemmi\u0119kkie ko\u0142a EVAmi\u0119kkie siedzenieotwierany kuferekboczne k\u00f3\u0142ka zapewniaj\u0105ce stabilno\u015b\u0107 jazdy\u015bwiat\u0142o z przodu \u015bwiec\u0105ce i z ty\u0142ud\u017awi\u0119k odpalania motoru,melodyjki i grane opowie\u015bci w panel,panel z wska\u017anikiem na\u0142adowania akumulatora i wej\u015bciem na MP3, USB, slotem na kart\u0119 pami\u0119cigumowe r\u0105czkiParametry techniczne:Waga: 9,8 kg,Obci\u0105\u017cenie do 30 kg,Pr\u0119dko\u015b\u0107: oko\u0142o 3-5 km\/h, dwie pr\u0119dko\u015bci jazdy prz\u00f3d i ty\u0142,\u0141adowarka oraz akumulator w komplecie\u0141adowarka AC230V 50 HZ-60 HZAkumulator 1x12V\/7 AH , \u017celowy zamkni\u0119tyCzas \u0142adowania 8-10 h, wystarcza do 2 godzin jazdy w zale\u017cno\u015bci od warunk\u00f3w zewn\u0119trznych Silnik 2x30W &#8211; wzmocniony STRONG 2Bardzo proste \u0142adowania jak w telefonie kom\u00f3rkowym.Motorek zapakowany jest oryginalnie.Monta\u017c motorka to oko\u0142o 10-20 minut.Do ka\u017cdego pojazdu pisemna gwarancja na 12 miesi\u0119cy.Paragon fiskalny ( lub FV),Instrukcja obs\u0142ugi w j\u0119zyku polskim.Zapewniamy serwis gwarancyjny i pogwarancyjny pojazd\u00f3w.Wszystkie nasze zabawki posiadaj\u0105 certyfikat CE &#8211; czyli s\u0105 w pe\u0142ni bezpieczne.   Nap\u0119d:2 silniki 30 W &#8211; nap\u0119d na dwa ko\u0142aZasilanie:Akumulator 1 x 12 V 7Ah, AGM -\u0141adowarka:230 V 50 Hz 6V DC 1000 MAWymiary pojazdu:d\u0142ugo\u015b\u0107 ok : 111 cm, wysoko\u015b\u0107 do r\u0105czek: ok. 61 cm, szeroko\u015b\u0107 przy k\u00f3\u0142kach bocznych: ok. 47 cm, wysoko\u015b\u0107 od ziemi do siedzenia ok.: 48 cm,\u015brednica k\u00f3\u0142 ok.: 23 cm, grubo\u015b\u0107 ko\u0142a ok. 7 cm,prze\u015bwit przy podn\u00f3\u017ckach od pod\u0142o\u017ca ok.: 13 cm,wymiar siedziska: d\u0142ugo\u015b\u0107 ok. 41 cm, szeroko\u015b\u0107 ok.: 17 cmMax obci\u0105\u017cenie pojazdu:30 kgWaga pojazdu:9,8 kgPr\u0119dko\u015b\u0107 i jazda:2 biegi prz\u00f3d od 3-5 km\/h, 2 biegi w ty\u0142Efekty \u015bwietlne:Tak, \u015bwiat\u0142a przednie,\u015awiat\u0142a tylne,pod\u015bwietlane zegary\u015awiec\u0105cy panel,Hamowanie:Pojazd hamuje silnikiem po zdj\u0119ciu nogi z gazuEfekty d\u017awi\u0119kowe:Tak,g\u0142os pracy silnika motoru, nowoczesny panel z wgranymi melodiami i opowie\u015bciami, wej\u015bcie na USB. MP3, slot na kart\u0119,klakson,Kontrolka na\u0142adowana baterii:Tak w panelu &#8211; wiemy jakie jest napi\u0119cie akumulatoraCzas \u0142adowania:8 do 12 godzinCzas jazdy:do 2 godzin jazdy w zale\u017cno\u015bci od warunk\u00f3w zewn\u0119trznych i i obci\u0105\u017ceniaDodatkowe funkcje:D\u017awi\u0119ki , \u015bwiec\u0105ce ko\u0142a , \u015bwiat\u0142a , nowoczesny panelWymiar opakowania:95 cm x 45,5 cm x 35,5 cmWaga z opakowaniem:12 kgWysy\u0142ka i monta\u017c:Pojazd do monta\u017cu, wysy\u0142any w oryginalnym kartonie &#8211; czas monta\u017cu ok. 10-20 minutTablica rejestracyjna:Prz\u00f3d:8 cm x 4 cmTy\u0142: 15 cm x 3,5 cmGwarancja:12 miesi\u0119cyDbamy o bezpiecze\u0144stwo dzieci.Wszystkie nasze pojazdy posiadaj\u0105 wszystkie wymagane atesty i certyfikaty.Ostrze\u017cenia:1. Monta\u017c musi by\u0107 wykonany przez osob\u0119 doros\u0142\u0105.2. Jazda zawsze musi odbywa\u0107 si\u0119 pod nadzorem osoby doros\u0142ej nie nale\u017cy je\u017adzi\u0107 po drogach publicznych ( w ruchu publicznym) w pobli\u017cu miejsc niebezpiecznych mo\u017ce to skutkowa\u0107 wypadkiem.3. Nale\u017cy stosowa\u0107 wyposa\u017cenie ochronne typu kask, ochraniacze na kolana, ochraniacze na \u0142okcie.4. Przeznaczenie od: 3 do 6 lat.<\/p>\n<h2>Super Toys Oryginalna Vespa Px150 Mi\u0119kkie Ko\u0142a Mi\u0119kkie Siedzenie Kuferek\/Px150 R\u00f3\u017cowy <\/h2>\n<p>kolorowanka prezent, farma dyni poznan, gad\u017cety dla m\u0142odzie\u017cy 2020, smok wawelski kolorowanka, test czerwone krzes\u0142o, psi patrol rysunek, plan lekcji do druku, jordan co oznacza, antystresowe mandale do druku, bajki do czytania na dobranoc<\/p>\n<p>yyyyy<\/p>\n<p>&nbsp;<\/p>\n","protected":false},"excerpt":{"rendered":"<p>Absolutna nowo\u015b\u0107 !!!!!!ORYGINALNA VESPA PX150SKUTER VESPA Z D\u0179WI\u0118KAMI I MI\u0118KKIEMI KO\u0141AMIz nowoczesnym panelem i wska\u017anikiem na\u0142adowania akumulatora oraz mo\u017cliwo\u015bci\u0105 pod\u0142\u0105czenia USB, MP3.(melodyjki piosenki dyskotekowe,d\u017awi\u0119k uruchamiania oraz pracy silnika, ) I \u015aWIAT\u0141EM &#8211; jedyna taka wersja z funkcj\u0105 oszcz\u0119dzania akumulatora oraz silnikiem 30 W czyli o 50% mocniejszym silnikiemModel w kolorze r\u00f3\u017cowym:Siedzenie w kolorze r\u00f3\u017cowym &#8211; [&hellip;]<\/p>\n","protected":false},"featured_media":10042,"comment_status":"closed","ping_status":"open","template":"","meta":[],"product_cat":[946],"product_tag":[685,716,730,663,638,735],"class_list":["post-10041","product","type-product","status-publish","has-post-thumbnail","hentry","product_cat-motorki-i-skutery","product_tag-cytaty-o-rodzinie","product_tag-filmy-animowane-o-swietach","product_tag-karyna","product_tag-kolorowanki-dla-dzieci-do-druku","product_tag-miastodzieci","product_tag-prezent-na-roczek-dziewczynka"],"_links":{"self":[{"href":"http:\/\/klubmamgdynia.pl\/index.php\/wp-json\/wp\/v2\/product\/10041","targetHints":{"allow":["GET"]}}],"collection":[{"href":"http:\/\/klubmamgdynia.pl\/index.php\/wp-json\/wp\/v2\/product"}],"about":[{"href":"http:\/\/klubmamgdynia.pl\/index.php\/wp-json\/wp\/v2\/types\/product"}],"replies":[{"embeddable":true,"href":"http:\/\/klubmamgdynia.pl\/index.php\/wp-json\/wp\/v2\/comments?post=10041"}],"wp:featuredmedia":[{"embeddable":true,"href":"http:\/\/klubmamgdynia.pl\/index.php\/wp-json\/wp\/v2\/media\/10042"}],"wp:attachment":[{"href":"http:\/\/klubmamgdynia.pl\/index.php\/wp-json\/wp\/v2\/media?parent=10041"}],"wp:term":[{"taxonomy":"product_cat","embeddable":true,"href":"http:\/\/klubmamgdynia.pl\/index.php\/wp-json\/wp\/v2\/product_cat?post=10041"},{"taxonomy":"product_tag","embeddable":true,"href":"http:\/\/klubmamgdynia.pl\/index.php\/wp-json\/wp\/v2\/product_tag?post=10041"}],"curies":[{"name":"wp","href":"https:\/\/api.w.org\/{rel}","templated":true}]}}