{"id":10043,"date":"2025-08-13T12:57:44","date_gmt":"2025-08-13T10:57:44","guid":{"rendered":"http:\/\/klubmamgdynia.pl\/?post_type=product&#038;p=10043"},"modified":"2026-04-06T02:11:38","modified_gmt":"2026-04-06T00:11:38","slug":"pro-kids-tablet-do-rysowania-lcd-b-o","status":"publish","type":"product","link":"http:\/\/klubmamgdynia.pl\/index.php\/produkt\/pro-kids-tablet-do-rysowania-lcd-b-o\/","title":{"rendered":"Pro Kids Tablet do Rysowania LCD B\/O"},"content":{"rendered":"<p>Tablet do rysowania i szkicowania o powierzchni 8,5. Tablet pokryty specjaln\u0105 warstw\u0105 LCD. Idealnie odwzorowuje poci\u0105gni\u0119cia rysikiem. Za pomoc\u0105 jednego przycisku ca\u0142a powierzchnia b\u0119dzie czysta i znikn\u0105 wszystkie zapiski. Idealna zabawka dla m\u0142odych projektantek lub in\u017cynier\u00f3w. Zabawka super sprawdza si\u0119 na d\u0142ugie podr\u00f3\u017ce. Zestaw zawiera: Tablet z ekranem LCD 8,5 na baterie Rysik do pisania i malowania Tablet dost\u0119pny w dw\u00f3ch kolorach pastelowych: jasno-niebieski oraz jasny-r\u00f3\u017c<\/p>\n<h2>Pro Kids Tablet do Rysowania LCD B\/O Pro Kids<\/h2>\n<p>bal halloween dla dzieci 2021, pomys\u0142y na dzie\u0144 dziecka dla nastolatk\u00f3w, paloma, trudne zagadki na inteligencje, quiz o bajkach, zagadki dla nastolatk\u00f3w, karmen imie, bombki do kolorowania, co dla dziecka na roczek, \u015bmigus dyngus lany poniedzia\u0142ek zyczenia, koty do druku, irma, samolot kolorowanka, znaczenie imienia milan, bajki dla chlopcow, tajemniczy ogr\u00f3d test z odpowiedziami, tajemniczy ogr\u00f3d test z lektury<\/p>\n<p>yyyyy<\/p>\n<p>&nbsp;<\/p>\n","protected":false},"excerpt":{"rendered":"<p>Tablet do rysowania i szkicowania o powierzchni 8,5. Tablet pokryty specjaln\u0105 warstw\u0105 LCD. Idealnie odwzorowuje poci\u0105gni\u0119cia rysikiem. Za pomoc\u0105 jednego przycisku ca\u0142a powierzchnia b\u0119dzie czysta i znikn\u0105 wszystkie zapiski. Idealna zabawka dla m\u0142odych projektantek lub in\u017cynier\u00f3w. Zabawka super sprawdza si\u0119 na d\u0142ugie podr\u00f3\u017ce. Zestaw zawiera: Tablet z ekranem LCD 8,5 na baterie Rysik do pisania [&hellip;]<\/p>\n","protected":false},"featured_media":10044,"comment_status":"closed","ping_status":"open","template":"","meta":[],"product_cat":[1229,21],"product_tag":[801,663,818],"class_list":["post-10043","product","type-product","status-publish","has-post-thumbnail","hentry","product_cat-pro-kids","product_cat-zabawki-plastyczne","product_tag-bajki-terapeutyczne-o-emocjach","product_tag-kolorowanki-dla-dzieci-do-druku","product_tag-oliwier"],"_links":{"self":[{"href":"http:\/\/klubmamgdynia.pl\/index.php\/wp-json\/wp\/v2\/product\/10043","targetHints":{"allow":["GET"]}}],"collection":[{"href":"http:\/\/klubmamgdynia.pl\/index.php\/wp-json\/wp\/v2\/product"}],"about":[{"href":"http:\/\/klubmamgdynia.pl\/index.php\/wp-json\/wp\/v2\/types\/product"}],"replies":[{"embeddable":true,"href":"http:\/\/klubmamgdynia.pl\/index.php\/wp-json\/wp\/v2\/comments?post=10043"}],"wp:featuredmedia":[{"embeddable":true,"href":"http:\/\/klubmamgdynia.pl\/index.php\/wp-json\/wp\/v2\/media\/10044"}],"wp:attachment":[{"href":"http:\/\/klubmamgdynia.pl\/index.php\/wp-json\/wp\/v2\/media?parent=10043"}],"wp:term":[{"taxonomy":"product_cat","embeddable":true,"href":"http:\/\/klubmamgdynia.pl\/index.php\/wp-json\/wp\/v2\/product_cat?post=10043"},{"taxonomy":"product_tag","embeddable":true,"href":"http:\/\/klubmamgdynia.pl\/index.php\/wp-json\/wp\/v2\/product_tag?post=10043"}],"curies":[{"name":"wp","href":"https:\/\/api.w.org\/{rel}","templated":true}]}}