{"id":10045,"date":"2019-12-12T20:28:40","date_gmt":"2019-12-12T19:28:40","guid":{"rendered":"http:\/\/klubmamgdynia.pl\/index.php\/produkt\/super-toys-bmw-s1000rr-12v-bmwjt528czarny\/"},"modified":"2026-04-04T00:11:58","modified_gmt":"2026-04-03T22:11:58","slug":"super-toys-bmw-s1000rr-12v-bmwjt528czarny","status":"publish","type":"product","link":"http:\/\/klubmamgdynia.pl\/index.php\/produkt\/super-toys-bmw-s1000rr-12v-bmwjt528czarny\/","title":{"rendered":"Super-Toys Bmw S1000Rr 12V (BMWJT528CZARNY)"},"content":{"rendered":"<p>WIELKI MOTOR \u015aCIGACZ BMW S1000RR 12VAbsolutna nowo\u015b\u0107 !!!!!!Licencjonowany motor \u015bcigacz BMW S1000RR z dwoma pr\u0119dko\u015bciami do 6 km\/h.Odpalany za pomoc\u0105 kluczyka ( jak prawdziwy &#8211; z logiem BMW) Mi\u0119kkie ko\u0142a EVA zapewni\u0105 pe\u0142en komfort jazdy.Opis przedmiotu:Model w kolorze czarnym:Opis na podstawie koloru czerwonego:Boczne k\u00f3\u0142ka u\u0142atwiaj\u0105 jazd\u0119 mniejszym kierowc\u0105.Nowoczesny wygl\u0105d.Wygodne d\u0142ugie siedzenie:Podp\u00f3rka jak w prawdziwym motorze.Odpalanie pojazdu za pomoc\u0105 metalowego kluczyka.Z lewej strony prze\u0142\u0105cznik jazdy szybkiej 6 km\/h\/ wolnej &#8211; 3 km\/hSk\u0142adana podp\u00f3rka.Nowoczesny wygl\u0105d.Mi\u0119kkie ko\u0142a EVA.\u015awiec\u0105ce \u015bwiat\u0142a przednie.Dbamy o bezpiecze\u0144stwo dzieci.Wszystkie nasze pojazdy posiadaj\u0105 wszystkie wymagane atesty i certyfikaty.Opis przedmiotu:Licencjonowany motor \u015bcigacz BMW S1000RR z dwoma pr\u0119dko\u015bciami do 6 km\/h.Odpalany za pomoc\u0105 kluczyka ( jak prawdziwy z logiem BMW.Ko\u0142a wykonane z EVA &#8211; mi\u0119kkie i ciche.Dodatkowym atutem tego pojazdu s\u0105 boczne k\u00f3\u0142ka, kt\u00f3re dla ucz\u0105cych si\u0119 je\u017adzi\u0107 s\u0105 du\u017cym u\u0142atwieniem w prowadzeniu pojazdu. K\u00f3\u0142ka mo\u017cna w \u0142atwy spos\u00f3b odkr\u0119ci\u0107 tak aby do\u015bwiadczony fan 2 k\u00f3\u0142ek je\u017adzi\u0142 motorem jak doros\u0142y motocyklista. Po zdj\u0119ciu k\u00f3\u0142ek motor posiada wygodn\u0105 st\u00f3pk\u0119 dzi\u0119ki kt\u00f3rej motor mo\u017cna postawi\u0107.Motor nap\u0119dzany jest dwoma silnikami 12 V, dzi\u0119ki czemu mo\u017ce porusza\u0107 si\u0119 zar\u00f3wno po nawierzchni utwardzonej jak i trawie czy pag\u00f3rkach.Podczas jazdy motor \u015bwieci przednimi \u015bwiat\u0142ami, posiada d\u017awi\u0119k klaksonu oraz d\u017awi\u0119ki jazdy motorem wy\u015bcigowym &#8211; bardzo realistyczne.Pojazd przeznaczony jest dla dzieci od 3 lat.Najmocniejsza wersja pojazdu posiada dwa silniki 45 Wat:Motor BMW S1000RR posiada:silnik: 2 sztuki x 12 V 45W 9000obrot\u00f3w,akumulator 12 V 7 Ahdwie pr\u0119dko\u015bci jazdy,motor uruchamiany jest za pomoc\u0105 metalowego kluczyka z logiem BMWmotor posiada elektryczny hamulec, dzia\u0142aj\u0105cy po zdj\u0119ciu nogi z peda\u0142u gazu, hamuje samoczynnie motor posiada d\u017awi\u0119ki &#8211; klakson oraz z odg\u0142os pracy silnika motoruatutem s\u0105 mi\u0119kkie ko\u0142a EVA NOWO\u015a\u0106motor posiada k\u00f3\u0142ka boczne zapewniaj\u0105ce stabiln\u0105 jazd\u0119, kt\u00f3re mo\u017cna zdemontowa\u0107 gdy ju\u017c nie b\u0119d\u0105 potrzebne NOWO\u015a\u0106metalowy podn\u00f3\u017cek &#8211; podp\u00f3rk\u0119, NOWO\u015a\u0106\u015bwiec\u0105ce ledowe \u015bwiat\u0142alusterka boczne owiewkamotor posiada ram\u0119 metalow\u0105Nap\u0119d: Dwa silniki 45 WZasilanie: Akumulator 12 V 7Ah\u0141adowarka: 230 V 50 Hz 12V DC 1000 MAWymiary pojazdu: d\u0142ugo\u015b\u0107: 110 cm,szeroko\u015b\u0107 47 cm, wysoko\u015b\u0107 69 cm, szeroko\u015b\u0107 z ko\u0142ami tylnymi &#8211; rozstaw 62 cm, \u015brednica ko\u0142a EVA 32 cm, szeroko\u015b\u0107 ko\u0142a EVA 8 cm, prze\u015bwit od pod\u0142o\u017ca: 14 cm, wymiar siedziska: d\u0142ugo\u015b\u0107 21 cm, szeroko\u015b\u0107 11 cmMax obci\u0105\u017cenie pojazdu 30 kgWaga pojazdu14,5 kgPr\u0119dko\u015b\u0107 i jazdabieg wolny 3 km\/h, bieg szybki do 6 km\/h, jazda w prz\u00f3dEfekty \u015bwietlneTak, \u015bwiat\u0142a przednieHamowaniePojazd hamuje silnikiem po zdj\u0119ciu nogi z gazuEfekty d\u017awi\u0119kowe:Tak, g\u0142os pracy silnika motoru i odg\u0142os jazdyKontrolka na\u0142adowana baterii NieCzas \u0142adowania:8 do 12 godzinCzas jazdydo 2 godzin jazdy w zale\u017cno\u015bci od warunk\u00f3w zewn\u0119trznychDodatkowe funkcje: D\u017awi\u0119ki jazdy motoru, \u015bwiat\u0142a, metalowy kluczyk do odpalania, mi\u0119kkie ko\u0142a EVAGwarancja: pisemna 12 miesi\u0119cyWymiar opakowania110 cm x 41 cm x 68 cmWaga z opakowaniem.18 kgWysy\u0142ka i monta\u017c:Pojazd do monta\u017cu wysy\u0142any w oryginalnym kartonie &#8211; czas monta\u017cu ok 10 minutW komplecie:Do ka\u017cdego pojazdu pisemna gwarancja na 12 miesi\u0119cy.Paragon fiskalny ( lub FV),Instrukcja obs\u0142ugi w j\u0119zyku polskim.Zapewniamy serwis gwarancyjny i pogwarancyjny pojazd\u00f3w.Wszystkie nasze zabawki posiadaj\u0105 certyfikat CE &#8211; czyli s\u0105 w pe\u0142ni bezpieczne.Ostrze\u017cenia:1. Monta\u017c musi by\u0107 wykonany przez osob\u0119 doros\u0142\u0105.2. Jazda zawsze musi odbywa\u0107 si\u0119 pod nadzorem osoby doros\u0142ej nie nale\u017cy je\u017adzi\u0107 po drogach publicznych ( w ruchu publicznym) w pobli\u017cu miejsc niebezpiecznych,  mo\u017ce to skutkowa\u0107 wypadkiem.3. Nale\u017cy stosowa\u0107 wyposa\u017cenie ochronne typu kask, ochraniacze na kolana, ochraniacze na \u0142okcie.4. Przeznaczenie od: 3 do 8 lat.<\/p>\n<h2>Super-Toys Bmw S1000Rr 12V (BMWJT528CZARNY) Super-Toys<\/h2>\n<p>nowoczesna babcia wiersz, test asiunia, na wyspach bergamutach, mira imi\u0119, babcia z dziadkiem to jest to tekst, zagadki, dary jesieni kolorowanki jesie\u0144, gabriela, prezenty dla rocznego dziecka, tulipany kolorowanki, zagadki logiczne na inteligencj\u0119, znaki drogowe quizy, ozdoby wielkanocne z dzie\u0107mi, kolorowanki my little pony, felix net i nika oraz gang niewidzialnych ludzi quiz, quizy \u015bwi\u0105teczne bo\u017ce narodzenie<\/p>\n<p>yyyyy<\/p>\n<p>&nbsp;<\/p>\n","protected":false},"excerpt":{"rendered":"<p>WIELKI MOTOR \u015aCIGACZ BMW S1000RR 12VAbsolutna nowo\u015b\u0107 !!!!!!Licencjonowany motor \u015bcigacz BMW S1000RR z dwoma pr\u0119dko\u015bciami do 6 km\/h.Odpalany za pomoc\u0105 kluczyka ( jak prawdziwy &#8211; z logiem BMW) Mi\u0119kkie ko\u0142a EVA zapewni\u0105 pe\u0142en komfort jazdy.Opis przedmiotu:Model w kolorze czarnym:Opis na podstawie koloru czerwonego:Boczne k\u00f3\u0142ka u\u0142atwiaj\u0105 jazd\u0119 mniejszym kierowc\u0105.Nowoczesny wygl\u0105d.Wygodne d\u0142ugie siedzenie:Podp\u00f3rka jak w prawdziwym motorze.Odpalanie [&hellip;]<\/p>\n","protected":false},"featured_media":10046,"comment_status":"closed","ping_status":"open","template":"","meta":[],"product_cat":[946,51],"product_tag":[686,631,636,860],"class_list":["post-10045","product","type-product","status-publish","has-post-thumbnail","hentry","product_cat-motorki-i-skutery","product_cat-super-toys","product_tag-co-na-roczek-dla-chlopca","product_tag-prezent-na-roczek","product_tag-teksty-kolysanek","product_tag-zagadki-logiczne-dla-doroslych"],"_links":{"self":[{"href":"http:\/\/klubmamgdynia.pl\/index.php\/wp-json\/wp\/v2\/product\/10045","targetHints":{"allow":["GET"]}}],"collection":[{"href":"http:\/\/klubmamgdynia.pl\/index.php\/wp-json\/wp\/v2\/product"}],"about":[{"href":"http:\/\/klubmamgdynia.pl\/index.php\/wp-json\/wp\/v2\/types\/product"}],"replies":[{"embeddable":true,"href":"http:\/\/klubmamgdynia.pl\/index.php\/wp-json\/wp\/v2\/comments?post=10045"}],"wp:featuredmedia":[{"embeddable":true,"href":"http:\/\/klubmamgdynia.pl\/index.php\/wp-json\/wp\/v2\/media\/10046"}],"wp:attachment":[{"href":"http:\/\/klubmamgdynia.pl\/index.php\/wp-json\/wp\/v2\/media?parent=10045"}],"wp:term":[{"taxonomy":"product_cat","embeddable":true,"href":"http:\/\/klubmamgdynia.pl\/index.php\/wp-json\/wp\/v2\/product_cat?post=10045"},{"taxonomy":"product_tag","embeddable":true,"href":"http:\/\/klubmamgdynia.pl\/index.php\/wp-json\/wp\/v2\/product_tag?post=10045"}],"curies":[{"name":"wp","href":"https:\/\/api.w.org\/{rel}","templated":true}]}}