{"id":10047,"date":"2025-06-29T20:08:04","date_gmt":"2025-06-29T18:08:04","guid":{"rendered":"http:\/\/klubmamgdynia.pl\/?post_type=product&#038;p=10047"},"modified":"2026-04-04T22:11:59","modified_gmt":"2026-04-04T20:11:59","slug":"szablon-30x20-cm-galaz-wisni-sakura","status":"publish","type":"product","link":"http:\/\/klubmamgdynia.pl\/index.php\/produkt\/szablon-30x20-cm-galaz-wisni-sakura\/","title":{"rendered":"SZABLON 30X20 CM GA\u0141\u0104\u0179 WI\u015aNI &#8211; SAKURA"},"content":{"rendered":"<p>Niesamoprzylepny szablon z cienkiego, gi\u0119tkiego plastiku.Nadaje si\u0119 do u\u017cytku na tkaninach, papierze (scrapbooking, embossing), kartonie, betonie, drewnie, szkle itp. Mo\u017cna na nim stosowa\u0107 farby akrylowe lub naturalne, kleje, tusze do papieru lub tkanin, pasty strukturalne, farby w sprayu itp.Je\u015bli nie planujemy pracowa\u0107 na papierze, mo\u017cna na nim zastosowa\u0107 klej do szablon\u00f3w, aby zapobiec podciekaniu farby pod sp\u00f3d. Szczeg\u00f3lnie przydatne jest to w przypadku pracy na tkaninach.Nieodpowiednie dla dzieci w wieku poni\u017cej 36 miesi\u0119cy.Wymiary arkusza 30&#215;20 cm, wymiary wzoru 27,5&#215;13 cm. Made in China.<\/p>\n<h2>SZABLON 30X20 CM GA\u0141\u0104\u0179 WI\u015aNI &#8211; SAKURA Aladine<\/h2>\n<p>zagadki dla dzieci 7-8 lat, kolorowanki na dzie\u0144 mamy, zabawki na roczek, andrea, kanapki na urodziny dziecka, cytaty o dzieci\u0144stwie, mia\u0142a baba koguta tekst<\/p>\n<p>yyyyy<\/p>\n<p>&nbsp;<\/p>\n","protected":false},"excerpt":{"rendered":"<p>Niesamoprzylepny szablon z cienkiego, gi\u0119tkiego plastiku.Nadaje si\u0119 do u\u017cytku na tkaninach, papierze (scrapbooking, embossing), kartonie, betonie, drewnie, szkle itp. Mo\u017cna na nim stosowa\u0107 farby akrylowe lub naturalne, kleje, tusze do papieru lub tkanin, pasty strukturalne, farby w sprayu itp.Je\u015bli nie planujemy pracowa\u0107 na papierze, mo\u017cna na nim zastosowa\u0107 klej do szablon\u00f3w, aby zapobiec podciekaniu farby [&hellip;]<\/p>\n","protected":false},"featured_media":10048,"comment_status":"closed","ping_status":"open","template":"","meta":[],"product_cat":[1880,1881],"product_tag":[631,661,632],"class_list":["post-10047","product","type-product","status-publish","has-post-thumbnail","hentry","product_cat-aladine","product_cat-scrapbooking","product_tag-prezent-na-roczek","product_tag-swinka-peppa-kolorowanka","product_tag-warszawa-atrakcje-dla-mlodziezy"],"_links":{"self":[{"href":"http:\/\/klubmamgdynia.pl\/index.php\/wp-json\/wp\/v2\/product\/10047","targetHints":{"allow":["GET"]}}],"collection":[{"href":"http:\/\/klubmamgdynia.pl\/index.php\/wp-json\/wp\/v2\/product"}],"about":[{"href":"http:\/\/klubmamgdynia.pl\/index.php\/wp-json\/wp\/v2\/types\/product"}],"replies":[{"embeddable":true,"href":"http:\/\/klubmamgdynia.pl\/index.php\/wp-json\/wp\/v2\/comments?post=10047"}],"wp:featuredmedia":[{"embeddable":true,"href":"http:\/\/klubmamgdynia.pl\/index.php\/wp-json\/wp\/v2\/media\/10048"}],"wp:attachment":[{"href":"http:\/\/klubmamgdynia.pl\/index.php\/wp-json\/wp\/v2\/media?parent=10047"}],"wp:term":[{"taxonomy":"product_cat","embeddable":true,"href":"http:\/\/klubmamgdynia.pl\/index.php\/wp-json\/wp\/v2\/product_cat?post=10047"},{"taxonomy":"product_tag","embeddable":true,"href":"http:\/\/klubmamgdynia.pl\/index.php\/wp-json\/wp\/v2\/product_tag?post=10047"}],"curies":[{"name":"wp","href":"https:\/\/api.w.org\/{rel}","templated":true}]}}