{"id":10051,"date":"2013-09-16T05:49:06","date_gmt":"2013-09-16T03:49:06","guid":{"rendered":"http:\/\/klubmamgdynia.pl\/index.php\/produkt\/puky-puky-4-w-1-rowerek-trojkolowy-ceety-comfort-black-2442\/"},"modified":"2026-04-06T16:58:16","modified_gmt":"2026-04-06T14:58:16","slug":"puky-puky-4-w-1-rowerek-trojkolowy-ceety-comfort-black-2442","status":"publish","type":"product","link":"http:\/\/klubmamgdynia.pl\/index.php\/produkt\/puky-puky-4-w-1-rowerek-trojkolowy-ceety-comfort-black-2442\/","title":{"rendered":"Puky Puky\u00ae 4 W 1 Rowerek Tr\u00f3jko\u0142owy Ceety Comfort, Black 2442"},"content":{"rendered":"<p>Czarny tr\u00f3jko\u0142owy rowerek CEETY Comfort firmy PUKY 2442 to perfekcyjne po\u0142\u0105czenie funkcji pierwszego rowerka z komfortowym w\u00f3zkiem spacerowym o maksymalnej wadze do 25 kg. Z pojazdem rodzice s\u0105 mobilni ze swoimi pociechami robi\u0105c jednocze\u015bnie zakupy lub transportuj\u0105c jedzenie, napoje i dodatkowe skarby podczas wizyty na placu zabaw. W\u00f3zek z rowerkiem jest przeznaczony dla dzieci od 1,5 roku \u017cycia.Dodatkowo PUKY CEETY Comfort nazywany 4w1 zachwyca zakresem funkcji, kt\u00f3re posiada. Fotelik, odpinany dr\u0105\u017cek z regulacj\u0105 wysoko\u015bci, demontowany podest na stopy, to jedynie kilka mo\u017cliwo\u015bci z zakresu rowerka. Obszerny pakiet akcesori\u00f3w sk\u0142adaj\u0105cy si\u0119 z  dzwonka, torebki na kierownicy, parasolki i torby na zakupy dodatkowo dostosowuje luksusowy pojazd do indywidualnych potrzeb dziecka. Z kolei ponadczasowa, dobrana kolorystyka podkre\u015bla, \u017ce jest to najlepszy produkt w swojej klasie.Rowerek posiada regulacje pozycji siedzenia, co pozwala dostosowa\u0107 jego wysoko\u015b\u0107 do wzrostu dziecka. Rekomendowany dla dzieci ju\u017c od wzrostu 80 cm ro\u015bnie razem z kierowc\u0105 ucz\u0105c go poruszania si\u0119 pojazdem na peda\u0142y. Innym wyznacznikiem, kt\u00f3rym rodzice powinni sugerowa\u0107 si\u0119 przy doborze modelu jest d\u0142ugo\u015b\u0107 n\u00f3\u017cki dziecka (wysoko\u015b\u0107 kroku w zakresie od 26-38 cm). Oparcie wyposa\u017cone w 3-punktowe pasy bezpiecze\u0144stwa zapewnia stabiln\u0105 postaw\u0119 kierowcy oraz bezpiecze\u0144stwo. Pasy mo\u017cna wyj\u0105\u0107 dla starszych dzieci. Najm\u0142odszym u\u017cytkownikom zamontowano dodatkowy podest na n\u00f3\u017cki, by mog\u0142y trzyma\u0107 je w jednej pozycji. Podobnie jak w przypadku pas\u00f3w istnieje mo\u017cliwo\u015b\u0107 demonta\u017cu.Zastosowane komfortowe opony AIR-Less w tr\u00f3jko\u0142owcu, czyni je bezobs\u0142ugowymi. Wykorzystana pianka sprawia, \u017ce jazda jest komfortowa r\u00f3wnie\u017c po nier\u00f3wnej powierzchni, w tym tak\u017ce po kostce. Rodzicie nie musz\u0105 si\u0119 martwi\u0107 czy opona jest odpowiedni napompowana. Dodatkowym atutem piankowych opon jest ich ma\u0142a waga, rowerek jest znacznie l\u017cejszy ni\u017c z tradycyjnymi oponami.Pojazd posiada wielofunkcyjny dr\u0105\u017cek do pchania z torebk\u0105 na akcesoria. Rowerek CEETY Comfort posiada blokad\u0119 kierownicy do jazdy na wprost, co daje pe\u0142n\u0105 kontrol\u0119 nad kierunkiem jazdy prowadz\u0105cemu pojazd. Natomiast ogranicznik wychylenia kierowcy do maks. 45 stopni zapobiega wywrotkom przy nag\u0142ym skr\u0119cie z wi\u0119ksz\u0105 pr\u0119dko\u015bci\u0105. Zastosowany mechanizm wolnego ko\u0142a tzn. zapadka, umo\u017cliwia blokad\u0119 peda\u0142\u00f3w przez co nie obracaj\u0105 si\u0119 pomimo kr\u0119c\u0105cych si\u0119 k\u00f3\u0142.Bezpiecze\u0144stwo u\u017cytkowania zapewnia umieszczona poduszka na kierownicy oraz harmonijkowe zako\u0144czenia uchwyt\u00f3w kierownicy, kt\u00f3re zapobiegaj\u0105 ze\u015blizgiwaniu si\u0119 i otarciom r\u0105czek. Chroni\u0105 r\u00f3wnie\u017c \u015bciany i przedmioty przed zniszczeniem gdy rowerek jest u\u017cywany np. w domu. Natomiast starszacy mog\u0105 bezpiecznie hamowa\u0107 dzi\u0119ki zastosowaniu hamulca r\u0119cznego.Firma PUKY nie zapomnia\u0142a oczywi\u015bcie o wygodzie opiekun\u00f3w i wyposa\u017cy\u0142a rowerek mi\u0119dzy innymi w regulowany uchwyt do pchania, kt\u00f3ry mo\u017cemy ca\u0142kowicie zdemontowa\u0107 lub z\u0142o\u017cy\u0107.W tr\u00f3jko\u0142owcu znajduje si\u0119 r\u00f3wnie\u017c p\u00f3\u0142ka na zakupy z siatk\u0105, kt\u00f3r\u0105 mo\u017cna wyj\u0105\u0107 spod w\u00f3zka i wygodnie przenosi\u0107 pe\u0142n\u0105 zakup\u00f3w. Dodatkowo mamy torb\u0119 na rami\u0119 z mo\u017cliwo\u015bci\u0105 mocowania na uchwycie w\u00f3zka.Produkt niezwykle trwa\u0142y mo\u017ce s\u0142u\u017cy\u0107 m\u0142odszym braciszkom lub siostrzyczkom. Producent rowerk\u00f3w PUKY udziela na nie 5 letniej gwarancji. Gwarancja jest powi\u0105zana z produktem i jest zbywalna, to znaczy, przechodzi tak\u017ce na kolejnych w\u0142a\u015bcicieli pojazdu. Szczeg\u00f3\u0142y udzielenia gwarancji.W skr\u00f3cie:trzypunktowy pas bezpiecze\u0144stwa;bezstopniowa regulacja siedzenia fotelika (o 6 cm);wbudowana blokada kierownicy;zdejmowana torba na zakupy;os\u0142ona kierownicy oraz torebka na kierownicy;ogranicznik wychylenia kierownicy;ergonomiczny dr\u0105\u017cek do pchania z podwieszan\u0105 torebk\u0105;bezpieczna blokada uchwytu do pchania;automatyczny wolnobieg z blokad\u0105;komfortowe opony AIR-less;w zestawie parasolka;bezpieczne uchwyty kierownicy;w zestawie dzwonek;blokowana r\u0105czka do prowadzeniazdejmowany podn\u00f3\u017cek;malowanie proszkowe odporne na uderzenia;<\/p>\n<h2>Puky Puky\u00ae 4 W 1 Rowerek Tr\u00f3jko\u0142owy Ceety Comfort, Black 2442 Puky<\/h2>\n<p>imi\u0119 adriana, zagadki na dzie\u0144 przedszkolaka, cytaty korczaka, miastodzieci, ahmed, sky kolorowanka, kolorowanka lol do druku, ale kino program, janusz korczak cytaty, prezent dla nastolatka, laurka dla mamy rysunek, piosenki dla dzieci o jesieni, ziemia wyspa zielona tekst, test z lektury ania z zielonego wzg\u00f3rza klasa 6 z odpowiedziami, alfabet kolorowanka<\/p>\n<p>yyyyy<\/p>\n<p>&nbsp;<\/p>\n","protected":false},"excerpt":{"rendered":"<p>Czarny tr\u00f3jko\u0142owy rowerek CEETY Comfort firmy PUKY 2442 to perfekcyjne po\u0142\u0105czenie funkcji pierwszego rowerka z komfortowym w\u00f3zkiem spacerowym o maksymalnej wadze do 25 kg. Z pojazdem rodzice s\u0105 mobilni ze swoimi pociechami robi\u0105c jednocze\u015bnie zakupy lub transportuj\u0105c jedzenie, napoje i dodatkowe skarby podczas wizyty na placu zabaw. W\u00f3zek z rowerkiem jest przeznaczony dla dzieci od [&hellip;]<\/p>\n","protected":false},"featured_media":10052,"comment_status":"closed","ping_status":"open","template":"","meta":[],"product_cat":[1869,464],"product_tag":[585,711,602,799],"class_list":["post-10051","product","type-product","status-publish","has-post-thumbnail","hentry","product_cat-puky","product_cat-rowerki-trojkolowe","product_tag-kolorowanki-dla-chlopcow","product_tag-prezenty-dla-nastolatkow","product_tag-quiz-o-zwierzetach-domowych","product_tag-zagadka-logiczna"],"_links":{"self":[{"href":"http:\/\/klubmamgdynia.pl\/index.php\/wp-json\/wp\/v2\/product\/10051","targetHints":{"allow":["GET"]}}],"collection":[{"href":"http:\/\/klubmamgdynia.pl\/index.php\/wp-json\/wp\/v2\/product"}],"about":[{"href":"http:\/\/klubmamgdynia.pl\/index.php\/wp-json\/wp\/v2\/types\/product"}],"replies":[{"embeddable":true,"href":"http:\/\/klubmamgdynia.pl\/index.php\/wp-json\/wp\/v2\/comments?post=10051"}],"wp:featuredmedia":[{"embeddable":true,"href":"http:\/\/klubmamgdynia.pl\/index.php\/wp-json\/wp\/v2\/media\/10052"}],"wp:attachment":[{"href":"http:\/\/klubmamgdynia.pl\/index.php\/wp-json\/wp\/v2\/media?parent=10051"}],"wp:term":[{"taxonomy":"product_cat","embeddable":true,"href":"http:\/\/klubmamgdynia.pl\/index.php\/wp-json\/wp\/v2\/product_cat?post=10051"},{"taxonomy":"product_tag","embeddable":true,"href":"http:\/\/klubmamgdynia.pl\/index.php\/wp-json\/wp\/v2\/product_tag?post=10051"}],"curies":[{"name":"wp","href":"https:\/\/api.w.org\/{rel}","templated":true}]}}