{"id":10055,"date":"2016-02-04T03:43:01","date_gmt":"2016-02-04T02:43:01","guid":{"rendered":"http:\/\/klubmamgdynia.pl\/index.php\/produkt\/ramiz-pojazd-bentley-mulsanne-niebieski\/"},"modified":"2026-04-28T04:11:45","modified_gmt":"2026-04-28T02:11:45","slug":"ramiz-pojazd-bentley-mulsanne-niebieski","status":"publish","type":"product","link":"http:\/\/klubmamgdynia.pl\/index.php\/produkt\/ramiz-pojazd-bentley-mulsanne-niebieski\/","title":{"rendered":"Ramiz Pojazd Bentley Mulsanne Niebieski"},"content":{"rendered":"<p>Specyfikacja Bentley Mulsanne Silnik 2 x 35W Akumulator 12V7Ah Pilot 2.4 GHz, 3 szybko\u015bci, Przycisk bezpiecze\u0144stwa STOP, Ko\u0142a Ko\u0142a piankowe EVA, \u015arednica 23 cm, Szeroko\u015b\u0107 9 cm, Biegi Wolny Start, 2 szybko\u015bci, Prz\u00f3d\/Ty\u0142, Zawieszenie Ty\u0142 \u015awiat\u0142a LED, \u015awiat\u0142a przednie, \u015awiat\u0142a tylne, Wyposa\u017cenie Panel Audio MP3, Wgrane melodyjki, Wej\u015bcie USB, Wej\u015bcie AUX (mo\u017cliwo\u015b\u0107 pod\u0142\u0105czenia mp3 playera, smartphona), Przyciski z melodyjkami i klaksonem w kierownicy, Wska\u017anik Na\u0142adowania Tak, Start Pod\u015bwietlany w\u0142\u0105cznik, Otwierane drzwi Tak + blokada drzwi, Siedzenie G\u0142\u0119boko\u015b\u0107 20 cm, Szeroko\u015b\u0107 35 cm, Wysoko\u015b\u0107 26 cm, Siedzenie z ekosk\u00f3ry z wyt\u0142oczeniami Bentley, Pasy bezpiecze\u0144stwa, Wymiary Rozmiary Pojazdu D\u0142ugo\u015b\u0107 119 cm, Szeroko\u015b\u0107 70 cm, Wysoko\u015b\u0107 49 cm, Waga Pojazdu 17,6 kg, Rozmiar Kartonu 121 x 60 x 34 cm, Waga Kartonu 22,2 kg, Maksymalne Obci\u0105\u017cenie 30 kg, Prze\u015bwit 11 cm, Wyposa\u017cenie Dodatkowe Instrukcja + zestaw monta\u017cowy, Pokrowiec, \u0141adowarka z diod\u0105 kontroluj\u0105c\u0105 na\u0142adowanie baterii Pilot, Kabel Mini Jack.<\/p>\n<h2>Ramiz Pojazd Bentley Mulsanne Niebieski Ramiz<\/h2>\n<p>jedzie poci\u0105g z daleka tekst, krzy\u017c\u00f3wki dla dzieci do druku, szablony postacie do szopki do druku, kolorowanki pokemon do druku<\/p>\n<p>yyyyy<\/p>\n<p>&nbsp;<\/p>\n","protected":false},"excerpt":{"rendered":"<p>Specyfikacja Bentley Mulsanne Silnik 2 x 35W Akumulator 12V7Ah Pilot 2.4 GHz, 3 szybko\u015bci, Przycisk bezpiecze\u0144stwa STOP, Ko\u0142a Ko\u0142a piankowe EVA, \u015arednica 23 cm, Szeroko\u015b\u0107 9 cm, Biegi Wolny Start, 2 szybko\u015bci, Prz\u00f3d\/Ty\u0142, Zawieszenie Ty\u0142 \u015awiat\u0142a LED, \u015awiat\u0142a przednie, \u015awiat\u0142a tylne, Wyposa\u017cenie Panel Audio MP3, Wgrane melodyjki, Wej\u015bcie USB, Wej\u015bcie AUX (mo\u017cliwo\u015b\u0107 pod\u0142\u0105czenia mp3 playera, [&hellip;]<\/p>\n","protected":false},"featured_media":10056,"comment_status":"closed","ping_status":"open","template":"","meta":[],"product_cat":[36,24],"product_tag":[668,681,670],"class_list":["post-10055","product","type-product","status-publish","has-post-thumbnail","hentry","product_cat-ramiz","product_cat-samochody-dla-dzieci","product_tag-atrakcje-dla-dzieci-wroclaw","product_tag-flagi-europy-quiz","product_tag-irma"],"_links":{"self":[{"href":"http:\/\/klubmamgdynia.pl\/index.php\/wp-json\/wp\/v2\/product\/10055","targetHints":{"allow":["GET"]}}],"collection":[{"href":"http:\/\/klubmamgdynia.pl\/index.php\/wp-json\/wp\/v2\/product"}],"about":[{"href":"http:\/\/klubmamgdynia.pl\/index.php\/wp-json\/wp\/v2\/types\/product"}],"replies":[{"embeddable":true,"href":"http:\/\/klubmamgdynia.pl\/index.php\/wp-json\/wp\/v2\/comments?post=10055"}],"wp:featuredmedia":[{"embeddable":true,"href":"http:\/\/klubmamgdynia.pl\/index.php\/wp-json\/wp\/v2\/media\/10056"}],"wp:attachment":[{"href":"http:\/\/klubmamgdynia.pl\/index.php\/wp-json\/wp\/v2\/media?parent=10055"}],"wp:term":[{"taxonomy":"product_cat","embeddable":true,"href":"http:\/\/klubmamgdynia.pl\/index.php\/wp-json\/wp\/v2\/product_cat?post=10055"},{"taxonomy":"product_tag","embeddable":true,"href":"http:\/\/klubmamgdynia.pl\/index.php\/wp-json\/wp\/v2\/product_tag?post=10055"}],"curies":[{"name":"wp","href":"https:\/\/api.w.org\/{rel}","templated":true}]}}