{"id":10057,"date":"2023-09-21T02:16:15","date_gmt":"2023-09-21T00:16:15","guid":{"rendered":"http:\/\/klubmamgdynia.pl\/?post_type=product&#038;p=10057"},"modified":"2026-05-17T22:10:40","modified_gmt":"2026-05-17T20:10:40","slug":"marini-albero-mio-mata-do-zabawy-naturelove-n003-tropics","status":"publish","type":"product","link":"http:\/\/klubmamgdynia.pl\/index.php\/produkt\/marini-albero-mio-mata-do-zabawy-naturelove-n003-tropics\/","title":{"rendered":"Marini Albero Mio Mata Do Zabawy Nature&amp;Love N003 Tropics"},"content":{"rendered":"<p>Okr\u0105g\u0142a, du\u017ca i lekka mata do zabawy \u2013 to produkt dla dziecka w ka\u017cdym wieku! A gdy tylko zabawa znudzi si\u0119 Twojemu dziecku, przez poci\u0105gni\u0119cie sznurk\u00f3w w kilka chwil zmieniasz j\u0105 w worek na zabawki.<\/p>\n<h2>Marini Albero Mio Mata Do Zabawy Nature&amp;Love N003 Tropics Marini<\/h2>\n<p>prezent dla dziewczynki 7 lat, zagadki \u015bmieszne dla dzieci, kolorowanka pokemon, podchwytliwe zagadki matematyczne, prezent dla nastolatka, kotki kolorowanka, zabawki dla rocznej dziewczynki, fajne \u017carty na prima aprilis, zyczenia walentynkowe dla dzieci, kolorowanka piesek do druku, nietypowe imiona damskie, jakie prezenty na roczek, zak\u0142adka do ksi\u0105\u017cki szablon, filmy disneya, el\u017cbieta imi\u0119<\/p>\n<p>yyyyy<\/p>\n<p>&nbsp;<\/p>\n","protected":false},"excerpt":{"rendered":"<p>Okr\u0105g\u0142a, du\u017ca i lekka mata do zabawy \u2013 to produkt dla dziecka w ka\u017cdym wieku! A gdy tylko zabawa znudzi si\u0119 Twojemu dziecku, przez poci\u0105gni\u0119cie sznurk\u00f3w w kilka chwil zmieniasz j\u0105 w worek na zabawki. Marini Albero Mio Mata Do Zabawy Nature&amp;Love N003 Tropics Marini prezent dla dziewczynki 7 lat, zagadki \u015bmieszne dla dzieci, kolorowanka [&hellip;]<\/p>\n","protected":false},"featured_media":10058,"comment_status":"closed","ping_status":"open","template":"","meta":[],"product_cat":[117,55],"product_tag":[827,642,587,632],"class_list":["post-10057","product","type-product","status-publish","has-post-thumbnail","hentry","product_cat-marini","product_cat-maty-edukacyjne","product_tag-bajki-dla-niemowlat","product_tag-mia-imie","product_tag-skalne-miasto","product_tag-warszawa-atrakcje-dla-mlodziezy"],"_links":{"self":[{"href":"http:\/\/klubmamgdynia.pl\/index.php\/wp-json\/wp\/v2\/product\/10057","targetHints":{"allow":["GET"]}}],"collection":[{"href":"http:\/\/klubmamgdynia.pl\/index.php\/wp-json\/wp\/v2\/product"}],"about":[{"href":"http:\/\/klubmamgdynia.pl\/index.php\/wp-json\/wp\/v2\/types\/product"}],"replies":[{"embeddable":true,"href":"http:\/\/klubmamgdynia.pl\/index.php\/wp-json\/wp\/v2\/comments?post=10057"}],"wp:featuredmedia":[{"embeddable":true,"href":"http:\/\/klubmamgdynia.pl\/index.php\/wp-json\/wp\/v2\/media\/10058"}],"wp:attachment":[{"href":"http:\/\/klubmamgdynia.pl\/index.php\/wp-json\/wp\/v2\/media?parent=10057"}],"wp:term":[{"taxonomy":"product_cat","embeddable":true,"href":"http:\/\/klubmamgdynia.pl\/index.php\/wp-json\/wp\/v2\/product_cat?post=10057"},{"taxonomy":"product_tag","embeddable":true,"href":"http:\/\/klubmamgdynia.pl\/index.php\/wp-json\/wp\/v2\/product_tag?post=10057"}],"curies":[{"name":"wp","href":"https:\/\/api.w.org\/{rel}","templated":true}]}}