{"id":10059,"date":"2016-10-28T16:22:20","date_gmt":"2016-10-28T14:22:20","guid":{"rendered":"http:\/\/klubmamgdynia.pl\/index.php\/produkt\/tusz-do-papieru-niebieski\/"},"modified":"2026-04-20T18:36:45","modified_gmt":"2026-04-20T16:36:45","slug":"tusz-do-papieru-niebieski","status":"publish","type":"product","link":"http:\/\/klubmamgdynia.pl\/index.php\/produkt\/tusz-do-papieru-niebieski\/","title":{"rendered":"Tusz do papieru, niebieski"},"content":{"rendered":"<p>Tusz z \u0142atwo\u015bci\u0105 zmywa si\u0119 ze sk\u00f3ry i spiera z ubra\u0144.KOLOR: niebieski\u015aREDNICA TUSZU: 7,5 cmWIEK: od 3 latTusz jest nowy.<\/p>\n<h2>Tusz do papieru, niebieski Aladine<\/h2>\n<p>znaki drogowe do druku, izabella imi\u0119, kryspinow, asiunia test z lektury, magiczne drzewo czerwone krzes\u0142o test, testy z lektury opowie\u015bci z narnii lew czarownica i stara szafa, dzie\u0144 pluszowego misia napis<\/p>\n<p>yyyyy<\/p>\n<p>&nbsp;<\/p>\n","protected":false},"excerpt":{"rendered":"<p>Tusz z \u0142atwo\u015bci\u0105 zmywa si\u0119 ze sk\u00f3ry i spiera z ubra\u0144.KOLOR: niebieski\u015aREDNICA TUSZU: 7,5 cmWIEK: od 3 latTusz jest nowy. Tusz do papieru, niebieski Aladine znaki drogowe do druku, izabella imi\u0119, kryspinow, asiunia test z lektury, magiczne drzewo czerwone krzes\u0142o test, testy z lektury opowie\u015bci z narnii lew czarownica i stara szafa, dzie\u0144 pluszowego misia [&hellip;]<\/p>\n","protected":false},"featured_media":10060,"comment_status":"closed","ping_status":"open","template":"","meta":[],"product_cat":[1880,323],"product_tag":[844,753,752,678,641],"class_list":["post-10059","product","type-product","status-publish","has-post-thumbnail","hentry","product_cat-aladine","product_cat-pozostale-akcesoria-biurowe","product_tag-co-kupic-na-roczek","product_tag-kamila","product_tag-kuba-imie","product_tag-prezent-na-roczek-dla-dziewczynki","product_tag-trudne-zagadki-logiczne"],"_links":{"self":[{"href":"http:\/\/klubmamgdynia.pl\/index.php\/wp-json\/wp\/v2\/product\/10059","targetHints":{"allow":["GET"]}}],"collection":[{"href":"http:\/\/klubmamgdynia.pl\/index.php\/wp-json\/wp\/v2\/product"}],"about":[{"href":"http:\/\/klubmamgdynia.pl\/index.php\/wp-json\/wp\/v2\/types\/product"}],"replies":[{"embeddable":true,"href":"http:\/\/klubmamgdynia.pl\/index.php\/wp-json\/wp\/v2\/comments?post=10059"}],"wp:featuredmedia":[{"embeddable":true,"href":"http:\/\/klubmamgdynia.pl\/index.php\/wp-json\/wp\/v2\/media\/10060"}],"wp:attachment":[{"href":"http:\/\/klubmamgdynia.pl\/index.php\/wp-json\/wp\/v2\/media?parent=10059"}],"wp:term":[{"taxonomy":"product_cat","embeddable":true,"href":"http:\/\/klubmamgdynia.pl\/index.php\/wp-json\/wp\/v2\/product_cat?post=10059"},{"taxonomy":"product_tag","embeddable":true,"href":"http:\/\/klubmamgdynia.pl\/index.php\/wp-json\/wp\/v2\/product_tag?post=10059"}],"curies":[{"name":"wp","href":"https:\/\/api.w.org\/{rel}","templated":true}]}}