{"id":1006,"date":"2012-04-29T11:21:51","date_gmt":"2012-04-29T09:21:51","guid":{"rendered":"http:\/\/klubmamgdynia.pl\/index.php\/produkt\/little-tikes-my-first-mighty-blasters-power-pack-3-652776\/"},"modified":"2026-04-02T12:11:28","modified_gmt":"2026-04-02T10:11:28","slug":"little-tikes-my-first-mighty-blasters-power-pack-3-652776","status":"publish","type":"product","link":"http:\/\/klubmamgdynia.pl\/index.php\/produkt\/little-tikes-my-first-mighty-blasters-power-pack-3-652776\/","title":{"rendered":"Little Tikes My First Mighty Blasters Power Pack 3 652776"},"content":{"rendered":"<p>My First Mighty Blasters Power Pack- Style 3                            <\/p>\n<p>My First Mighty Blasters \u0142\u0105cz\u0105 pomys\u0142ow\u0105 zabaw\u0119 z fajnymi, bezpiecznymi miotaczami, \u0142atwymi w u\u017cyciu dla przedszkolak\u00f3w!Ka\u017cdy blaster z serii My First Mighty Blasters (sprzedawany oddzielenie) wyposa\u017cony jest w kolorowe kule Power Pods, kt\u00f3re s\u0105 mi\u0119kkie, bezpieczne i zach\u0119caj\u0105 dzieci do odgrywania roli bohater\u00f3w. Ponadto wszystkie kapsu\u0142y mocy s\u0105 kompatybilne z ka\u017cd\u0105 wyrzutni\u0105 Mighty Blasters. W kolekcji do zebrania ponad 25 kul Power Pods (sprzedawane oddzielnie). Uwolnij pot\u0119\u017cne moce swoich dzieci ju\u017c dzi\u015b dzi\u0119ki Little Tikes My First Mighty Blasters.Zawarto\u015b\u0107 i cechy zestawu:Jest to zestaw uzupe\u0142niaj\u0105cy My First Mighty Blasters5 mi\u0119kkich, bezpiecznych i kolorowych kul Power Pods (Lava, Blue Fireball, Tsunami, Stink i 1 niespodzianka)Kule Power Pods s\u0105 kompatybilne ze wszystkimi wyrzutniami My First Mighty BlastersBandolier do przechowywania kul Power Pods (mo\u017cna nosi\u0107 go tak\u017ce jako pasek) z mo\u017cliwo\u015bci\u0105 regulacjiWyrzutnie My First Mighty Blasters sprzedawane oddzielnie                            <\/p>\n<p>                    Zobacz podobne produkty<\/p>\n<p>            Little Tikes My First Mighty Blasters Power Pack 2 652769<\/p>\n<p>            Little Tikes My First Mighty Blasters Power Pack 3 652776<\/p>\n<p>            Little Tikes My First Mighty Blasters Power Pack 1 652752<\/p>\n<p>            Little Tikes My First Mighty Blasters Mighty Bow 651274<\/p>\n<p>            Little Tikes My First Mighty Blasters Boom Blaster 6512550<\/p>\n<h2>Little Tikes My First Mighty Blasters Power Pack 3 652776 Little Tikes<\/h2>\n<p>zagadka, ozdoby wielkanocne z dzie\u0107mi, esmeralda, quiz opowie\u015bci z narnii, liwia znaczenie imienia, kajko i kokosz szko\u0142a latania &#8211; test do wydruku, kolorowanka peppa, wzruszajace cytaty o rodzinie, mira imie, w zieleni \u0142\u0105ka majowa tekst, na roczek dla dziewczynki, pozytywne cytaty mama cytaty, proste dekoracje bo\u017conarodzeniowe dla dzieci, dobranoc zimowo, natalia, przys\u0142owia o rodzinie, zagadki dla 8 latk\u00f3w<\/p>\n<p>yyyyy<\/p>\n<p>&nbsp;<\/p>\n","protected":false},"excerpt":{"rendered":"<p>My First Mighty Blasters Power Pack- Style 3 My First Mighty Blasters \u0142\u0105cz\u0105 pomys\u0142ow\u0105 zabaw\u0119 z fajnymi, bezpiecznymi miotaczami, \u0142atwymi w u\u017cyciu dla przedszkolak\u00f3w!Ka\u017cdy blaster z serii My First Mighty Blasters (sprzedawany oddzielenie) wyposa\u017cony jest w kolorowe kule Power Pods, kt\u00f3re s\u0105 mi\u0119kkie, bezpieczne i zach\u0119caj\u0105 dzieci do odgrywania roli bohater\u00f3w. Ponadto wszystkie kapsu\u0142y mocy [&hellip;]<\/p>\n","protected":false},"featured_media":1007,"comment_status":"closed","ping_status":"open","template":"","meta":[],"product_cat":[317,40],"product_tag":[854,622,774,628],"class_list":["post-1006","product","type-product","status-publish","has-post-thumbnail","hentry","product_cat-little-tikes","product_cat-zabawki-militarne","product_tag-cytaty-rodzina","product_tag-fajne-zagadki","product_tag-prezent-na-roczek-nie-zabawka","product_tag-zagadka"],"_links":{"self":[{"href":"http:\/\/klubmamgdynia.pl\/index.php\/wp-json\/wp\/v2\/product\/1006","targetHints":{"allow":["GET"]}}],"collection":[{"href":"http:\/\/klubmamgdynia.pl\/index.php\/wp-json\/wp\/v2\/product"}],"about":[{"href":"http:\/\/klubmamgdynia.pl\/index.php\/wp-json\/wp\/v2\/types\/product"}],"replies":[{"embeddable":true,"href":"http:\/\/klubmamgdynia.pl\/index.php\/wp-json\/wp\/v2\/comments?post=1006"}],"wp:featuredmedia":[{"embeddable":true,"href":"http:\/\/klubmamgdynia.pl\/index.php\/wp-json\/wp\/v2\/media\/1007"}],"wp:attachment":[{"href":"http:\/\/klubmamgdynia.pl\/index.php\/wp-json\/wp\/v2\/media?parent=1006"}],"wp:term":[{"taxonomy":"product_cat","embeddable":true,"href":"http:\/\/klubmamgdynia.pl\/index.php\/wp-json\/wp\/v2\/product_cat?post=1006"},{"taxonomy":"product_tag","embeddable":true,"href":"http:\/\/klubmamgdynia.pl\/index.php\/wp-json\/wp\/v2\/product_tag?post=1006"}],"curies":[{"name":"wp","href":"https:\/\/api.w.org\/{rel}","templated":true}]}}