{"id":10061,"date":"2017-05-15T17:33:15","date_gmt":"2017-05-15T15:33:15","guid":{"rendered":"http:\/\/klubmamgdynia.pl\/index.php\/produkt\/askato-piankowa-wyklejanka-zwierzatka\/"},"modified":"2026-04-26T21:37:07","modified_gmt":"2026-04-26T19:37:07","slug":"askato-piankowa-wyklejanka-zwierzatka","status":"publish","type":"product","link":"http:\/\/klubmamgdynia.pl\/index.php\/produkt\/askato-piankowa-wyklejanka-zwierzatka\/","title":{"rendered":"Askato Piankowa Wyklejanka Zwierz\u0105tka"},"content":{"rendered":"<p>Zestaw do tworzenia mozaiki z kolorowych kwadrat\u00f3wDziecko przykleja samoprzylepne kolorowe piankowe naklejki, tworz\u0105c pi\u0119kne obrazki ze zwierz\u0119tami. Zawarto\u015b\u0107: 4 szablony, 6 plansz z piankowymi mozaikami Wiek: +3 lata Wymiary ilustracji: 20.5 x 20.5 cm Wymiary opakowania: 22 x 22 x 4 cm Kolory mog\u0105 nieznacznie r\u00f3\u017cni\u0107 si\u0119 od prezentowanych na zdj\u0119ciach. Produkt odpowiedni dla dzieci +3 lata. Produkt zgodny z normami CE<\/p>\n<h2>Askato Piankowa Wyklejanka Zwierz\u0105tka Askato<\/h2>\n<p>zagadki trudne, pomys\u0142y na prima aprilis w szkole, zagadki logiczne \u015bmieszne, imiona postaci z bajek, kolorowanka lol, dzieci cytaty<\/p>\n<p>yyyyy<\/p>\n<p>&nbsp;<\/p>\n","protected":false},"excerpt":{"rendered":"<p>Zestaw do tworzenia mozaiki z kolorowych kwadrat\u00f3wDziecko przykleja samoprzylepne kolorowe piankowe naklejki, tworz\u0105c pi\u0119kne obrazki ze zwierz\u0119tami. Zawarto\u015b\u0107: 4 szablony, 6 plansz z piankowymi mozaikami Wiek: +3 lata Wymiary ilustracji: 20.5 x 20.5 cm Wymiary opakowania: 22 x 22 x 4 cm Kolory mog\u0105 nieznacznie r\u00f3\u017cni\u0107 si\u0119 od prezentowanych na zdj\u0119ciach. Produkt odpowiedni dla dzieci [&hellip;]<\/p>\n","protected":false},"featured_media":10062,"comment_status":"closed","ping_status":"open","template":"","meta":[],"product_cat":[230,21],"product_tag":[832,626,731,830],"class_list":["post-10061","product","type-product","status-publish","has-post-thumbnail","hentry","product_cat-askato","product_cat-zabawki-plastyczne","product_tag-desery-dla-dzieci","product_tag-jacek","product_tag-maly-ksiaze-cytaty","product_tag-rodzina-cytaty"],"_links":{"self":[{"href":"http:\/\/klubmamgdynia.pl\/index.php\/wp-json\/wp\/v2\/product\/10061","targetHints":{"allow":["GET"]}}],"collection":[{"href":"http:\/\/klubmamgdynia.pl\/index.php\/wp-json\/wp\/v2\/product"}],"about":[{"href":"http:\/\/klubmamgdynia.pl\/index.php\/wp-json\/wp\/v2\/types\/product"}],"replies":[{"embeddable":true,"href":"http:\/\/klubmamgdynia.pl\/index.php\/wp-json\/wp\/v2\/comments?post=10061"}],"wp:featuredmedia":[{"embeddable":true,"href":"http:\/\/klubmamgdynia.pl\/index.php\/wp-json\/wp\/v2\/media\/10062"}],"wp:attachment":[{"href":"http:\/\/klubmamgdynia.pl\/index.php\/wp-json\/wp\/v2\/media?parent=10061"}],"wp:term":[{"taxonomy":"product_cat","embeddable":true,"href":"http:\/\/klubmamgdynia.pl\/index.php\/wp-json\/wp\/v2\/product_cat?post=10061"},{"taxonomy":"product_tag","embeddable":true,"href":"http:\/\/klubmamgdynia.pl\/index.php\/wp-json\/wp\/v2\/product_tag?post=10061"}],"curies":[{"name":"wp","href":"https:\/\/api.w.org\/{rel}","templated":true}]}}