{"id":10065,"date":"2013-08-25T01:19:57","date_gmt":"2013-08-24T23:19:57","guid":{"rendered":"http:\/\/klubmamgdynia.pl\/index.php\/produkt\/tytoo-plucky-tatuaze-z-brokatem-dla-chlopcow\/"},"modified":"2026-04-30T11:03:53","modified_gmt":"2026-04-30T09:03:53","slug":"tytoo-plucky-tatuaze-z-brokatem-dla-chlopcow","status":"publish","type":"product","link":"http:\/\/klubmamgdynia.pl\/index.php\/produkt\/tytoo-plucky-tatuaze-z-brokatem-dla-chlopcow\/","title":{"rendered":"Tytoo Plucky Tatua\u017ce Z Brokatem Dla Ch\u0142opc\u00f3w"},"content":{"rendered":"<p>Zestaw z najpopularniejszymi wzorami dla ch\u0142opc\u00f3w, takimi jak b\u0142yszcz\u0105cy tatua\u017c TyToo Plucky. Tw\u00f3rz niesamowite i modne tatua\u017ce z brokatem, to naprawd\u0119 proste! Wystarczy szablon, odrobina kleju i brokat. W opakowaniu znajduje si\u0119 r\u00f3wnie\u017c p\u0119dzelek u\u0142atwiaj\u0105cy aplikacj\u0119 brokatu. B\u0142yszcz\u0105cy tatua\u017c jest wodoodporny!<\/p>\n<h2>Tytoo Plucky Tatua\u017ce Z Brokatem Dla Ch\u0142opc\u00f3w Dante<\/h2>\n<p>izabella imi\u0119, t\u0119cza kolorowanka, pozna\u0144 atrakcje dla dzieci, nadia imie, okolice wroc\u0142awia atrakcje, zygzak mcqueen kolorowanka, prezenty dla rocznego dziecka, krzy\u017c\u00f3wki dla dzieci do druku, lukrecja imie, dziecko cytaty, sentencje o rodzinie, dary jesieni kolorowanki jesie\u0144, prezent dla siedemnastolatka, zaczarowana zagroda &#8211; test, flagi europy quiz<\/p>\n<p>yyyyy<\/p>\n<p>&nbsp;<\/p>\n","protected":false},"excerpt":{"rendered":"<p>Zestaw z najpopularniejszymi wzorami dla ch\u0142opc\u00f3w, takimi jak b\u0142yszcz\u0105cy tatua\u017c TyToo Plucky. Tw\u00f3rz niesamowite i modne tatua\u017ce z brokatem, to naprawd\u0119 proste! Wystarczy szablon, odrobina kleju i brokat. W opakowaniu znajduje si\u0119 r\u00f3wnie\u017c p\u0119dzelek u\u0142atwiaj\u0105cy aplikacj\u0119 brokatu. B\u0142yszcz\u0105cy tatua\u017c jest wodoodporny! Tytoo Plucky Tatua\u017ce Z Brokatem Dla Ch\u0142opc\u00f3w Dante izabella imi\u0119, t\u0119cza kolorowanka, pozna\u0144 atrakcje [&hellip;]<\/p>\n","protected":false},"featured_media":10066,"comment_status":"closed","ping_status":"open","template":"","meta":[],"product_cat":[249,21],"product_tag":[583,703,592,746],"class_list":["post-10065","product","type-product","status-publish","has-post-thumbnail","hentry","product_cat-dante","product_cat-zabawki-plastyczne","product_tag-kolysanki-dla-dzieci-tekst","product_tag-prezent-dla-nastolatki","product_tag-zagadki-dla-dzieci","product_tag-zagadki-typu-co-to-jest"],"_links":{"self":[{"href":"http:\/\/klubmamgdynia.pl\/index.php\/wp-json\/wp\/v2\/product\/10065","targetHints":{"allow":["GET"]}}],"collection":[{"href":"http:\/\/klubmamgdynia.pl\/index.php\/wp-json\/wp\/v2\/product"}],"about":[{"href":"http:\/\/klubmamgdynia.pl\/index.php\/wp-json\/wp\/v2\/types\/product"}],"replies":[{"embeddable":true,"href":"http:\/\/klubmamgdynia.pl\/index.php\/wp-json\/wp\/v2\/comments?post=10065"}],"wp:featuredmedia":[{"embeddable":true,"href":"http:\/\/klubmamgdynia.pl\/index.php\/wp-json\/wp\/v2\/media\/10066"}],"wp:attachment":[{"href":"http:\/\/klubmamgdynia.pl\/index.php\/wp-json\/wp\/v2\/media?parent=10065"}],"wp:term":[{"taxonomy":"product_cat","embeddable":true,"href":"http:\/\/klubmamgdynia.pl\/index.php\/wp-json\/wp\/v2\/product_cat?post=10065"},{"taxonomy":"product_tag","embeddable":true,"href":"http:\/\/klubmamgdynia.pl\/index.php\/wp-json\/wp\/v2\/product_tag?post=10065"}],"curies":[{"name":"wp","href":"https:\/\/api.w.org\/{rel}","templated":true}]}}