{"id":10067,"date":"2011-07-27T01:15:19","date_gmt":"2011-07-26T23:15:19","guid":{"rendered":"http:\/\/klubmamgdynia.pl\/index.php\/produkt\/stepp-silk-clay-pianka-zestaw-6-kol-neon-79140\/"},"modified":"2026-04-06T01:17:54","modified_gmt":"2026-04-05T23:17:54","slug":"stepp-silk-clay-pianka-zestaw-6-kol-neon-79140","status":"publish","type":"product","link":"http:\/\/klubmamgdynia.pl\/index.php\/produkt\/stepp-silk-clay-pianka-zestaw-6-kol-neon-79140\/","title":{"rendered":"Stepp Silk Clay Pianka Zestaw 6 kol Neon 79140"},"content":{"rendered":"<p>asortyment samoutwardzalnych, elastycznych, mi\u0119kkich i lekkich mieszanek modeluj\u0105cych, kt\u00f3re po wyschni\u0119ciu zachowuj\u0105 swoj\u0105 mi\u0119kk\u0105 i gumo-podobn\u0105 tekstur\u0119 -6 neonowych kolor\u00f3w &#8211; 6&#215;14 g. Kolory w zestawie: r\u00f3\u017c, \u017c\u00f3\u0142ty, niebieski, zielony, fioletowy, pomara\u0144czowy. NAZWA ZESTAW JEDWABISTYCH MAS PLASTYCZNYCH PRODUCENT CREATIVE COMPANY EAN 5707167697863 Znajd\u017a podobne wed\u0142ug klucza: CREATIVE_COMPANY ZESTAW (357816)<\/p>\n<h2>Stepp Silk Clay Pianka Zestaw 6 kol Neon 79140 Aladine<\/h2>\n<p>kalina imi\u0119, ewelina, quizy dla przedszkolak\u00f3w, \u0142amig\u0142\u00f3wki dla dzieci do druku, atrakcje dla dzieci wroc\u0142aw i okolice, bursztynek bursztynek, trudne zagadki logiczne, bajka terapeutyczna o z\u0142o\u015bci pdf<\/p>\n<p>yyyyy<\/p>\n<p>&nbsp;<\/p>\n","protected":false},"excerpt":{"rendered":"<p>asortyment samoutwardzalnych, elastycznych, mi\u0119kkich i lekkich mieszanek modeluj\u0105cych, kt\u00f3re po wyschni\u0119ciu zachowuj\u0105 swoj\u0105 mi\u0119kk\u0105 i gumo-podobn\u0105 tekstur\u0119 -6 neonowych kolor\u00f3w &#8211; 6&#215;14 g. Kolory w zestawie: r\u00f3\u017c, \u017c\u00f3\u0142ty, niebieski, zielony, fioletowy, pomara\u0144czowy. NAZWA ZESTAW JEDWABISTYCH MAS PLASTYCZNYCH PRODUCENT CREATIVE COMPANY EAN 5707167697863 Znajd\u017a podobne wed\u0142ug klucza: CREATIVE_COMPANY ZESTAW (357816) Stepp Silk Clay Pianka Zestaw 6 [&hellip;]<\/p>\n","protected":false},"featured_media":10068,"comment_status":"closed","ping_status":"open","template":"","meta":[],"product_cat":[1880,325],"product_tag":[775,747,582],"class_list":["post-10067","product","type-product","status-publish","has-post-thumbnail","hentry","product_cat-aladine","product_cat-szkolne-artykuly-papiernicze","product_tag-kolorowanki-do-druku-pokemon","product_tag-malowanki-do-druku","product_tag-nauka-pisania-literek-do-wydruku-pdf"],"_links":{"self":[{"href":"http:\/\/klubmamgdynia.pl\/index.php\/wp-json\/wp\/v2\/product\/10067","targetHints":{"allow":["GET"]}}],"collection":[{"href":"http:\/\/klubmamgdynia.pl\/index.php\/wp-json\/wp\/v2\/product"}],"about":[{"href":"http:\/\/klubmamgdynia.pl\/index.php\/wp-json\/wp\/v2\/types\/product"}],"replies":[{"embeddable":true,"href":"http:\/\/klubmamgdynia.pl\/index.php\/wp-json\/wp\/v2\/comments?post=10067"}],"wp:featuredmedia":[{"embeddable":true,"href":"http:\/\/klubmamgdynia.pl\/index.php\/wp-json\/wp\/v2\/media\/10068"}],"wp:attachment":[{"href":"http:\/\/klubmamgdynia.pl\/index.php\/wp-json\/wp\/v2\/media?parent=10067"}],"wp:term":[{"taxonomy":"product_cat","embeddable":true,"href":"http:\/\/klubmamgdynia.pl\/index.php\/wp-json\/wp\/v2\/product_cat?post=10067"},{"taxonomy":"product_tag","embeddable":true,"href":"http:\/\/klubmamgdynia.pl\/index.php\/wp-json\/wp\/v2\/product_tag?post=10067"}],"curies":[{"name":"wp","href":"https:\/\/api.w.org\/{rel}","templated":true}]}}