{"id":10069,"date":"2012-01-07T12:43:58","date_gmt":"2012-01-07T11:43:58","guid":{"rendered":"http:\/\/klubmamgdynia.pl\/index.php\/produkt\/toyz-pojazd-na-akumulator-cuatro-black\/"},"modified":"2026-04-05T19:39:22","modified_gmt":"2026-04-05T17:39:22","slug":"toyz-pojazd-na-akumulator-cuatro-black","status":"publish","type":"product","link":"http:\/\/klubmamgdynia.pl\/index.php\/produkt\/toyz-pojazd-na-akumulator-cuatro-black\/","title":{"rendered":"Toyz Pojazd Na Akumulator Cuatro Black"},"content":{"rendered":"<p>Cuatro zosta\u0142 zaprojektowany zmy\u015bl\u0105 om\u0142odszych braciach isiostrach.Mo\u017ce zniego korzysta\u0107 ju\u017c 3 letni szkrab. Jego serduszko podbijezniewalaj\u0105cy, szpanerski wygl\u0105d pojazdu.Mocny silnik (54W)umo\u017cliwia jazd\u0119 wobu kierunkach zszybko\u015bci\u0105 a\u017c 6km\/h. Dzi\u0119kipojemnemu akumulatorowi (12V\/7Ah)frajda mo\u017ce trwa\u0107 nawet2 godziny.Co zyskujesz wybieraj\u0105c pojazd naakumulator CUATRO dla Twojego dziecka?- realizujesz marzenia Twojego dzieckao w\u0142asnym quadzie naakumulator- bezpiecze\u0144stwo Twojego dziecka- pojazd naakumulator CUATRO jest starannie wykonany zwysokiej jako\u015bci materia\u0142\u00f3w- \u015bwietny wygl\u0105d pojazdu, kt\u00f3ry zachwyci ka\u017cdego malucha &#8211; tworz\u0105 godynamiczny kszta\u0142t nadwozia, sportowe kolory, chromowany silnik ifelgi- d\u0142ugi czas zabawy- pojazd posiada mocny silnik elektryczny, zasilany wytrzyma\u0142ym akumulatorem, pozwalaj\u0105c nawet na2 godziny u\u017cytkowania najednym \u0142adowaniu- efektowne o\u015bwietlenie LEDz przodu quada, kt\u00f3re zrobi wra\u017cenie nawszystkich kolegach zpodw\u00f3rka- mo\u017cliwo\u015b\u0107 zabawy przy d\u017awi\u0119kachwbudowanych melodiilub pod\u0142\u0105czenie odtwarzacza MP3- jasn\u0105 instrukcj\u0119 i\u0142atwy monta\u017c<\/p>\n<h2>Toyz Pojazd Na Akumulator Cuatro Black Toyz<\/h2>\n<p>ozdoby na choinke przedszkole, minecraft quiz, kr\u00f3tkie zagadki, pomys\u0142y na dzie\u0144 dziecka dla nastolatk\u00f3w, \u0142ama\u0144ce j\u0119zykowe dla dzieci, antystresowe mandale do druku, menu urodzinowe dla dzieci w wieku 8 10 lat, asiunia pytania do lektury, kolorowanka lego friends, kr\u00f3tkie zagadki logiczne, anio\u0142ki w niebie pisz\u0105, zabawka dla rocznej dziewczynki, madre zyczenia bozonarodzeniowe, jak narysowa\u0107 oko, traktor do druku, zagadki dla 7 latk\u00f3w, konkurencje sportowe dla dzieci, prezenty dla nastolatki, test z opowie\u015bci z narnii, imi\u0119 r\u00f3\u017ca<\/p>\n<p>yyyyy<\/p>\n<p>&nbsp;<\/p>\n","protected":false},"excerpt":{"rendered":"<p>Cuatro zosta\u0142 zaprojektowany zmy\u015bl\u0105 om\u0142odszych braciach isiostrach.Mo\u017ce zniego korzysta\u0107 ju\u017c 3 letni szkrab. Jego serduszko podbijezniewalaj\u0105cy, szpanerski wygl\u0105d pojazdu.Mocny silnik (54W)umo\u017cliwia jazd\u0119 wobu kierunkach zszybko\u015bci\u0105 a\u017c 6km\/h. Dzi\u0119kipojemnemu akumulatorowi (12V\/7Ah)frajda mo\u017ce trwa\u0107 nawet2 godziny.Co zyskujesz wybieraj\u0105c pojazd naakumulator CUATRO dla Twojego dziecka?- realizujesz marzenia Twojego dzieckao w\u0142asnym quadzie naakumulator- bezpiecze\u0144stwo Twojego dziecka- pojazd naakumulator CUATRO [&hellip;]<\/p>\n","protected":false},"featured_media":10070,"comment_status":"closed","ping_status":"open","template":"","meta":[],"product_cat":[498,457],"product_tag":[765,601,721,849,635],"class_list":["post-10069","product","type-product","status-publish","has-post-thumbnail","hentry","product_cat-pozostale-pojazdy-dla-dzieci","product_cat-toyz","product_tag-atrakcje-dla-dzieci-warszawa","product_tag-zagadki-co-to-jest","product_tag-zagadki-matematyczne","product_tag-zagadki-matematyczne-dla-dzieci","product_tag-znaki-drogowe-do-druku"],"_links":{"self":[{"href":"http:\/\/klubmamgdynia.pl\/index.php\/wp-json\/wp\/v2\/product\/10069","targetHints":{"allow":["GET"]}}],"collection":[{"href":"http:\/\/klubmamgdynia.pl\/index.php\/wp-json\/wp\/v2\/product"}],"about":[{"href":"http:\/\/klubmamgdynia.pl\/index.php\/wp-json\/wp\/v2\/types\/product"}],"replies":[{"embeddable":true,"href":"http:\/\/klubmamgdynia.pl\/index.php\/wp-json\/wp\/v2\/comments?post=10069"}],"wp:featuredmedia":[{"embeddable":true,"href":"http:\/\/klubmamgdynia.pl\/index.php\/wp-json\/wp\/v2\/media\/10070"}],"wp:attachment":[{"href":"http:\/\/klubmamgdynia.pl\/index.php\/wp-json\/wp\/v2\/media?parent=10069"}],"wp:term":[{"taxonomy":"product_cat","embeddable":true,"href":"http:\/\/klubmamgdynia.pl\/index.php\/wp-json\/wp\/v2\/product_cat?post=10069"},{"taxonomy":"product_tag","embeddable":true,"href":"http:\/\/klubmamgdynia.pl\/index.php\/wp-json\/wp\/v2\/product_tag?post=10069"}],"curies":[{"name":"wp","href":"https:\/\/api.w.org\/{rel}","templated":true}]}}