{"id":10071,"date":"2015-09-06T22:37:20","date_gmt":"2015-09-06T20:37:20","guid":{"rendered":"http:\/\/klubmamgdynia.pl\/index.php\/produkt\/aladine-farba-do-szkla-izink-115ml-pastelowyroz\/"},"modified":"2026-04-29T11:01:09","modified_gmt":"2026-04-29T09:01:09","slug":"aladine-farba-do-szkla-izink-115ml-pastelowyroz","status":"publish","type":"product","link":"http:\/\/klubmamgdynia.pl\/index.php\/produkt\/aladine-farba-do-szkla-izink-115ml-pastelowyroz\/","title":{"rendered":"Aladine Farba Do Szk\u0142a Izink 11,5Ml Pastelowyr\u00f3\u017c"},"content":{"rendered":"<p>Farba do szk\u0142a i innych powierzchni &#8211; Izink Pigment. Nakr\u0119tka z wbudowanym p\u0119dzelkiem do nak\u0142adania farby.W projektowaniu tego medium wzi\u0105\u0142 udzia\u0142 znany ameryka\u0144ski artysta Seth Apter.Nadaje si\u0119 do u\u017cycia na ka\u017cdym rodzaju powierzchni, takich jak szk\u0142o, ceramika, metal, plastik, drewno, beton, papier itp.Idealna do spersonalizowania ozd\u00f3b mieszkania i naczy\u0144. Mo\u017cna rozcie\u0144cza\u0107 wod\u0105 lub alkoholem. Odporna na promieniowanie UV. Mo\u017cna miesza\u0107 kolory.Nie powinna mie\u0107 kontaktu z jedzeniem lub piciem, wi\u0119c kubki i miseczki nale\u017cy ozdabia\u0107 po zewn\u0119trznej stronie, a szklane talerze od spodu. Odporna na zmywanie w zmywarce po utrwaleniu termicznym w piekarniku (20 minut 150 \u00b0C).Nieodpowiednie dla dzieci w wieku poni\u017cej 36 miesi\u0119cy.Pojemno\u015b\u0107 11,5 ml. Made in France.<\/p>\n<h2>Aladine Farba Do Szk\u0142a Izink 11,5Ml Pastelowyr\u00f3\u017c Aladine<\/h2>\n<p>rozrywka dla dzieci, wielkanocne zagadki dla dzieci, pan twardowski na ksi\u0119\u017cycu wiersz, mi\u0142osz imi\u0119, kot rysunek dla dzieci, prezent dla nastolatk\u00f3w ch\u0142opc\u00f3w, zagadki wielkanocne do druku, pomys\u0142 na prezent dla 15 latki<\/p>\n<p>yyyyy<\/p>\n<p>&nbsp;<\/p>\n","protected":false},"excerpt":{"rendered":"<p>Farba do szk\u0142a i innych powierzchni &#8211; Izink Pigment. Nakr\u0119tka z wbudowanym p\u0119dzelkiem do nak\u0142adania farby.W projektowaniu tego medium wzi\u0105\u0142 udzia\u0142 znany ameryka\u0144ski artysta Seth Apter.Nadaje si\u0119 do u\u017cycia na ka\u017cdym rodzaju powierzchni, takich jak szk\u0142o, ceramika, metal, plastik, drewno, beton, papier itp.Idealna do spersonalizowania ozd\u00f3b mieszkania i naczy\u0144. Mo\u017cna rozcie\u0144cza\u0107 wod\u0105 lub alkoholem. Odporna [&hellip;]<\/p>\n","protected":false},"featured_media":10072,"comment_status":"closed","ping_status":"open","template":"","meta":[],"product_cat":[1880,1397],"product_tag":[864,773,793],"class_list":["post-10071","product","type-product","status-publish","has-post-thumbnail","hentry","product_cat-aladine","product_cat-farby-i-media-malarskie","product_tag-basen-warszawa","product_tag-test-z-lektury-opowiesci-z-narnii-lew-czarownica-i-stara-szafa","product_tag-zagadki-smieszne-podchwytliwe"],"_links":{"self":[{"href":"http:\/\/klubmamgdynia.pl\/index.php\/wp-json\/wp\/v2\/product\/10071","targetHints":{"allow":["GET"]}}],"collection":[{"href":"http:\/\/klubmamgdynia.pl\/index.php\/wp-json\/wp\/v2\/product"}],"about":[{"href":"http:\/\/klubmamgdynia.pl\/index.php\/wp-json\/wp\/v2\/types\/product"}],"replies":[{"embeddable":true,"href":"http:\/\/klubmamgdynia.pl\/index.php\/wp-json\/wp\/v2\/comments?post=10071"}],"wp:featuredmedia":[{"embeddable":true,"href":"http:\/\/klubmamgdynia.pl\/index.php\/wp-json\/wp\/v2\/media\/10072"}],"wp:attachment":[{"href":"http:\/\/klubmamgdynia.pl\/index.php\/wp-json\/wp\/v2\/media?parent=10071"}],"wp:term":[{"taxonomy":"product_cat","embeddable":true,"href":"http:\/\/klubmamgdynia.pl\/index.php\/wp-json\/wp\/v2\/product_cat?post=10071"},{"taxonomy":"product_tag","embeddable":true,"href":"http:\/\/klubmamgdynia.pl\/index.php\/wp-json\/wp\/v2\/product_tag?post=10071"}],"curies":[{"name":"wp","href":"https:\/\/api.w.org\/{rel}","templated":true}]}}