{"id":10075,"date":"2020-03-22T21:36:17","date_gmt":"2020-03-22T20:36:17","guid":{"rendered":"http:\/\/klubmamgdynia.pl\/index.php\/produkt\/toyz-tipi-namiot-lapacze-snow-rozowe\/"},"modified":"2026-05-17T22:20:49","modified_gmt":"2026-05-17T20:20:49","slug":"toyz-tipi-namiot-lapacze-snow-rozowe","status":"publish","type":"product","link":"http:\/\/klubmamgdynia.pl\/index.php\/produkt\/toyz-tipi-namiot-lapacze-snow-rozowe\/","title":{"rendered":"Toyz Tipi Namiot \u0141apacze Sn\u00f3w R\u00f3\u017cowe"},"content":{"rendered":"<p>Namiot Tipi od TOYZ to \u015bwietny spos\u00f3b na stworzenie k\u0105cika, kt\u00f3ry b\u0119dzie inspirowa\u0142 do nowych zabaw i jednocze\u015bnie na oryginaln\u0105 aran\u017cacj\u0119 wn\u0119trza. Tipi ma zas\u0142aniane okienko, kt\u00f3re dodaje uroku oraz poduszki, kt\u00f3re uprzyjemni\u0105 czas sp\u0119dzany w \u015brodku. Do dyspozycji s\u0105 r\u00f3wnie\u017c 2 kieszenie o wymiarach 10&#215;14 cm i 15&#215;14 cm, gdzie zmieszcz\u0105 si\u0119 ulubione maskotki. Gruba mata izoluje od pod\u0142o\u017ca i zwi\u0119ksza komfort zabawy. Ca\u0142o\u015bci dope\u0142nia 150-centymetrowa girlanda.Dane techniczne: Przedzia\u0142 wiekowy: 3+Wymiary: 104x104x164 cm &#8211; roz\u0142o\u017conyMateria\u0142:Poszycie namiotu, maty, pokrowca i poduszek: 100 % bawe\u0142naWype\u0142nienie poduszek i maty: 100% w\u0142\u00f3knina silikonowaSp\u00f3d maty: 100% poliesterPa\u0142\u0105ki: 100% drewno sosnoweSpos\u00f3b konserwacji:Pra\u0107 temp. max. 30OCPrasowa\u0107 przy temp. max. 110OCWymiary opakowania: 94x20x26 cmWaga: 4 kgSk\u0142ad zestawu:1 x namiot tipi1 x gruba mata o wymiarach 104 cm x 104 cm2 x poduszki o wymiarach 30 cm x 30 cm8 x drewniane tyczki4 x klipsy do \u0142\u0105czenia tyczek1 x sznurek do wi\u0105zania1 x stabilizator1 x torba bawe\u0142nianaNajwa\u017cniejsze cechy:\u2022 mi\u0142a dla oka kolorystyka i wysoka jako\u015b\u0107 wykonania\u2022 gwarancja dobrej zabawy, dzi\u0119ki licznym dodatkom\u2022 stabilizator chroni\u0105cy przed przewr\u00f3ceniem namiotu\u2022 kolory pasuj\u0105ce do ka\u017cdego pokoiku\u2022 2 kieszenie na zabawki\u2022 2 poduszki i girlanda w zestawie\u2022 tyczki z gumow\u0105 ko\u0144c\u00f3wk\u0105, kt\u00f3ra chroni przed przesuwaniem si\u0119 namiotu i porysowaniem pod\u0142ogi\u2022 produkt polski<\/p>\n<h2>Toyz Tipi Namiot \u0141apacze Sn\u00f3w R\u00f3\u017cowe Toyz<\/h2>\n<p>zagadki dla dzieci 7-8 lat online, wr\u00f3zby andrzejkowe dla dzieci, prezenty na dzie\u0144 dziecka dla nastolatk\u00f3w, kolorowanka my little pony, milena, mi\u0142o\u015b\u0107 do dziecka cytaty, kr\u00f3tkie bajki do czytania, testy ma\u0142y ksi\u0105\u017ce, prezenty dla rocznego dziecka, krak\u00f3w atrakcje dla dzieci, pomys\u0142 na prezent dla 7 latki, zagadki na myslenie, najrzadsze imiona dla dziewczynek, kolorowanki disney, mira imie, quiz o hejka tu lenka, wroc\u0142aw atrakcje dla m\u0142odzie\u017cy, kolorowanka lego ninjago, pomys\u0142 na prezent dla 15 latki, kira, zadania dla 7 latka do druku<\/p>\n<p>yyyyy<\/p>\n<p>&nbsp;<\/p>\n","protected":false},"excerpt":{"rendered":"<p>Namiot Tipi od TOYZ to \u015bwietny spos\u00f3b na stworzenie k\u0105cika, kt\u00f3ry b\u0119dzie inspirowa\u0142 do nowych zabaw i jednocze\u015bnie na oryginaln\u0105 aran\u017cacj\u0119 wn\u0119trza. Tipi ma zas\u0142aniane okienko, kt\u00f3re dodaje uroku oraz poduszki, kt\u00f3re uprzyjemni\u0105 czas sp\u0119dzany w \u015brodku. Do dyspozycji s\u0105 r\u00f3wnie\u017c 2 kieszenie o wymiarach 10&#215;14 cm i 15&#215;14 cm, gdzie zmieszcz\u0105 si\u0119 ulubione maskotki. [&hellip;]<\/p>\n","protected":false},"featured_media":10076,"comment_status":"closed","ping_status":"open","template":"","meta":[],"product_cat":[282,457],"product_tag":[839,702,648,734],"class_list":["post-10075","product","type-product","status-publish","has-post-thumbnail","hentry","product_cat-domki-i-namioty-dla-dzieci","product_cat-toyz","product_tag-bajki-na-dobranoc-do-czytania","product_tag-co-kupic-na-roczek-dla-dziewczynki","product_tag-dobrej-nocy-i-sza","product_tag-milan-imie"],"_links":{"self":[{"href":"http:\/\/klubmamgdynia.pl\/index.php\/wp-json\/wp\/v2\/product\/10075","targetHints":{"allow":["GET"]}}],"collection":[{"href":"http:\/\/klubmamgdynia.pl\/index.php\/wp-json\/wp\/v2\/product"}],"about":[{"href":"http:\/\/klubmamgdynia.pl\/index.php\/wp-json\/wp\/v2\/types\/product"}],"replies":[{"embeddable":true,"href":"http:\/\/klubmamgdynia.pl\/index.php\/wp-json\/wp\/v2\/comments?post=10075"}],"wp:featuredmedia":[{"embeddable":true,"href":"http:\/\/klubmamgdynia.pl\/index.php\/wp-json\/wp\/v2\/media\/10076"}],"wp:attachment":[{"href":"http:\/\/klubmamgdynia.pl\/index.php\/wp-json\/wp\/v2\/media?parent=10075"}],"wp:term":[{"taxonomy":"product_cat","embeddable":true,"href":"http:\/\/klubmamgdynia.pl\/index.php\/wp-json\/wp\/v2\/product_cat?post=10075"},{"taxonomy":"product_tag","embeddable":true,"href":"http:\/\/klubmamgdynia.pl\/index.php\/wp-json\/wp\/v2\/product_tag?post=10075"}],"curies":[{"name":"wp","href":"https:\/\/api.w.org\/{rel}","templated":true}]}}