{"id":10077,"date":"2016-08-22T22:57:44","date_gmt":"2016-08-22T20:57:44","guid":{"rendered":"http:\/\/klubmamgdynia.pl\/index.php\/produkt\/chicco-chicco-kolorowa-mata-cyfry\/"},"modified":"2026-04-25T01:23:48","modified_gmt":"2026-04-24T23:23:48","slug":"chicco-chicco-kolorowa-mata-cyfry","status":"publish","type":"product","link":"http:\/\/klubmamgdynia.pl\/index.php\/produkt\/chicco-chicco-kolorowa-mata-cyfry\/","title":{"rendered":"Chicco Chicco Kolorowa Mata Cyfry"},"content":{"rendered":"<p>Idealna mata do le\u017cakowania i kolorowania! BABY SENSES to linia kolorowych, przyci\u0105gaj\u0105cych uwag\u0119 dziecka, empatycznych zabawek, kt\u00f3re nawi\u0105zuj\u0105 do przedmiot\u00f3w uwielbianych przez najm\u0142odszych. Ka\u017cda chwila dnia i ka\u017cdy kontekst s\u0105 dla dzieci okazj\u0105 do odkrycia otaczaj\u0105cego ich \u015bwiata i doskonalenia swoich umiej\u0119tno\u015bci samodzielnie lub w towarzystwie doros\u0142ych.Zabawki stymuluj\u0105 rozw\u00f3j zmys\u0142\u00f3w poprzez \u0107wiczenia usprawniaj\u0105ce pami\u0119\u0107 i koncentracj\u0119 uwagi.Zabawki pomagaj\u0105 rodzicom w zaspokajaniu naturalnego pragnienia swoich pociech odkrywania otaczaj\u0105cego ich \u015bwiata.KOLOROWA MATA CYFRY to du\u017ca, niezwykle przyjemna w dotyku mata do le\u017cakowania i kolorowania, kt\u00f3ra uczy pierwszych liczb i \u017cywio\u0142\u00f3w przyrody, zwierz\u0105t i miejsca ich zamieszkania.Magiczny flamaster wodny wielokrotnego u\u017cytku sprawi, \u017ce artystyczna zabawa nie b\u0119dzie mie\u0107 ko\u0144ca! Po nape\u0142nieniu flamastra wod\u0105, gdy tylko jego ko\u0144c\u00f3wka dotknie jednego z pi\u0119ciu bia\u0142ych obszar\u00f3w maty, kolory na rysunkach magicznie si\u0119 pojawi\u0105. Po wyschni\u0119ciu wody kolor znika, a mata jest gotowa do ponownego pokolorowania.5 obszar\u00f3w do kolorowania!Mo\u017cliwo\u015b\u0107 wielokrotnego kolorowania rysunk\u00f3w!Mata jest \u0142atwa do utrzymania w czysto\u015bci &#8211; mo\u017cliwo\u015b\u0107 prania maty r\u0119cznie.Mata ma wymiary: 80&#215;80 cm<\/p>\n<h2>Chicco Chicco Kolorowa Mata Cyfry Chicco<\/h2>\n<p>minionki kolorowanka, god\u0142o polski do druku, warsztaty dla dzieci warszawa, pytania zagadki, cytat rodzina, dzie\u0144 pluszowego misia 2021, r\u00f3\u017ca imie, miko\u0142ajek &#8211; test z odpowiedziami, aurora imi\u0119, dziecko cytaty z\u0142ote my\u015bli, miasto dzieci, test magiczne drzewo czerwone krzes\u0142o, konie quiz, imie iwo, prezenty dla rocznego dziecka, jasmin imie, my little pony kolorowanka, laurka dla mamy rysunek, domki nad morzem z atrakcjami dla dzieci, pytania wielkanocne<\/p>\n<p>yyyyy<\/p>\n<p>&nbsp;<\/p>\n","protected":false},"excerpt":{"rendered":"<p>Idealna mata do le\u017cakowania i kolorowania! BABY SENSES to linia kolorowych, przyci\u0105gaj\u0105cych uwag\u0119 dziecka, empatycznych zabawek, kt\u00f3re nawi\u0105zuj\u0105 do przedmiot\u00f3w uwielbianych przez najm\u0142odszych. Ka\u017cda chwila dnia i ka\u017cdy kontekst s\u0105 dla dzieci okazj\u0105 do odkrycia otaczaj\u0105cego ich \u015bwiata i doskonalenia swoich umiej\u0119tno\u015bci samodzielnie lub w towarzystwie doros\u0142ych.Zabawki stymuluj\u0105 rozw\u00f3j zmys\u0142\u00f3w poprzez \u0107wiczenia usprawniaj\u0105ce pami\u0119\u0107 i [&hellip;]<\/p>\n","protected":false},"featured_media":10078,"comment_status":"closed","ping_status":"open","template":"","meta":[],"product_cat":[312,55],"product_tag":[822,809,746,634],"class_list":["post-10077","product","type-product","status-publish","has-post-thumbnail","hentry","product_cat-chicco","product_cat-maty-edukacyjne","product_tag-wierszyki-o-wakacjach-krotkie","product_tag-zagadki","product_tag-zagadki-typu-co-to-jest","product_tag-zagadki-wielkanocne-dla-dzieci"],"_links":{"self":[{"href":"http:\/\/klubmamgdynia.pl\/index.php\/wp-json\/wp\/v2\/product\/10077","targetHints":{"allow":["GET"]}}],"collection":[{"href":"http:\/\/klubmamgdynia.pl\/index.php\/wp-json\/wp\/v2\/product"}],"about":[{"href":"http:\/\/klubmamgdynia.pl\/index.php\/wp-json\/wp\/v2\/types\/product"}],"replies":[{"embeddable":true,"href":"http:\/\/klubmamgdynia.pl\/index.php\/wp-json\/wp\/v2\/comments?post=10077"}],"wp:featuredmedia":[{"embeddable":true,"href":"http:\/\/klubmamgdynia.pl\/index.php\/wp-json\/wp\/v2\/media\/10078"}],"wp:attachment":[{"href":"http:\/\/klubmamgdynia.pl\/index.php\/wp-json\/wp\/v2\/media?parent=10077"}],"wp:term":[{"taxonomy":"product_cat","embeddable":true,"href":"http:\/\/klubmamgdynia.pl\/index.php\/wp-json\/wp\/v2\/product_cat?post=10077"},{"taxonomy":"product_tag","embeddable":true,"href":"http:\/\/klubmamgdynia.pl\/index.php\/wp-json\/wp\/v2\/product_tag?post=10077"}],"curies":[{"name":"wp","href":"https:\/\/api.w.org\/{rel}","templated":true}]}}