{"id":1008,"date":"2016-08-25T02:56:52","date_gmt":"2016-08-25T00:56:52","guid":{"rendered":"http:\/\/klubmamgdynia.pl\/index.php\/produkt\/little-tikes-my-first-mighty-blasters-boom-blaster-6512550\/"},"modified":"2026-05-17T21:26:19","modified_gmt":"2026-05-17T19:26:19","slug":"little-tikes-my-first-mighty-blasters-boom-blaster-6512550","status":"publish","type":"product","link":"http:\/\/klubmamgdynia.pl\/index.php\/produkt\/little-tikes-my-first-mighty-blasters-boom-blaster-6512550\/","title":{"rendered":"Little Tikes My First Mighty Blasters Boom Blaster 6512550"},"content":{"rendered":"<p>Wyrzutnia My First Mighty Blasters Boom Blaster                            <\/p>\n<p>Little Tikes My First Mighty Blasters to kreatywna zabawka bezpieczna dla dzieci od 3 roku \u017cycia. Zabawka jest \u0142atwa w obs\u0142udze i zawiera trzy mi\u0119kkie pociski. Przedzia\u0142 wiekowy Od 3 lat Wymiary ok. 32 cm Wymiary opakowania: 36 x 35 x 12 cm                            <\/p>\n<p>                    Zobacz podobne produkty<\/p>\n<p>            Little Tikes My First Mighty Blasters Power Pack 2 652769<\/p>\n<p>            Little Tikes My First Mighty Blasters Power Pack 3 652776<\/p>\n<p>            Little Tikes My First Mighty Blasters Power Pack 1 652752<\/p>\n<p>            Little Tikes My First Mighty Blasters Mighty Bow 651274<\/p>\n<p>            Little Tikes My First Mighty Blasters Boom Blaster 6512550<\/p>\n<h2>Little Tikes My First Mighty Blasters Boom Blaster 6512550 Little Tikes<\/h2>\n<p>zagadki matematyczne z odpowiedziami, rainbow dash kolorowanka, ninjago kolorowanka, tymoteusz znaczenie imienia, gabriela, miko\u0142ajek sprawdzian z lektury z odpowiedziami, samochwa\u0142a<\/p>\n<p>yyyyy<\/p>\n<p>&nbsp;<\/p>\n","protected":false},"excerpt":{"rendered":"<p>Wyrzutnia My First Mighty Blasters Boom Blaster Little Tikes My First Mighty Blasters to kreatywna zabawka bezpieczna dla dzieci od 3 roku \u017cycia. Zabawka jest \u0142atwa w obs\u0142udze i zawiera trzy mi\u0119kkie pociski. Przedzia\u0142 wiekowy Od 3 lat Wymiary ok. 32 cm Wymiary opakowania: 36 x 35 x 12 cm Zobacz podobne produkty Little Tikes [&hellip;]<\/p>\n","protected":false},"featured_media":1009,"comment_status":"closed","ping_status":"open","template":"","meta":[],"product_cat":[317,295],"product_tag":[670,642,703,587,628],"class_list":["post-1008","product","type-product","status-publish","has-post-thumbnail","hentry","product_cat-little-tikes","product_cat-pozostale-zabawki","product_tag-irma","product_tag-mia-imie","product_tag-prezent-dla-nastolatki","product_tag-skalne-miasto","product_tag-zagadka"],"_links":{"self":[{"href":"http:\/\/klubmamgdynia.pl\/index.php\/wp-json\/wp\/v2\/product\/1008","targetHints":{"allow":["GET"]}}],"collection":[{"href":"http:\/\/klubmamgdynia.pl\/index.php\/wp-json\/wp\/v2\/product"}],"about":[{"href":"http:\/\/klubmamgdynia.pl\/index.php\/wp-json\/wp\/v2\/types\/product"}],"replies":[{"embeddable":true,"href":"http:\/\/klubmamgdynia.pl\/index.php\/wp-json\/wp\/v2\/comments?post=1008"}],"wp:featuredmedia":[{"embeddable":true,"href":"http:\/\/klubmamgdynia.pl\/index.php\/wp-json\/wp\/v2\/media\/1009"}],"wp:attachment":[{"href":"http:\/\/klubmamgdynia.pl\/index.php\/wp-json\/wp\/v2\/media?parent=1008"}],"wp:term":[{"taxonomy":"product_cat","embeddable":true,"href":"http:\/\/klubmamgdynia.pl\/index.php\/wp-json\/wp\/v2\/product_cat?post=1008"},{"taxonomy":"product_tag","embeddable":true,"href":"http:\/\/klubmamgdynia.pl\/index.php\/wp-json\/wp\/v2\/product_tag?post=1008"}],"curies":[{"name":"wp","href":"https:\/\/api.w.org\/{rel}","templated":true}]}}