{"id":10081,"date":"2021-11-24T11:11:57","date_gmt":"2021-11-24T10:11:57","guid":{"rendered":"http:\/\/klubmamgdynia.pl\/index.php\/produkt\/nigra-rowerek-trojkolowy-czerwony-mj002364\/"},"modified":"2026-04-24T05:17:57","modified_gmt":"2026-04-24T03:17:57","slug":"nigra-rowerek-trojkolowy-czerwony-mj002364","status":"publish","type":"product","link":"http:\/\/klubmamgdynia.pl\/index.php\/produkt\/nigra-rowerek-trojkolowy-czerwony-mj002364\/","title":{"rendered":"Nigra Rowerek Tr\u00f3jko\u0142owy Czerwony (MJ002364)"},"content":{"rendered":"<p>ROWEREK TR\u00d3JKO\u0141OWY JE\u0179DZIK ROWER BIEGOWY DZIECI\u0118CY CZERWONYTyp: Rowerek trojko\u0142owyModel: MJ002364Kolor: CzerwonyRozmiar: 60*48*50.5 cm.Cechy produktu:1. Rowerek tr\u00f3jko\u0142owy wyposa\u017cony w tyln\u0105 skrzyni\u0119,2. Peda\u0142y antypo\u015blizgowe3. Opona przeciwpo\u015blizgowa,4. Du\u017cy kufer pozwoli dziecku na przechowywanie w\u0142asnych zabawek,5. Pogrubiona konstrukcja ko\u0142a &#8211; bardziej stabilna jazda, zmniejsza zapadanie si\u0119 w pod\u0142o\u017cu,4. Zewn\u0119trzny cze\u015b\u0107 k\u00f3\u0142 pojazdu pokryta jest materia\u0142em gumowym, antypo\u015blizgowym i odpornym na wstrz\u0105sy i tarcie &#8211; nie martw si\u0119 o pod\u0142og\u0119 w domu,5. Specjalnie zaprojektowana tr\u00f3jk\u0105tna konstrukcja przodu, zapobiegaj\u0105ca przechyleniu ramion dziecka &#8211; pomaga dziecku rozwin\u0105\u0107 prawid\u0142ow\u0105 postaw\u0119 podczas jazdy;<\/p>\n<h2>Nigra Rowerek Tr\u00f3jko\u0142owy Czerwony (MJ002364) <\/h2>\n<p>znaczenie imienia alan, zagadki dla dzieci o zwierz\u0119tach, okolice wroc\u0142awia atrakcje, kolorowanki antystresowe do druku, matylda imi\u0119, kolorowanka antystresowa, tekst ko\u0142ysanki, bo\u017ce narodzenie (film), asiunia test z lektury<\/p>\n<p>yyyyy<\/p>\n<p>&nbsp;<\/p>\n","protected":false},"excerpt":{"rendered":"<p>ROWEREK TR\u00d3JKO\u0141OWY JE\u0179DZIK ROWER BIEGOWY DZIECI\u0118CY CZERWONYTyp: Rowerek trojko\u0142owyModel: MJ002364Kolor: CzerwonyRozmiar: 60*48*50.5 cm.Cechy produktu:1. Rowerek tr\u00f3jko\u0142owy wyposa\u017cony w tyln\u0105 skrzyni\u0119,2. Peda\u0142y antypo\u015blizgowe3. Opona przeciwpo\u015blizgowa,4. Du\u017cy kufer pozwoli dziecku na przechowywanie w\u0142asnych zabawek,5. Pogrubiona konstrukcja ko\u0142a &#8211; bardziej stabilna jazda, zmniejsza zapadanie si\u0119 w pod\u0142o\u017cu,4. Zewn\u0119trzny cze\u015b\u0107 k\u00f3\u0142 pojazdu pokryta jest materia\u0142em gumowym, antypo\u015blizgowym i odpornym [&hellip;]<\/p>\n","protected":false},"featured_media":10082,"comment_status":"closed","ping_status":"open","template":"","meta":[],"product_cat":[464],"product_tag":[833,699,771,641,659],"class_list":["post-10081","product","type-product","status-publish","has-post-thumbnail","hentry","product_cat-rowerki-trojkolowe","product_tag-bajki-dla-dzieci-do-czytania","product_tag-kolorowanki-do-druku-dla-dziewczyn","product_tag-stolice-europy-quiz","product_tag-trudne-zagadki-logiczne","product_tag-tupu-tup-po-sniegu-tekst"],"_links":{"self":[{"href":"http:\/\/klubmamgdynia.pl\/index.php\/wp-json\/wp\/v2\/product\/10081","targetHints":{"allow":["GET"]}}],"collection":[{"href":"http:\/\/klubmamgdynia.pl\/index.php\/wp-json\/wp\/v2\/product"}],"about":[{"href":"http:\/\/klubmamgdynia.pl\/index.php\/wp-json\/wp\/v2\/types\/product"}],"replies":[{"embeddable":true,"href":"http:\/\/klubmamgdynia.pl\/index.php\/wp-json\/wp\/v2\/comments?post=10081"}],"wp:featuredmedia":[{"embeddable":true,"href":"http:\/\/klubmamgdynia.pl\/index.php\/wp-json\/wp\/v2\/media\/10082"}],"wp:attachment":[{"href":"http:\/\/klubmamgdynia.pl\/index.php\/wp-json\/wp\/v2\/media?parent=10081"}],"wp:term":[{"taxonomy":"product_cat","embeddable":true,"href":"http:\/\/klubmamgdynia.pl\/index.php\/wp-json\/wp\/v2\/product_cat?post=10081"},{"taxonomy":"product_tag","embeddable":true,"href":"http:\/\/klubmamgdynia.pl\/index.php\/wp-json\/wp\/v2\/product_tag?post=10081"}],"curies":[{"name":"wp","href":"https:\/\/api.w.org\/{rel}","templated":true}]}}