{"id":10083,"date":"2013-01-14T15:56:07","date_gmt":"2013-01-14T14:56:07","guid":{"rendered":"http:\/\/klubmamgdynia.pl\/index.php\/produkt\/woopie-klocki-magnetyczne-tor-kulkowy-swietlny-49el\/"},"modified":"2026-04-03T11:31:50","modified_gmt":"2026-04-03T09:31:50","slug":"woopie-klocki-magnetyczne-tor-kulkowy-swietlny-49el","status":"publish","type":"product","link":"http:\/\/klubmamgdynia.pl\/index.php\/produkt\/woopie-klocki-magnetyczne-tor-kulkowy-swietlny-49el\/","title":{"rendered":"Woopie Klocki Magnetyczne Tor Kulkowy \u015awietlny 49El."},"content":{"rendered":"<p>Klocki Magnetyczne od marki WOOPIE zwr\u00f3c\u0105 uwag\u0119 i zafascynuj\u0105 Twoje dziecko. Klocki w bardzo \u0142atwy spos\u00f3b \u0142\u0105cz\u0105 si\u0119 ze sob\u0105, mo\u017cna z nich stworzy\u0107 wspania\u0142e konstrukcje ze zje\u017cd\u017calniami np. tor po kt\u00f3rym przemieszcza si\u0119 kulka. Tor mo\u017cna pod\u015bwietli\u0107 do\u0142\u0105czon\u0105 latark\u0105, aby robi\u0142 jeszcze wi\u0119ksze wra\u017cenie, a samo dziecko mo\u017ce wtedy zaobserwowa\u0107 jak przemieszcza si\u0119 \u015bwiat\u0142o, co rozwinie u niego percepcj\u0119. Samo u\u0142o\u017cenie toru tak, aby kulki bez problemu dochodzi\u0142y do ko\u0144ca rozwinie u dziecka logicznemy\u015blenie, wyobra\u017anie, kreatywno\u015b\u0107 oraz skoncentruje go podczas tworzenia konstrukcji. Przez uk\u0142adanie klock\u00f3w dziecko poznaje kszta\u0142ty i kolory oraz \u0107wiczy zdolno\u015bci manualne tzw. motoryk\u0119 ma\u0142\u0105.Charakterystyka:- zabawka od 3 roku \u017cycia- klocki \u0142atwo mo\u017cna \u0142\u0105czy\u0107 ze sob\u0105- nieograniczonemo\u017cliwo\u015bci budowania konstrukcji- tor mo\u017cna pod\u015bwietli\u0107- budowanie klock\u00f3w rozwija: logicznemy\u015blenie, wyobra\u017anie, kreatywno\u015b\u0107,koncentracje oraz zdolno\u015bci manualne- opakowanie z uchwytem \u0142atwe do przenoszenia oraz idealne na prezentZestaw zawiera 49 el., w tym m.in.:- klocki r\u00f3\u017cnego rodzaju konstrukcyjne zje\u017cd\u017calni- p\u0142askie klocki- latarki oraz \u015bwiec\u0105ce klocki- instrukcj\u0119- naklejki z obrazkamiFirma Woopie jest jednym z czo\u0142owych producent\u00f3w zabawek z tworzyw sztucznych w Europie. Produkty firmy Woopie s\u0105 sprzedawane z powodzeniem na rynku krajowym i w ca\u0142ej Europie.Zabawki marki Woopie maj\u0105 jeden cel &#8211; wzbudza\u0107 rado\u015b\u0107 dzieci! Po\u015br\u00f3d bogatego asortymentu, Woopie posiada mi\u0119dzy innymi stroje karnawa\u0142owe i przebrania dla dzieci, ale tak\u017ce hu\u015btawki zawieszane, zabawki piankowe, r\u00f3\u017cnego rodzaju zabawki ogrodowe, oraz du\u017co wi\u0119cej! Daj si\u0119 ponie\u015b\u0107 zabawie &#8211; daj si\u0119 ponie\u015b\u0107 Woopie!<\/p>\n<h2>Woopie Klocki Magnetyczne Tor Kulkowy \u015awietlny 49El. Woopie<\/h2>\n<p>alan imie, prezenty dla 16 latki, przyjazn, zabawy na dzie\u0144 dziecka w szkole, fajne \u017carty na prima aprilis, pomys\u0142 na laurk\u0119, kiekrz, matylda imie, minionki kolorowanka, kolorowanka mia i ja, quizy \u015bwi\u0105teczne bo\u017ce narodzenie, \u015bmieszne zagadki logiczne, szlaczki literopodobne do wydruku, dzie\u0144 pluszowego misia, co kupi\u0107 dziecku na roczek, ma\u0142y ksi\u0105\u017c\u0119 &#8211; test z odpowiedziami<\/p>\n<p>yyyyy<\/p>\n<p>&nbsp;<\/p>\n","protected":false},"excerpt":{"rendered":"<p>Klocki Magnetyczne od marki WOOPIE zwr\u00f3c\u0105 uwag\u0119 i zafascynuj\u0105 Twoje dziecko. Klocki w bardzo \u0142atwy spos\u00f3b \u0142\u0105cz\u0105 si\u0119 ze sob\u0105, mo\u017cna z nich stworzy\u0107 wspania\u0142e konstrukcje ze zje\u017cd\u017calniami np. tor po kt\u00f3rym przemieszcza si\u0119 kulka. Tor mo\u017cna pod\u015bwietli\u0107 do\u0142\u0105czon\u0105 latark\u0105, aby robi\u0142 jeszcze wi\u0119ksze wra\u017cenie, a samo dziecko mo\u017ce wtedy zaobserwowa\u0107 jak przemieszcza si\u0119 \u015bwiat\u0142o, [&hellip;]<\/p>\n","protected":false},"featured_media":10084,"comment_status":"closed","ping_status":"open","template":"","meta":[],"product_cat":[113,177],"product_tag":[663,853,640,841],"class_list":["post-10083","product","type-product","status-publish","has-post-thumbnail","hentry","product_cat-klocki","product_cat-woopie","product_tag-kolorowanki-dla-dzieci-do-druku","product_tag-kolorowanki-do-druku-dla-doroslych","product_tag-prezent-dla-rocznej-dziewczynki","product_tag-quiz-o-flagach"],"_links":{"self":[{"href":"http:\/\/klubmamgdynia.pl\/index.php\/wp-json\/wp\/v2\/product\/10083","targetHints":{"allow":["GET"]}}],"collection":[{"href":"http:\/\/klubmamgdynia.pl\/index.php\/wp-json\/wp\/v2\/product"}],"about":[{"href":"http:\/\/klubmamgdynia.pl\/index.php\/wp-json\/wp\/v2\/types\/product"}],"replies":[{"embeddable":true,"href":"http:\/\/klubmamgdynia.pl\/index.php\/wp-json\/wp\/v2\/comments?post=10083"}],"wp:featuredmedia":[{"embeddable":true,"href":"http:\/\/klubmamgdynia.pl\/index.php\/wp-json\/wp\/v2\/media\/10084"}],"wp:attachment":[{"href":"http:\/\/klubmamgdynia.pl\/index.php\/wp-json\/wp\/v2\/media?parent=10083"}],"wp:term":[{"taxonomy":"product_cat","embeddable":true,"href":"http:\/\/klubmamgdynia.pl\/index.php\/wp-json\/wp\/v2\/product_cat?post=10083"},{"taxonomy":"product_tag","embeddable":true,"href":"http:\/\/klubmamgdynia.pl\/index.php\/wp-json\/wp\/v2\/product_tag?post=10083"}],"curies":[{"name":"wp","href":"https:\/\/api.w.org\/{rel}","templated":true}]}}