{"id":10087,"date":"2011-10-23T16:36:12","date_gmt":"2011-10-23T14:36:12","guid":{"rendered":"http:\/\/klubmamgdynia.pl\/index.php\/produkt\/toyz-solo-quad-blue\/"},"modified":"2026-05-02T20:28:47","modified_gmt":"2026-05-02T18:28:47","slug":"toyz-solo-quad-blue","status":"publish","type":"product","link":"http:\/\/klubmamgdynia.pl\/index.php\/produkt\/toyz-solo-quad-blue\/","title":{"rendered":"Toyz Solo Quad Blue"},"content":{"rendered":"<p>5908310390444<\/p>\n<h2>Toyz Solo Quad Blue Toyz<\/h2>\n<p>test asiunia joanna papuzi\u0144ska, zagadki na myslenie, spiderman do druku, ubieranki do druku, kolorowanki dla ch\u0142opc\u00f3w, gdzie strumyk p\u0142ynie z wolna tekst, gwiazdka do druku, bajka terapeutyczna o dokuczaniu, zagadki dla dzieci, liwia imi\u0119, cytaty dla mamy, regina, asiunia &#8211; test z lektury pdf, jak narysowa\u0107 oko, maski superbohater\u00f3w do wydrukowania, my little pony kolorowanki, cytat dla mamy, halloween dla dzieci 2021, rysowanie po \u015bladzie pdf, literki do pisania do druku<\/p>\n<p>yyyyy<\/p>\n<p>&nbsp;<\/p>\n","protected":false},"excerpt":{"rendered":"<p>5908310390444 Toyz Solo Quad Blue Toyz test asiunia joanna papuzi\u0144ska, zagadki na myslenie, spiderman do druku, ubieranki do druku, kolorowanki dla ch\u0142opc\u00f3w, gdzie strumyk p\u0142ynie z wolna tekst, gwiazdka do druku, bajka terapeutyczna o dokuczaniu, zagadki dla dzieci, liwia imi\u0119, cytaty dla mamy, regina, asiunia &#8211; test z lektury pdf, jak narysowa\u0107 oko, maski superbohater\u00f3w [&hellip;]<\/p>\n","protected":false},"featured_media":10088,"comment_status":"closed","ping_status":"open","template":"","meta":[],"product_cat":[37,457],"product_tag":[761,612,640],"class_list":["post-10087","product","type-product","status-publish","has-post-thumbnail","hentry","product_cat-jeepy-i-quady","product_cat-toyz","product_tag-choinko-piekna-jak-las-tekst","product_tag-kolorowanki-do-druku","product_tag-prezent-dla-rocznej-dziewczynki"],"_links":{"self":[{"href":"http:\/\/klubmamgdynia.pl\/index.php\/wp-json\/wp\/v2\/product\/10087","targetHints":{"allow":["GET"]}}],"collection":[{"href":"http:\/\/klubmamgdynia.pl\/index.php\/wp-json\/wp\/v2\/product"}],"about":[{"href":"http:\/\/klubmamgdynia.pl\/index.php\/wp-json\/wp\/v2\/types\/product"}],"replies":[{"embeddable":true,"href":"http:\/\/klubmamgdynia.pl\/index.php\/wp-json\/wp\/v2\/comments?post=10087"}],"wp:featuredmedia":[{"embeddable":true,"href":"http:\/\/klubmamgdynia.pl\/index.php\/wp-json\/wp\/v2\/media\/10088"}],"wp:attachment":[{"href":"http:\/\/klubmamgdynia.pl\/index.php\/wp-json\/wp\/v2\/media?parent=10087"}],"wp:term":[{"taxonomy":"product_cat","embeddable":true,"href":"http:\/\/klubmamgdynia.pl\/index.php\/wp-json\/wp\/v2\/product_cat?post=10087"},{"taxonomy":"product_tag","embeddable":true,"href":"http:\/\/klubmamgdynia.pl\/index.php\/wp-json\/wp\/v2\/product_tag?post=10087"}],"curies":[{"name":"wp","href":"https:\/\/api.w.org\/{rel}","templated":true}]}}