{"id":10089,"date":"2016-06-26T18:38:38","date_gmt":"2016-06-26T16:38:38","guid":{"rendered":"http:\/\/klubmamgdynia.pl\/index.php\/produkt\/aladine-farba-brokatowa-holo-turkusowa-80ml\/"},"modified":"2026-04-30T07:48:37","modified_gmt":"2026-04-30T05:48:37","slug":"aladine-farba-brokatowa-holo-turkusowa-80ml","status":"publish","type":"product","link":"http:\/\/klubmamgdynia.pl\/index.php\/produkt\/aladine-farba-brokatowa-holo-turkusowa-80ml\/","title":{"rendered":"Aladine Farba Brokatowa Holo Turkusowa 80Ml"},"content":{"rendered":"<p>Farba brokatowa holograficzna &#8211; Izink Diamond 24 Carats.Nadaje si\u0119 do u\u017cycia na ka\u017cdym rodzaju powierzchni, takich jak drewno, beton, papier, tkaniny, plastik, metal itp.Efekt dekoracyjny jest bardzo wyrazisty dzi\u0119ki koncentracji brokatu i transparentnej bazie farby. Idealna do spersonalizowania ozd\u00f3b mieszkania lub ubra\u0144. Mo\u017cna ni\u0105 malowa\u0107 p\u0119dzlem lub nak\u0142ada\u0107 przez szablon. Tubka z mi\u0119kkiego tworzywa sztucznego nadaje si\u0119 do recyklingu i pozwala na wykorzystanie farby do ostatniej kropli.Przy ozdabianiu tkanin nale\u017cy zostawi\u0107 farb\u0119 do wyschni\u0119cia, a nast\u0119pnie utrwali\u0107 j\u0105 termicznie \u017celazkiem (ustawionym na temperatur\u0119 dostosowan\u0105 do rodzaju tkaniny) prasuj\u0105c przez papier do pieczenia przez 5 minut bez u\u017cycia pary. Na butach z tkaniny farb\u0119 utrwali\u0107 mo\u017cna suszark\u0105 do w\u0142os\u00f3w ustawion\u0105 na wysok\u0105 temperatur\u0119. Po utrwaleniu tkaniny mo\u017cna pra\u0107 w temperaturze 40 \u00b0C.Nieodpowiednie dla dzieci w wieku poni\u017cej 36 miesi\u0119cy.Pojemno\u015b\u0107 80 ml. Made in China.<\/p>\n<h2>Aladine Farba Brokatowa Holo Turkusowa 80Ml Aladine<\/h2>\n<p>kolorowanki na dzie\u0144 mamy, cytaty na dzie\u0144 edukacji narodowej, zagadki \u015bmieszne dla dzieci, imi\u0119 kuba, wierszyki na smigus dyngus, trudne zagadki i odpowiedzi, quiz dla dzieci, quiz psi patrol, karyna, prezent dla dziewczynki 7 lat, lato lato lato czeka, 1 listopada dzie\u0144 wszystkich \u015bwi\u0119tych kolorowanki, traktor z przyczep\u0105 kolorowanka do druku, opis o dziecku, przyja\u017a\u0144, zagadka logiczna, historia pluszowego misia, teksty ko\u0142ysanek<\/p>\n<p>yyyyy<\/p>\n<p>&nbsp;<\/p>\n","protected":false},"excerpt":{"rendered":"<p>Farba brokatowa holograficzna &#8211; Izink Diamond 24 Carats.Nadaje si\u0119 do u\u017cycia na ka\u017cdym rodzaju powierzchni, takich jak drewno, beton, papier, tkaniny, plastik, metal itp.Efekt dekoracyjny jest bardzo wyrazisty dzi\u0119ki koncentracji brokatu i transparentnej bazie farby. Idealna do spersonalizowania ozd\u00f3b mieszkania lub ubra\u0144. Mo\u017cna ni\u0105 malowa\u0107 p\u0119dzlem lub nak\u0142ada\u0107 przez szablon. Tubka z mi\u0119kkiego tworzywa sztucznego [&hellip;]<\/p>\n","protected":false},"featured_media":10090,"comment_status":"closed","ping_status":"open","template":"","meta":[],"product_cat":[1880,1397],"product_tag":[668,603,680,775,590,796],"class_list":["post-10089","product","type-product","status-publish","has-post-thumbnail","hentry","product_cat-aladine","product_cat-farby-i-media-malarskie","product_tag-atrakcje-dla-dzieci-wroclaw","product_tag-bajki-do-czytania","product_tag-cytaty-z-malego-ksiecia","product_tag-kolorowanki-do-druku-pokemon","product_tag-plac-zabaw-warszawa","product_tag-zagatki"],"_links":{"self":[{"href":"http:\/\/klubmamgdynia.pl\/index.php\/wp-json\/wp\/v2\/product\/10089","targetHints":{"allow":["GET"]}}],"collection":[{"href":"http:\/\/klubmamgdynia.pl\/index.php\/wp-json\/wp\/v2\/product"}],"about":[{"href":"http:\/\/klubmamgdynia.pl\/index.php\/wp-json\/wp\/v2\/types\/product"}],"replies":[{"embeddable":true,"href":"http:\/\/klubmamgdynia.pl\/index.php\/wp-json\/wp\/v2\/comments?post=10089"}],"wp:featuredmedia":[{"embeddable":true,"href":"http:\/\/klubmamgdynia.pl\/index.php\/wp-json\/wp\/v2\/media\/10090"}],"wp:attachment":[{"href":"http:\/\/klubmamgdynia.pl\/index.php\/wp-json\/wp\/v2\/media?parent=10089"}],"wp:term":[{"taxonomy":"product_cat","embeddable":true,"href":"http:\/\/klubmamgdynia.pl\/index.php\/wp-json\/wp\/v2\/product_cat?post=10089"},{"taxonomy":"product_tag","embeddable":true,"href":"http:\/\/klubmamgdynia.pl\/index.php\/wp-json\/wp\/v2\/product_tag?post=10089"}],"curies":[{"name":"wp","href":"https:\/\/api.w.org\/{rel}","templated":true}]}}