{"id":10091,"date":"2015-05-06T05:22:25","date_gmt":"2015-05-06T03:22:25","guid":{"rendered":"http:\/\/klubmamgdynia.pl\/index.php\/produkt\/aladine-tusz-w-sprayu-do-papieru-bordowy\/"},"modified":"2026-04-30T14:02:26","modified_gmt":"2026-04-30T12:02:26","slug":"aladine-tusz-w-sprayu-do-papieru-bordowy","status":"publish","type":"product","link":"http:\/\/klubmamgdynia.pl\/index.php\/produkt\/aladine-tusz-w-sprayu-do-papieru-bordowy\/","title":{"rendered":"Aladine Tusz W Sprayu Do Papieru Bordowy"},"content":{"rendered":"<p>Tusz do papieru &#8211; Izink Dye. Nakr\u0119tka z wbudowanym atomizerem.Idealny do ozdabiania kartek okoliczno\u015bciowych, album\u00f3w, bullet journali i wszelkich konstrukcji papierowych (np. origami). Nadaje si\u0119 do tworzenia te\u0142, nak\u0142adania g\u0105beczk\u0105 na stemple oraz malowanie p\u0119dzelkiem. Idealny do uzyskania efektu rozpylenia tuszu na dekorowanej powierzchni. Mo\u017cna rozcie\u0144cza\u0107 wod\u0105 by rozja\u015bnia\u0107 kolory.Nieodpowiednie dla dzieci w wieku poni\u017cej 36 miesi\u0119cy.Pojemno\u015b\u0107 15 ml. Made in France.<\/p>\n<h2>Aladine Tusz W Sprayu Do Papieru Bordowy Aladine<\/h2>\n<p>jan pawe\u0142 2 rysunek \u0142atwy dla dzieci, historia pluszowego misia, jak zrobi\u0107 samolot z papieru, samochwa\u0142a, kolorowanka lego ninjago, zagadki wielkanocne do druku, rymowane zagadki dla dzieci, kolorowanka mia i ja, \u017carty na prima aprilis dla ch\u0142opaka, ziemia wyspa zielona tekst, quiz o akademii pana kleksa, kolorowanki antystresowe do druku, prezent dla 1 latka, znane misie z bajek, krzy\u017c\u00f3wki dla dzieci do druku, znaczenie imienia paula, opis do zdj\u0119cia dziecka na fb, delfinarium polska, rysowanki, loga samochod\u00f3w, kolorowanki dla dziewczynek 10 lat<\/p>\n<p>yyyyy<\/p>\n<p>&nbsp;<\/p>\n","protected":false},"excerpt":{"rendered":"<p>Tusz do papieru &#8211; Izink Dye. Nakr\u0119tka z wbudowanym atomizerem.Idealny do ozdabiania kartek okoliczno\u015bciowych, album\u00f3w, bullet journali i wszelkich konstrukcji papierowych (np. origami). Nadaje si\u0119 do tworzenia te\u0142, nak\u0142adania g\u0105beczk\u0105 na stemple oraz malowanie p\u0119dzelkiem. Idealny do uzyskania efektu rozpylenia tuszu na dekorowanej powierzchni. Mo\u017cna rozcie\u0144cza\u0107 wod\u0105 by rozja\u015bnia\u0107 kolory.Nieodpowiednie dla dzieci w wieku poni\u017cej [&hellip;]<\/p>\n","protected":false},"featured_media":10092,"comment_status":"closed","ping_status":"open","template":"","meta":[],"product_cat":[1880,1397],"product_tag":[808,653,649,796],"class_list":["post-10091","product","type-product","status-publish","has-post-thumbnail","hentry","product_cat-aladine","product_cat-farby-i-media-malarskie","product_tag-imie-mia","product_tag-warszawa-dla-dzieci","product_tag-zagadki-dla-nastolatkow","product_tag-zagatki"],"_links":{"self":[{"href":"http:\/\/klubmamgdynia.pl\/index.php\/wp-json\/wp\/v2\/product\/10091","targetHints":{"allow":["GET"]}}],"collection":[{"href":"http:\/\/klubmamgdynia.pl\/index.php\/wp-json\/wp\/v2\/product"}],"about":[{"href":"http:\/\/klubmamgdynia.pl\/index.php\/wp-json\/wp\/v2\/types\/product"}],"replies":[{"embeddable":true,"href":"http:\/\/klubmamgdynia.pl\/index.php\/wp-json\/wp\/v2\/comments?post=10091"}],"wp:featuredmedia":[{"embeddable":true,"href":"http:\/\/klubmamgdynia.pl\/index.php\/wp-json\/wp\/v2\/media\/10092"}],"wp:attachment":[{"href":"http:\/\/klubmamgdynia.pl\/index.php\/wp-json\/wp\/v2\/media?parent=10091"}],"wp:term":[{"taxonomy":"product_cat","embeddable":true,"href":"http:\/\/klubmamgdynia.pl\/index.php\/wp-json\/wp\/v2\/product_cat?post=10091"},{"taxonomy":"product_tag","embeddable":true,"href":"http:\/\/klubmamgdynia.pl\/index.php\/wp-json\/wp\/v2\/product_tag?post=10091"}],"curies":[{"name":"wp","href":"https:\/\/api.w.org\/{rel}","templated":true}]}}