{"id":10093,"date":"2014-04-13T21:25:24","date_gmt":"2014-04-13T19:25:24","guid":{"rendered":"http:\/\/klubmamgdynia.pl\/index.php\/produkt\/toyz-zap-black-green-rowerek-biegowy-drewniany\/"},"modified":"2026-04-06T13:23:37","modified_gmt":"2026-04-06T11:23:37","slug":"toyz-zap-black-green-rowerek-biegowy-drewniany","status":"publish","type":"product","link":"http:\/\/klubmamgdynia.pl\/index.php\/produkt\/toyz-zap-black-green-rowerek-biegowy-drewniany\/","title":{"rendered":"Toyz Zap Black-Green Rowerek Biegowy Drewniany"},"content":{"rendered":"<p>Doskona\u0142ym rozwi\u0105zaniem dla najm\u0142odszych dzieci, kt\u00f3re dopiero rozwijaj\u0105 swoje umiej\u0119tno\u015bci ruchowe s\u0105 drewniane rowerki biegowe.Posiadaj\u0105 prost\u0105 ram\u0119, wygodne siode\u0142ko i bezpieczn\u0105 kierownic\u0119. Dost\u0119pne modele s\u0105 r\u00f3wnie\u017c wyposa\u017cone w pompowane, \u0142o\u017cyskowane ko\u0142a, kt\u00f3re zapewniaj\u0105 komfort jazdy. Maluchy nap\u0119dzaj\u0105 rowerek poprzez odpychanie si\u0119 nogami. Wzmacnia to ich mi\u0119\u015bnie, uczy utrzymywania r\u00f3wnowagi i zapewnia \u015bwietn\u0105 zabaw\u0119 na \u015bwie\u017cym powietrzu.Nasze pojazdy s\u0105 wykonywane z najwi\u0119ksz\u0105 staranno\u015bci\u0105 przy wykorzystaniu najlepszych gatunkowo materia\u0142\u00f3w, dzi\u0119ki czemu osi\u0105gaj\u0105 wysok\u0105 trwa\u0142o\u015b\u0107. Zosta\u0142y zaprojektowane z my\u015bl\u0105 o najm\u0142odszych, dlatego s\u0105 w pe\u0142ni dopasowane do ich wzrostu, budowy i umiej\u0119tno\u015bci. Oferujemy kilka ciekawych design\u00f3w i wersji kolorystycznych, kt\u00f3re przypadn\u0105 do gustu dziewczynkom i ch\u0142opcom.Oferowane rowerki biegowe dla dzieci s\u0105 bezpieczne i wygodne w u\u017cytkowaniu, dzi\u0119ki czemu spe\u0142ni\u0105 oczekiwania ka\u017cdego rodzica. Cechuje je tak\u017ce odporno\u015b\u0107 na wiele czynnik\u00f3w, mog\u0105 s\u0142u\u017cy\u0107 przez d\u0142ugi czas, zachowuj\u0105c swoje w\u0142a\u015bciwo\u015bci i atrakcyjny wygl\u0105d. R\u00f3\u017cnorodne opcje pozwol\u0105 na znalezienie pojazdu dla ka\u017cdej pociechy.Zap to najwi\u0119kszy urwis w\u015br\u00f3d drewnianych rowerk\u00f3w biegowych. Dynamiczne, pe\u0142ne energii kolory, gumowe ko\u0142a i obietnica przygody &#8211; z rowerkiem Zap Twoje dziecko zrobi niema\u0142e wra\u017cenie na kolegach i kole\u017cankach z podw\u00f3rka.Cechy produktu:rowerek biegowy Zap zapewni komfort nawet podczas najbardziej niezwyk\u0142ych przyg\u00f3d &#8211; rowerek wyposa\u017cony jest w ko\u0142a z mi\u0119kkimi, gumowymi oponamiatrakcyjny wygl\u0105d nios\u0105cy obietnic\u0119 wspania\u0142ej zabawywygodne dostosowanie wysoko\u015bci siode\u0142ka do wzrostu ma\u0142ego podr\u00f3\u017cnikad\u0142ugowieczno\u015b\u0107 produktu &#8211; rowerek wykonany jest z wysokiej jako\u015bci materia\u0142\u00f3wgwarancja bezpiecze\u0144stwa &#8211; rowerek posiada wszystkie niezb\u0119dne europejskie certyfikatyjasna instrukcja i prosty monta\u017cDane techniczne:produkt przeznaczony dla dzieci w wieku od 3-6 latwymiary produktu (d\u0142\/szer\/wys): 80\/40\/58,5 cmwymiary opakowania (d\u0142\/szer\/wys): 54\/33\/17 cmwaga produktu: 3,6 kgmaksymalne obci\u0105\u017cenie: do 30 kgwysoko\u015b\u0107 siode\u0142ka: 36,5-41 cmrozmiar k\u00f3\u0142: 12&#8243;szeroko\u015b\u0107 opony: 4 cmproducent: Toyzhttps:\/\/youtu.be\/bnSiXTftiM8<\/p>\n<h2>Toyz Zap Black-Green Rowerek Biegowy Drewniany Toyz<\/h2>\n<p>bajki do czytania dla 6 latka, plac zamkowy, kolorowanki lato, jak narysowac kota, samochwa\u0142a, test z lektury kajko i kokosz, lato lato lato czeka, karmen imie, najlepsze zarty na prima aprilis, dymitr, malowanka do druku, co mo\u017cna zrobi\u0107 z rolki papieru, prezent pod choink\u0119 dla 7 letniej dziewczynki, test z dzieci z bullerbyn, quiz o koniach, prezent dla 7 letniej dziewczynki, kolorowanki my little pony<\/p>\n<p>yyyyy<\/p>\n<p>&nbsp;<\/p>\n","protected":false},"excerpt":{"rendered":"<p>Doskona\u0142ym rozwi\u0105zaniem dla najm\u0142odszych dzieci, kt\u00f3re dopiero rozwijaj\u0105 swoje umiej\u0119tno\u015bci ruchowe s\u0105 drewniane rowerki biegowe.Posiadaj\u0105 prost\u0105 ram\u0119, wygodne siode\u0142ko i bezpieczn\u0105 kierownic\u0119. Dost\u0119pne modele s\u0105 r\u00f3wnie\u017c wyposa\u017cone w pompowane, \u0142o\u017cyskowane ko\u0142a, kt\u00f3re zapewniaj\u0105 komfort jazdy. Maluchy nap\u0119dzaj\u0105 rowerek poprzez odpychanie si\u0119 nogami. Wzmacnia to ich mi\u0119\u015bnie, uczy utrzymywania r\u00f3wnowagi i zapewnia \u015bwietn\u0105 zabaw\u0119 na \u015bwie\u017cym [&hellip;]<\/p>\n","protected":false},"featured_media":10094,"comment_status":"closed","ping_status":"open","template":"","meta":[],"product_cat":[453,457],"product_tag":[658,734,767,635,615],"class_list":["post-10093","product","type-product","status-publish","has-post-thumbnail","hentry","product_cat-rowerki-biegowe","product_cat-toyz","product_tag-alan-znaczenie-imienia","product_tag-milan-imie","product_tag-zaproszenia-urodzinowe-do-druku","product_tag-znaki-drogowe-do-druku","product_tag-znane-misie-z-filmow-animowanych"],"_links":{"self":[{"href":"http:\/\/klubmamgdynia.pl\/index.php\/wp-json\/wp\/v2\/product\/10093","targetHints":{"allow":["GET"]}}],"collection":[{"href":"http:\/\/klubmamgdynia.pl\/index.php\/wp-json\/wp\/v2\/product"}],"about":[{"href":"http:\/\/klubmamgdynia.pl\/index.php\/wp-json\/wp\/v2\/types\/product"}],"replies":[{"embeddable":true,"href":"http:\/\/klubmamgdynia.pl\/index.php\/wp-json\/wp\/v2\/comments?post=10093"}],"wp:featuredmedia":[{"embeddable":true,"href":"http:\/\/klubmamgdynia.pl\/index.php\/wp-json\/wp\/v2\/media\/10094"}],"wp:attachment":[{"href":"http:\/\/klubmamgdynia.pl\/index.php\/wp-json\/wp\/v2\/media?parent=10093"}],"wp:term":[{"taxonomy":"product_cat","embeddable":true,"href":"http:\/\/klubmamgdynia.pl\/index.php\/wp-json\/wp\/v2\/product_cat?post=10093"},{"taxonomy":"product_tag","embeddable":true,"href":"http:\/\/klubmamgdynia.pl\/index.php\/wp-json\/wp\/v2\/product_tag?post=10093"}],"curies":[{"name":"wp","href":"https:\/\/api.w.org\/{rel}","templated":true}]}}