{"id":10095,"date":"2017-11-02T02:42:15","date_gmt":"2017-11-02T01:42:15","guid":{"rendered":"http:\/\/klubmamgdynia.pl\/index.php\/produkt\/litera-plaska-u-z-mdf-h-10-cm\/"},"modified":"2026-04-04T05:18:52","modified_gmt":"2026-04-04T03:18:52","slug":"litera-plaska-u-z-mdf-h-10-cm","status":"publish","type":"product","link":"http:\/\/klubmamgdynia.pl\/index.php\/produkt\/litera-plaska-u-z-mdf-h-10-cm\/","title":{"rendered":"Litera p\u0142aska U z MDF H: 10 cm"},"content":{"rendered":"<p>Laserowo wyci\u0119ta litera z drewna (MDF). Mo\u017cna j\u0105 przyklei\u0107 do dowolnej powierzchni lub postawi\u0107 na p\u00f3\u0142ce opieraj\u0105c o \u015bcian\u0119. Idealna dla wielbicieli dekoracji o naturalnym wygl\u0105dzie, ale mo\u017cna j\u0105 tak\u017ce pomalowa\u0107 farbami naturalnymi, brokatowymi, akrylowymi, ozdobi\u0107 technik\u0105 decoupage itp., nadaj\u0105c jej dowolnie wybrany styl. Uwaga: zdj\u0119cie oddaje og\u00f3lny kszta\u0142t litery, nie ma ona fazowanych kraw\u0119dzi. Nieodpowiednie dla dzieci w wieku poni\u017cej 36 miesi\u0119cy. Wysoko\u015b\u0107 10 cm, grubo\u015b\u0107 3 mm. Made in France.<\/p>\n<h2>Litera p\u0142aska U z MDF H: 10 cm Aladine<\/h2>\n<p>gabriela imie, laurka dla babci, co dla rocznego dziecka, najtrudniejsze zagadki, zagadka matematyczna dla dzieci, co kupic na roczek, agroturystyka dla dzieci ze zwierz\u0119tami, sabina, wiersze o wio\u015bnie jana brzechwy, piosenki na dobranoc tekst, piosenka kiedy babcia by\u0142a ma\u0142a tekst, rozalia imi\u0119, spongebob kolorowanka, zagadki logiczne na inteligencj\u0119, prezent dla jedenastolatki, kwiaty polne nazwy<\/p>\n<p>yyyyy<\/p>\n<p>&nbsp;<\/p>\n","protected":false},"excerpt":{"rendered":"<p>Laserowo wyci\u0119ta litera z drewna (MDF). Mo\u017cna j\u0105 przyklei\u0107 do dowolnej powierzchni lub postawi\u0107 na p\u00f3\u0142ce opieraj\u0105c o \u015bcian\u0119. Idealna dla wielbicieli dekoracji o naturalnym wygl\u0105dzie, ale mo\u017cna j\u0105 tak\u017ce pomalowa\u0107 farbami naturalnymi, brokatowymi, akrylowymi, ozdobi\u0107 technik\u0105 decoupage itp., nadaj\u0105c jej dowolnie wybrany styl. Uwaga: zdj\u0119cie oddaje og\u00f3lny kszta\u0142t litery, nie ma ona fazowanych kraw\u0119dzi. [&hellip;]<\/p>\n","protected":false},"featured_media":10096,"comment_status":"closed","ping_status":"open","template":"","meta":[],"product_cat":[1880,482],"product_tag":[677,582,849,820],"class_list":["post-10095","product","type-product","status-publish","has-post-thumbnail","hentry","product_cat-aladine","product_cat-gadzety","product_tag-milosz-imie","product_tag-nauka-pisania-literek-do-wydruku-pdf","product_tag-zagadki-matematyczne-dla-dzieci","product_tag-ziemia-wyspa-zielona-tekst"],"_links":{"self":[{"href":"http:\/\/klubmamgdynia.pl\/index.php\/wp-json\/wp\/v2\/product\/10095","targetHints":{"allow":["GET"]}}],"collection":[{"href":"http:\/\/klubmamgdynia.pl\/index.php\/wp-json\/wp\/v2\/product"}],"about":[{"href":"http:\/\/klubmamgdynia.pl\/index.php\/wp-json\/wp\/v2\/types\/product"}],"replies":[{"embeddable":true,"href":"http:\/\/klubmamgdynia.pl\/index.php\/wp-json\/wp\/v2\/comments?post=10095"}],"wp:featuredmedia":[{"embeddable":true,"href":"http:\/\/klubmamgdynia.pl\/index.php\/wp-json\/wp\/v2\/media\/10096"}],"wp:attachment":[{"href":"http:\/\/klubmamgdynia.pl\/index.php\/wp-json\/wp\/v2\/media?parent=10095"}],"wp:term":[{"taxonomy":"product_cat","embeddable":true,"href":"http:\/\/klubmamgdynia.pl\/index.php\/wp-json\/wp\/v2\/product_cat?post=10095"},{"taxonomy":"product_tag","embeddable":true,"href":"http:\/\/klubmamgdynia.pl\/index.php\/wp-json\/wp\/v2\/product_tag?post=10095"}],"curies":[{"name":"wp","href":"https:\/\/api.w.org\/{rel}","templated":true}]}}