{"id":10097,"date":"2016-06-28T11:49:54","date_gmt":"2016-06-28T09:49:54","guid":{"rendered":"http:\/\/klubmamgdynia.pl\/index.php\/produkt\/aladine-pioro-do-kaligrafii-ze-stalowka-ala80205\/"},"modified":"2026-04-07T01:38:19","modified_gmt":"2026-04-06T23:38:19","slug":"aladine-pioro-do-kaligrafii-ze-stalowka-ala80205","status":"publish","type":"product","link":"http:\/\/klubmamgdynia.pl\/index.php\/produkt\/aladine-pioro-do-kaligrafii-ze-stalowka-ala80205\/","title":{"rendered":"aladine Pi\u00f3ro do kaligrafii ze stal\u00f3wk\u0105 (ala80205)"},"content":{"rendered":"<p>Pi\u00f3ro do Kaligrafii ze stal\u00f3wk\u0105, wysoko\u015b\u0107: 23,5 cm.<\/p>\n<h2>aladine Pi\u00f3ro do kaligrafii ze stal\u00f3wk\u0105 (ala80205) Aladine<\/h2>\n<p>stare wiersze dla dzieci, minecraft kolorowanki, zgadywanki dla dzieci, spos\u00f3b na elfa test, \u015bwi\u0105teczne filmy familijne, traktor do druku, krotkie zagadki<\/p>\n<p>yyyyy<\/p>\n<p>&nbsp;<\/p>\n","protected":false},"excerpt":{"rendered":"<p>Pi\u00f3ro do Kaligrafii ze stal\u00f3wk\u0105, wysoko\u015b\u0107: 23,5 cm. aladine Pi\u00f3ro do kaligrafii ze stal\u00f3wk\u0105 (ala80205) Aladine stare wiersze dla dzieci, minecraft kolorowanki, zgadywanki dla dzieci, spos\u00f3b na elfa test, \u015bwi\u0105teczne filmy familijne, traktor do druku, krotkie zagadki yyyyy &nbsp;<\/p>\n","protected":false},"featured_media":10098,"comment_status":"closed","ping_status":"open","template":"","meta":[],"product_cat":[1887,1880],"product_tag":[755,641,693,649],"class_list":["post-10097","product","type-product","status-publish","has-post-thumbnail","hentry","product_cat-akcesoria-kreslarskie","product_cat-aladine","product_tag-henryk","product_tag-trudne-zagadki-logiczne","product_tag-zagadki-dla-doroslych","product_tag-zagadki-dla-nastolatkow"],"_links":{"self":[{"href":"http:\/\/klubmamgdynia.pl\/index.php\/wp-json\/wp\/v2\/product\/10097","targetHints":{"allow":["GET"]}}],"collection":[{"href":"http:\/\/klubmamgdynia.pl\/index.php\/wp-json\/wp\/v2\/product"}],"about":[{"href":"http:\/\/klubmamgdynia.pl\/index.php\/wp-json\/wp\/v2\/types\/product"}],"replies":[{"embeddable":true,"href":"http:\/\/klubmamgdynia.pl\/index.php\/wp-json\/wp\/v2\/comments?post=10097"}],"wp:featuredmedia":[{"embeddable":true,"href":"http:\/\/klubmamgdynia.pl\/index.php\/wp-json\/wp\/v2\/media\/10098"}],"wp:attachment":[{"href":"http:\/\/klubmamgdynia.pl\/index.php\/wp-json\/wp\/v2\/media?parent=10097"}],"wp:term":[{"taxonomy":"product_cat","embeddable":true,"href":"http:\/\/klubmamgdynia.pl\/index.php\/wp-json\/wp\/v2\/product_cat?post=10097"},{"taxonomy":"product_tag","embeddable":true,"href":"http:\/\/klubmamgdynia.pl\/index.php\/wp-json\/wp\/v2\/product_tag?post=10097"}],"curies":[{"name":"wp","href":"https:\/\/api.w.org\/{rel}","templated":true}]}}