{"id":10099,"date":"2021-10-09T23:46:31","date_gmt":"2021-10-09T21:46:31","guid":{"rendered":"http:\/\/klubmamgdynia.pl\/index.php\/produkt\/akuku-dmuchana-mata-wodna-a0486\/"},"modified":"2026-05-17T23:00:07","modified_gmt":"2026-05-17T21:00:07","slug":"akuku-dmuchana-mata-wodna-a0486","status":"publish","type":"product","link":"http:\/\/klubmamgdynia.pl\/index.php\/produkt\/akuku-dmuchana-mata-wodna-a0486\/","title":{"rendered":"AKUKU Dmuchana mata wodna A0486"},"content":{"rendered":"<p>Mata wodna dla niemowl\u0105t wykonana zosta\u0142a z wysokiej jako\u015bci tworzywa, kt\u00f3re gwarantuje niezwyk\u0142\u0105 wytrzyma\u0142o\u015b\u0107.Podczas zabaw na macie dziecko uczy si\u0119 wykorzystywa\u0107 r\u00f3\u017cne partie mi\u0119\u015bni do samodzielnego utrzymywania r\u00f3wnowagi i poruszania si\u0119.<\/p>\n<h2>AKUKU Dmuchana mata wodna A0486 Akuku<\/h2>\n<p>\u015bwi\u0119ty przemys\u0142aw, jakie prezenty na roczek, stare bajki, zabawy na dzie\u0144 dziecka w szkole, lego ninjago kolorowanka, test na znaki drogowe, lilianna, miko\u0142ajki dla dzieci warszawa 2021<\/p>\n<p>yyyyy<\/p>\n<p>&nbsp;<\/p>\n","protected":false},"excerpt":{"rendered":"<p>Mata wodna dla niemowl\u0105t wykonana zosta\u0142a z wysokiej jako\u015bci tworzywa, kt\u00f3re gwarantuje niezwyk\u0142\u0105 wytrzyma\u0142o\u015b\u0107.Podczas zabaw na macie dziecko uczy si\u0119 wykorzystywa\u0107 r\u00f3\u017cne partie mi\u0119\u015bni do samodzielnego utrzymywania r\u00f3wnowagi i poruszania si\u0119. AKUKU Dmuchana mata wodna A0486 Akuku \u015bwi\u0119ty przemys\u0142aw, jakie prezenty na roczek, stare bajki, zabawy na dzie\u0144 dziecka w szkole, lego ninjago kolorowanka, test [&hellip;]<\/p>\n","protected":false},"featured_media":10100,"comment_status":"closed","ping_status":"open","template":"","meta":[],"product_cat":[250,55],"product_tag":[700,598,687],"class_list":["post-10099","product","type-product","status-publish","has-post-thumbnail","hentry","product_cat-akuku","product_cat-maty-edukacyjne","product_tag-bajki-do-czytania-dla-dzieci","product_tag-co-na-roczek-dla-dziewczynki","product_tag-podchwytliwe-zagadki-matematyczne"],"_links":{"self":[{"href":"http:\/\/klubmamgdynia.pl\/index.php\/wp-json\/wp\/v2\/product\/10099","targetHints":{"allow":["GET"]}}],"collection":[{"href":"http:\/\/klubmamgdynia.pl\/index.php\/wp-json\/wp\/v2\/product"}],"about":[{"href":"http:\/\/klubmamgdynia.pl\/index.php\/wp-json\/wp\/v2\/types\/product"}],"replies":[{"embeddable":true,"href":"http:\/\/klubmamgdynia.pl\/index.php\/wp-json\/wp\/v2\/comments?post=10099"}],"wp:featuredmedia":[{"embeddable":true,"href":"http:\/\/klubmamgdynia.pl\/index.php\/wp-json\/wp\/v2\/media\/10100"}],"wp:attachment":[{"href":"http:\/\/klubmamgdynia.pl\/index.php\/wp-json\/wp\/v2\/media?parent=10099"}],"wp:term":[{"taxonomy":"product_cat","embeddable":true,"href":"http:\/\/klubmamgdynia.pl\/index.php\/wp-json\/wp\/v2\/product_cat?post=10099"},{"taxonomy":"product_tag","embeddable":true,"href":"http:\/\/klubmamgdynia.pl\/index.php\/wp-json\/wp\/v2\/product_tag?post=10099"}],"curies":[{"name":"wp","href":"https:\/\/api.w.org\/{rel}","templated":true}]}}