{"id":10101,"date":"2015-01-22T18:16:06","date_gmt":"2015-01-22T17:16:06","guid":{"rendered":"http:\/\/klubmamgdynia.pl\/index.php\/produkt\/ricokids-mata-interaktywna-edukacyjna-z-pianinkiem-7315\/"},"modified":"2026-05-17T22:29:56","modified_gmt":"2026-05-17T20:29:56","slug":"ricokids-mata-interaktywna-edukacyjna-z-pianinkiem-7315","status":"publish","type":"product","link":"http:\/\/klubmamgdynia.pl\/index.php\/produkt\/ricokids-mata-interaktywna-edukacyjna-z-pianinkiem-7315\/","title":{"rendered":"Ricokids Mata interaktywna Edukacyjna Z Pianinkiem 7315"},"content":{"rendered":"<p>Mata interaktywna XXL Ricokids 3w1\u2b50\u2b50\u2b50\u2b50\u2b50 za funkcjonalno\u015b\u0107G\u0141\u00d3WNE CECHY:5 wielofunkcyjnych, dowieszanych zabawek,wyjmowane, wielofunkcyjne pianinko,mi\u0119ciutki, antypo\u015blizgowy, izoluj\u0105cy sp\u00f3d,\u0142atwo zmywalny i bardzo przyjemny w dotyku materia\u0142,oryginalna kolorystyka stymuluj\u0105ca rozw\u00f3j dziecka.Wielofunkcyjne, wyjmowane pianinkowbudowanych 9 melodiipod\u015bwietlane przyciskimo\u017cliwo\u015b\u0107 wyci\u0105gni\u0119cia pianinka z matymo\u017cliwo\u015b\u0107 przekszta\u0142cenia maty w stolik muzycznyCzy wiesz, \u017ce&#8230;&#8230;ju\u017c trzymiesi\u0119czny maluch zaczyna samodzielnie chwyta\u0107 przedmioty? Ju\u017c wtedy rozwija koordynacj\u0119 wzrokowo-ruchow\u0105, dlatego wa\u017cne jest to, aby w tym okresie dostarcza\u0107 mu wielu bod\u017ac\u00f3w.To w\u0142a\u015bnie dlatego do maty do\u0142\u0105czamy multifunkcyjne zabawki, kt\u00f3re mo\u017cesz zwiesi\u0107 na pa\u0142\u0105kach- niech co\u015b zagrzechocze, a co\u015b zaszele\u015bci!Czy wiesz, \u017ce&#8230;&#8230;ju\u017c dwumiesi\u0119czne niemowl\u0119 lubi spogl\u0105da\u0107 na siebie w lustrze? Jeszcze nie wie, \u017ce odbicie nale\u017cy do niego, mimo to \u017cywo reaguje na to, co widzi.Kolejne etapy rozwoju maluszka mo\u017cna prze\u015bledzi\u0107 obserwuj\u0105c w\u0142a\u015bnie jego zabaw\u0119 w lustrze, dlatego do\u0142\u0105czyli\u015bmy je do zabawek!Mata, kt\u00f3ra ro\u015bnie wraz z dzieckiem!W p\u00f3\u017aniejszym etapie rozwoju malucha, gdy zaczyna on ju\u017c samodzielnie siada\u0107, mat\u0119 mo\u017cesz przekszta\u0142ci\u0107 w stolik muzyczny! Pianinko mo\u017cna ustawi\u0107 w pozycji poziomej, a maluch mo\u017ce si\u0119 nim bawi\u0107 siedz\u0105c na wygodnej macie.GRATIS! Super grzechotka w prezencieDo ka\u017cdej zakupionej maty do\u0142\u0105czamy grzechotk\u0119 w jednym z dw\u00f3ch kolor\u00f3w!Specyfikacja:marka: Ricokidsmateria\u0142: \u0142atwy w czyszczeniu, mi\u0119kki, wytrzyma\u0142y.zestaw zawiera: mat\u0119, pianinko, pa\u0142\u0105k, 5 zabawek, grzechotk\u0119zasilanie: 2x baterie AA (brak w zestawie)produkt zgodny z norm\u0105 EN71, oznaczenie zabawek CE.<\/p>\n<h2>Ricokids Mata interaktywna Edukacyjna Z Pianinkiem 7315 Ricokids<\/h2>\n<p>kolorowanka ksi\u0119\u017cniczka, najtrudniejsze zagadki, miko\u0142ajek quiz, kolorowanki lol do druku, jasmin imie, koty do druku, kolorowe kanapki kanapki dla dzieci, \u015bwinka peppa dom, zagadki logiczne i odpowiedzi, alfons, literki do nauki pisania do druku, maska batmana do druku<\/p>\n<p>yyyyy<\/p>\n<p>&nbsp;<\/p>\n","protected":false},"excerpt":{"rendered":"<p>Mata interaktywna XXL Ricokids 3w1\u2b50\u2b50\u2b50\u2b50\u2b50 za funkcjonalno\u015b\u0107G\u0141\u00d3WNE CECHY:5 wielofunkcyjnych, dowieszanych zabawek,wyjmowane, wielofunkcyjne pianinko,mi\u0119ciutki, antypo\u015blizgowy, izoluj\u0105cy sp\u00f3d,\u0142atwo zmywalny i bardzo przyjemny w dotyku materia\u0142,oryginalna kolorystyka stymuluj\u0105ca rozw\u00f3j dziecka.Wielofunkcyjne, wyjmowane pianinkowbudowanych 9 melodiipod\u015bwietlane przyciskimo\u017cliwo\u015b\u0107 wyci\u0105gni\u0119cia pianinka z matymo\u017cliwo\u015b\u0107 przekszta\u0142cenia maty w stolik muzycznyCzy wiesz, \u017ce&#8230;&#8230;ju\u017c trzymiesi\u0119czny maluch zaczyna samodzielnie chwyta\u0107 przedmioty? Ju\u017c wtedy rozwija koordynacj\u0119 wzrokowo-ruchow\u0105, dlatego [&hellip;]<\/p>\n","protected":false},"featured_media":10102,"comment_status":"closed","ping_status":"open","template":"","meta":[],"product_cat":[55,1233],"product_tag":[671,734,647,805],"class_list":["post-10101","product","type-product","status-publish","has-post-thumbnail","hentry","product_cat-maty-edukacyjne","product_cat-ricokids","product_tag-cicha-noc-po-angielsku-tekst","product_tag-milan-imie","product_tag-warszawa-z-dzieckiem","product_tag-znaczenie-imienia-alan"],"_links":{"self":[{"href":"http:\/\/klubmamgdynia.pl\/index.php\/wp-json\/wp\/v2\/product\/10101","targetHints":{"allow":["GET"]}}],"collection":[{"href":"http:\/\/klubmamgdynia.pl\/index.php\/wp-json\/wp\/v2\/product"}],"about":[{"href":"http:\/\/klubmamgdynia.pl\/index.php\/wp-json\/wp\/v2\/types\/product"}],"replies":[{"embeddable":true,"href":"http:\/\/klubmamgdynia.pl\/index.php\/wp-json\/wp\/v2\/comments?post=10101"}],"wp:featuredmedia":[{"embeddable":true,"href":"http:\/\/klubmamgdynia.pl\/index.php\/wp-json\/wp\/v2\/media\/10102"}],"wp:attachment":[{"href":"http:\/\/klubmamgdynia.pl\/index.php\/wp-json\/wp\/v2\/media?parent=10101"}],"wp:term":[{"taxonomy":"product_cat","embeddable":true,"href":"http:\/\/klubmamgdynia.pl\/index.php\/wp-json\/wp\/v2\/product_cat?post=10101"},{"taxonomy":"product_tag","embeddable":true,"href":"http:\/\/klubmamgdynia.pl\/index.php\/wp-json\/wp\/v2\/product_tag?post=10101"}],"curies":[{"name":"wp","href":"https:\/\/api.w.org\/{rel}","templated":true}]}}