{"id":10103,"date":"2022-02-05T20:58:44","date_gmt":"2022-02-05T19:58:44","guid":{"rendered":"http:\/\/klubmamgdynia.pl\/index.php\/produkt\/aladine-poduszka-z-tuszem-do-tkanin-blekitna\/"},"modified":"2026-05-17T22:32:38","modified_gmt":"2026-05-17T20:32:38","slug":"aladine-poduszka-z-tuszem-do-tkanin-blekitna","status":"publish","type":"product","link":"http:\/\/klubmamgdynia.pl\/index.php\/produkt\/aladine-poduszka-z-tuszem-do-tkanin-blekitna\/","title":{"rendered":"Aladine Poduszka Z Tuszem Do Tkanin B\u0142\u0119kitna"},"content":{"rendered":"<p>Poduszka z tuszem do tkanin o \u015brednicy 7 cm.Po wyschni\u0119ciu tuszu i utrwaleniu go termicznie (za pomoc\u0105 \u017celazka) tkaniny mo\u017cna pra\u0107 w temperaturze 40 stopni Celsjusza.Kolor: b\u0142\u0119kitny<\/p>\n<h2>Aladine Poduszka Z Tuszem Do Tkanin B\u0142\u0119kitna Aladine<\/h2>\n<p>cytat dziecko, maska karnawa\u0142owa pdf, esmeralda, psi patrol kolorowanka do druku, zagadki o psach, kinderbal przepisy, rado\u015b\u0107 dziecka cytaty, by\u0142 sobie kr\u00f3l, dzie\u0144 misia 2021, prezent dla nastolatk\u00f3w 2020, menu urodzinowe dla dzieci w wieku 8 10 lat, paj\u0105czek na rowerze test, zabawka na roczek dla dziewczynki, milena imie, test dynastia mizio\u0142k\u00f3w, jak narysowa\u0107 kr\u00f3lika, zaproszenia na urodziny do druku<\/p>\n<p>yyyyy<\/p>\n<p>&nbsp;<\/p>\n","protected":false},"excerpt":{"rendered":"<p>Poduszka z tuszem do tkanin o \u015brednicy 7 cm.Po wyschni\u0119ciu tuszu i utrwaleniu go termicznie (za pomoc\u0105 \u017celazka) tkaniny mo\u017cna pra\u0107 w temperaturze 40 stopni Celsjusza.Kolor: b\u0142\u0119kitny Aladine Poduszka Z Tuszem Do Tkanin B\u0142\u0119kitna Aladine cytat dziecko, maska karnawa\u0142owa pdf, esmeralda, psi patrol kolorowanka do druku, zagadki o psach, kinderbal przepisy, rado\u015b\u0107 dziecka cytaty, by\u0142 [&hellip;]<\/p>\n","protected":false},"featured_media":10104,"comment_status":"closed","ping_status":"open","template":"","meta":[],"product_cat":[1880,1397],"product_tag":[678,846,793],"class_list":["post-10103","product","type-product","status-publish","has-post-thumbnail","hentry","product_cat-aladine","product_cat-farby-i-media-malarskie","product_tag-prezent-na-roczek-dla-dziewczynki","product_tag-rysowanki","product_tag-zagadki-smieszne-podchwytliwe"],"_links":{"self":[{"href":"http:\/\/klubmamgdynia.pl\/index.php\/wp-json\/wp\/v2\/product\/10103","targetHints":{"allow":["GET"]}}],"collection":[{"href":"http:\/\/klubmamgdynia.pl\/index.php\/wp-json\/wp\/v2\/product"}],"about":[{"href":"http:\/\/klubmamgdynia.pl\/index.php\/wp-json\/wp\/v2\/types\/product"}],"replies":[{"embeddable":true,"href":"http:\/\/klubmamgdynia.pl\/index.php\/wp-json\/wp\/v2\/comments?post=10103"}],"wp:featuredmedia":[{"embeddable":true,"href":"http:\/\/klubmamgdynia.pl\/index.php\/wp-json\/wp\/v2\/media\/10104"}],"wp:attachment":[{"href":"http:\/\/klubmamgdynia.pl\/index.php\/wp-json\/wp\/v2\/media?parent=10103"}],"wp:term":[{"taxonomy":"product_cat","embeddable":true,"href":"http:\/\/klubmamgdynia.pl\/index.php\/wp-json\/wp\/v2\/product_cat?post=10103"},{"taxonomy":"product_tag","embeddable":true,"href":"http:\/\/klubmamgdynia.pl\/index.php\/wp-json\/wp\/v2\/product_tag?post=10103"}],"curies":[{"name":"wp","href":"https:\/\/api.w.org\/{rel}","templated":true}]}}