{"id":10105,"date":"2011-10-19T01:58:33","date_gmt":"2011-10-18T23:58:33","guid":{"rendered":"http:\/\/klubmamgdynia.pl\/index.php\/produkt\/toyz-hulajnoga-trojkolowa-tixi-pink\/"},"modified":"2026-05-17T22:42:15","modified_gmt":"2026-05-17T20:42:15","slug":"toyz-hulajnoga-trojkolowa-tixi-pink","status":"publish","type":"product","link":"http:\/\/klubmamgdynia.pl\/index.php\/produkt\/toyz-hulajnoga-trojkolowa-tixi-pink\/","title":{"rendered":"Toyz Hulajnoga Tr\u00f3jko\u0142owa Tixi Pink"},"content":{"rendered":"<p>Tixi \u2013 Hulajnoga Tr\u00f3jko\u0142owaTIXI to tr\u00f3jko\u0142owa hulajnoga, kt\u00f3ra dzi\u0119ki swojej konstrukcji zapewnia doskona\u0142\u0105 zabaw\u0119 ruchow\u0105 dla 3 jak i 12 latka o wadze do 50 kg. TIXI to nie tylko \u015brodek szybkiego przemieszczania si\u0119, ale w g\u0142\u00f3wnej mierze produkt dbaj\u0105cy o rozw\u00f3j kostno-mi\u0119\u015bniowy dziecka poprzez skr\u0119canie, kt\u00f3re wykonuje si\u0119 balansuj\u0105c cia\u0142em. Hulajnoga wyposa\u017cona jest w regulowan\u0105 na wysoko\u015b\u0107, stabiln\u0105 r\u0105czk\u0119 oraz sk\u0142adane siedzisko (2-3 lata, max. 20 kg), dzi\u0119ki kt\u00f3remu dziecko mo\u017ce odpocz\u0105\u0107. Dodatkowo \u015bwiec\u0105ce gumowe k\u00f3\u0142ka zasilane dynamem poprawiaj\u0105 komfort oraz bezpiecze\u0144stwo u\u017cytkownika.OPIS:Co zyskujesz wybieraj\u0105c hulajnog\u0119 TIXI dla Twojego dziecka:\u2022Bezpieczna jazda \u2013 konstrukcja trzyko\u0142owa zapewnia stabilno\u015b\u0107 prowadzenia.\u2022Wygodne skr\u0119canie \u2013 balans cia\u0142em podczas skr\u0119cania\u2022Wygodne dopasowanie do wzrostu dziecka \u2013 regulowana na wysoko\u015b\u0107 r\u0105czka zapewnia wygod\u0119 u\u017cytkowania\u2022Atrakcyjne dodatki \u2013 dodatkowa opcja to sk\u0142adane siedzisko oraz zabawne \u015bwiec\u0105ce k\u00f3\u0142ka jednocze\u015bnie poprawiaj\u0105ce widoczno\u015b\u0107\u2022Gwarancja bezpiecze\u0144stwa \u2013 hulajnoga posiada wszystkie niezb\u0119dne certyfikaty jako\u015bci EN71, EN60825\u2022\u0141atwy transport i magazynowanie \u2013 dzi\u0119ki niewielkim rozmiarom i sk\u0142adanej r\u0105czce, hulajnog\u0119 \u0142atwo transportowa\u0107 i przechowywa\u0107\u2022Szybki start \u2013 hulajnoga gotowa do u\u017cytku zaraz po wyj\u0119ciu z pude\u0142kaDANE TECHNICZNE:Przedzia\u0142 wiekowy: 3 \u2013 12 latDost\u0119pne kolory: Blue, Mint, PinkWymiary:Roz\u0142o\u017cona: d\u0142: 58cm \/ szer:28cm \/ wys: 67-73-80-88 cmZ\u0142o\u017cona: d\u0142: 58cm \/ szer:28cm \/ wys: 16cmWaga: 2,8 kgLimit wagowy: max. do 50 kgKo\u0142a: gumowe prz\u00f3d 12cm \/ ty\u0142 9cmPodn\u00f3\u017cek: szer. 35cm \/ 13cmWymiary opakowania: 58,5x16x29cm<\/p>\n<h2>Toyz Hulajnoga Tr\u00f3jko\u0142owa Tixi Pink Toyz<\/h2>\n<p>traktory do druku, co na roczek dla dziewczynki, aurelia, kolorowanka harry potter do druku, anio\u0142 rysunek prosty, motto dla nauczyciela, zagadki o zwierz\u0119tach, kolorowanki do druku dla dzieci, impreza halloween 2021 dla dzieci, sara, walentynka dla c\u00f3rki, wierszyk o marzannie, ela znaczenie imienia<\/p>\n<p>yyyyy<\/p>\n<p>&nbsp;<\/p>\n","protected":false},"excerpt":{"rendered":"<p>Tixi \u2013 Hulajnoga Tr\u00f3jko\u0142owaTIXI to tr\u00f3jko\u0142owa hulajnoga, kt\u00f3ra dzi\u0119ki swojej konstrukcji zapewnia doskona\u0142\u0105 zabaw\u0119 ruchow\u0105 dla 3 jak i 12 latka o wadze do 50 kg. TIXI to nie tylko \u015brodek szybkiego przemieszczania si\u0119, ale w g\u0142\u00f3wnej mierze produkt dbaj\u0105cy o rozw\u00f3j kostno-mi\u0119\u015bniowy dziecka poprzez skr\u0119canie, kt\u00f3re wykonuje si\u0119 balansuj\u0105c cia\u0142em. Hulajnoga wyposa\u017cona jest w [&hellip;]<\/p>\n","protected":false},"featured_media":10106,"comment_status":"closed","ping_status":"open","template":"","meta":[],"product_cat":[315,457],"product_tag":[669,810,785],"class_list":["post-10105","product","type-product","status-publish","has-post-thumbnail","hentry","product_cat-hulajnogi-dla-dzieci","product_cat-toyz","product_tag-kolorowanki","product_tag-nauka-zegara-do-druku","product_tag-prezent-dla-nastolatkow"],"_links":{"self":[{"href":"http:\/\/klubmamgdynia.pl\/index.php\/wp-json\/wp\/v2\/product\/10105","targetHints":{"allow":["GET"]}}],"collection":[{"href":"http:\/\/klubmamgdynia.pl\/index.php\/wp-json\/wp\/v2\/product"}],"about":[{"href":"http:\/\/klubmamgdynia.pl\/index.php\/wp-json\/wp\/v2\/types\/product"}],"replies":[{"embeddable":true,"href":"http:\/\/klubmamgdynia.pl\/index.php\/wp-json\/wp\/v2\/comments?post=10105"}],"wp:featuredmedia":[{"embeddable":true,"href":"http:\/\/klubmamgdynia.pl\/index.php\/wp-json\/wp\/v2\/media\/10106"}],"wp:attachment":[{"href":"http:\/\/klubmamgdynia.pl\/index.php\/wp-json\/wp\/v2\/media?parent=10105"}],"wp:term":[{"taxonomy":"product_cat","embeddable":true,"href":"http:\/\/klubmamgdynia.pl\/index.php\/wp-json\/wp\/v2\/product_cat?post=10105"},{"taxonomy":"product_tag","embeddable":true,"href":"http:\/\/klubmamgdynia.pl\/index.php\/wp-json\/wp\/v2\/product_tag?post=10105"}],"curies":[{"name":"wp","href":"https:\/\/api.w.org\/{rel}","templated":true}]}}