{"id":10107,"date":"2018-07-31T03:00:24","date_gmt":"2018-07-31T01:00:24","guid":{"rendered":"http:\/\/klubmamgdynia.pl\/index.php\/produkt\/toyz-mercedes-amg-blue\/"},"modified":"2026-04-04T23:07:34","modified_gmt":"2026-04-04T21:07:34","slug":"toyz-mercedes-amg-blue","status":"publish","type":"product","link":"http:\/\/klubmamgdynia.pl\/index.php\/produkt\/toyz-mercedes-amg-blue\/","title":{"rendered":"Toyz Mercedes Amg Blue"},"content":{"rendered":"<p>Je\u017adzik Mercedes AMG C63 marki TOYZ to prawdziwa gratka dla maluszk\u00f3w. Licencja marki Mercedes gwarantuje realistyczny wygl\u0105d i du\u017c\u0105 dba\u0142o\u015b\u0107 o szczeg\u00f3\u0142y. Wyposa\u017cony jest w kierownic\u0119 z klaksonem i melodiami, a pod siedziskiem znajduje si\u0119 schowek. Dziecko korzystaj\u0105c z je\u017adzika doskonale si\u0119 bawi i rozwija swoj\u0105 koordynacj\u0119 ruchow\u0105. Najwa\u017cniejsze cechy: Wyj\u0105tkowy wygl\u0105d dzi\u0119ki licencji marki Mercedes Skr\u0119tne przednie ko\u0142a Kierownica z przyciskami zasilana 2 bateriami AA Plastikowe siedzisko ze wzorem imituj\u0105cym pikowan\u0105 sk\u00f3r\u0119 Pojemny schowek na zabawki Zabezpieczenie przed wywr\u00f3ceniem Dane techniczne: Przedzia\u0142 wiekowy: 12-36 miesi\u0119cy Wymiary: 65x26x36 cm Waga: 2 kg Limit wagowy: 25 kg Wymiary siedziska:19x24cm Wysoko\u015b\u0107 oparcia: 12 cm Wysoko\u015b\u0107 do siedziska: 21 cm \u015arednica kierownicy: 18 cm Odleg\u0142o\u015b\u0107 od oparcia do kierownicy: 26 cm Wymiary opakowania: 64x28x30 cm<\/p>\n<h2>Toyz Mercedes Amg Blue Toyz<\/h2>\n<p>prezent dla 1 latka, regina, imi\u0119 mia, zak\u0142adka do ksi\u0105\u017cki szablon, co kupi\u0107 na roczek<\/p>\n<p>yyyyy<\/p>\n<p>&nbsp;<\/p>\n","protected":false},"excerpt":{"rendered":"<p>Je\u017adzik Mercedes AMG C63 marki TOYZ to prawdziwa gratka dla maluszk\u00f3w. Licencja marki Mercedes gwarantuje realistyczny wygl\u0105d i du\u017c\u0105 dba\u0142o\u015b\u0107 o szczeg\u00f3\u0142y. Wyposa\u017cony jest w kierownic\u0119 z klaksonem i melodiami, a pod siedziskiem znajduje si\u0119 schowek. Dziecko korzystaj\u0105c z je\u017adzika doskonale si\u0119 bawi i rozwija swoj\u0105 koordynacj\u0119 ruchow\u0105. Najwa\u017cniejsze cechy: Wyj\u0105tkowy wygl\u0105d dzi\u0119ki licencji marki [&hellip;]<\/p>\n","protected":false},"featured_media":10108,"comment_status":"closed","ping_status":"open","template":"","meta":[],"product_cat":[74,457],"product_tag":[664,833,716,780,741],"class_list":["post-10107","product","type-product","status-publish","has-post-thumbnail","hentry","product_cat-jezdziki","product_cat-toyz","product_tag-atrakcje-dla-dzieci-trojmiasto","product_tag-bajki-dla-dzieci-do-czytania","product_tag-filmy-animowane-o-swietach","product_tag-krecik-bajka","product_tag-wlochy"],"_links":{"self":[{"href":"http:\/\/klubmamgdynia.pl\/index.php\/wp-json\/wp\/v2\/product\/10107","targetHints":{"allow":["GET"]}}],"collection":[{"href":"http:\/\/klubmamgdynia.pl\/index.php\/wp-json\/wp\/v2\/product"}],"about":[{"href":"http:\/\/klubmamgdynia.pl\/index.php\/wp-json\/wp\/v2\/types\/product"}],"replies":[{"embeddable":true,"href":"http:\/\/klubmamgdynia.pl\/index.php\/wp-json\/wp\/v2\/comments?post=10107"}],"wp:featuredmedia":[{"embeddable":true,"href":"http:\/\/klubmamgdynia.pl\/index.php\/wp-json\/wp\/v2\/media\/10108"}],"wp:attachment":[{"href":"http:\/\/klubmamgdynia.pl\/index.php\/wp-json\/wp\/v2\/media?parent=10107"}],"wp:term":[{"taxonomy":"product_cat","embeddable":true,"href":"http:\/\/klubmamgdynia.pl\/index.php\/wp-json\/wp\/v2\/product_cat?post=10107"},{"taxonomy":"product_tag","embeddable":true,"href":"http:\/\/klubmamgdynia.pl\/index.php\/wp-json\/wp\/v2\/product_tag?post=10107"}],"curies":[{"name":"wp","href":"https:\/\/api.w.org\/{rel}","templated":true}]}}