{"id":10109,"date":"2018-04-13T13:29:37","date_gmt":"2018-04-13T11:29:37","guid":{"rendered":"http:\/\/klubmamgdynia.pl\/index.php\/produkt\/alexander-puzzle-ortograficzne-a-om-i-on-4939\/"},"modified":"2026-04-29T12:32:02","modified_gmt":"2026-04-29T10:32:02","slug":"alexander-puzzle-ortograficzne-a-om-i-on-4939","status":"publish","type":"product","link":"http:\/\/klubmamgdynia.pl\/index.php\/produkt\/alexander-puzzle-ortograficzne-a-om-i-on-4939\/","title":{"rendered":"Alexander Puzzle ortograficzne \u0105, om i on 4939"},"content":{"rendered":"<p>W odmierzanym przez klepsydr\u0119 czasie gracze staraj\u0105 si\u0119 jak najszybciej uzupe\u0142ni\u0107 brakuj\u0105ce litery w wybranych wyrazach. Wygrywa ten, kto prawid\u0142owo u\u0142o\u017cy jak najwi\u0119cej wyraz\u00f3w. W czasie emocjonuj\u0105cej rywalizacji i zabawy gra uczy poprawnej pisowni wyraz\u00f3w z &#8221; OM&#8221; , &#8222;ON &#8221; i \u0104&#8221;. Zawarto\u015b\u0107 pude\u0142ka: puzzle -30 szt., klepsydra, kostka z literami, instrukcja.liczba element\u00f3w 33Nieodpowiednie dla dzieci w wieku poni\u017cej 3 lat. Istnieje ryzyko zad\u0142awienia si\u0119 ma\u0142ymi elementami.<\/p>\n<h2>Alexander Puzzle ortograficzne \u0105, om i on 4939 Alexander<\/h2>\n<p>malowane kamienie, zagadki, ewelina, marcel znaczenie imienia, znaczenie imiona alan, wydarzenia dla dzieci warszawa, test czerwone krzes\u0142o, pole dyniowe pozna\u0144, opis do zdj\u0119cia dziecka, zabawy z pi\u0142k\u0105, wroc\u0142aw atrakcje dla m\u0142odzie\u017cy, zaproszenia urodzinowe do druku<\/p>\n<p>yyyyy<\/p>\n<p>&nbsp;<\/p>\n","protected":false},"excerpt":{"rendered":"<p>W odmierzanym przez klepsydr\u0119 czasie gracze staraj\u0105 si\u0119 jak najszybciej uzupe\u0142ni\u0107 brakuj\u0105ce litery w wybranych wyrazach. Wygrywa ten, kto prawid\u0142owo u\u0142o\u017cy jak najwi\u0119cej wyraz\u00f3w. W czasie emocjonuj\u0105cej rywalizacji i zabawy gra uczy poprawnej pisowni wyraz\u00f3w z &#8221; OM&#8221; , &#8222;ON &#8221; i \u0104&#8221;. Zawarto\u015b\u0107 pude\u0142ka: puzzle -30 szt., klepsydra, kostka z literami, instrukcja.liczba element\u00f3w 33Nieodpowiednie [&hellip;]<\/p>\n","protected":false},"featured_media":10110,"comment_status":"closed","ping_status":"open","template":"","meta":[],"product_cat":[246,130],"product_tag":[851,858,739],"class_list":["post-10109","product","type-product","status-publish","has-post-thumbnail","hentry","product_cat-alexander","product_cat-gry-dzieciece","product_tag-jak-narysowac-kota","product_tag-podchwytliwe-zagadki","product_tag-prima-aprilis-w-szkole"],"_links":{"self":[{"href":"http:\/\/klubmamgdynia.pl\/index.php\/wp-json\/wp\/v2\/product\/10109","targetHints":{"allow":["GET"]}}],"collection":[{"href":"http:\/\/klubmamgdynia.pl\/index.php\/wp-json\/wp\/v2\/product"}],"about":[{"href":"http:\/\/klubmamgdynia.pl\/index.php\/wp-json\/wp\/v2\/types\/product"}],"replies":[{"embeddable":true,"href":"http:\/\/klubmamgdynia.pl\/index.php\/wp-json\/wp\/v2\/comments?post=10109"}],"wp:featuredmedia":[{"embeddable":true,"href":"http:\/\/klubmamgdynia.pl\/index.php\/wp-json\/wp\/v2\/media\/10110"}],"wp:attachment":[{"href":"http:\/\/klubmamgdynia.pl\/index.php\/wp-json\/wp\/v2\/media?parent=10109"}],"wp:term":[{"taxonomy":"product_cat","embeddable":true,"href":"http:\/\/klubmamgdynia.pl\/index.php\/wp-json\/wp\/v2\/product_cat?post=10109"},{"taxonomy":"product_tag","embeddable":true,"href":"http:\/\/klubmamgdynia.pl\/index.php\/wp-json\/wp\/v2\/product_tag?post=10109"}],"curies":[{"name":"wp","href":"https:\/\/api.w.org\/{rel}","templated":true}]}}