{"id":10111,"date":"2011-06-19T19:38:39","date_gmt":"2011-06-19T17:38:39","guid":{"rendered":"http:\/\/klubmamgdynia.pl\/index.php\/produkt\/tuban-super-slime-gluty-brokat-slime-tu3015-neon-zielony-3kg\/"},"modified":"2026-04-28T15:33:30","modified_gmt":"2026-04-28T13:33:30","slug":"tuban-super-slime-gluty-brokat-slime-tu3015-neon-zielony-3kg","status":"publish","type":"product","link":"http:\/\/klubmamgdynia.pl\/index.php\/produkt\/tuban-super-slime-gluty-brokat-slime-tu3015-neon-zielony-3kg\/","title":{"rendered":"Tuban Super Slime Gluty Brokat Slime Tu3015 Neon Zielony 3Kg"},"content":{"rendered":"<p>TUBAN Super Slime Brokat Neon Zielony 3 kgW wiaderko znajdziesz super spr\u0119\u017cyst\u0105 i rozci\u0105gliw\u0105 ma\u017a.To w\u0142a\u015bnie w jej konsystencji tkwi ca\u0142y sekret udanej zabawy &#8211; z jednej strony jakby wprost chcia\u0142a przela\u0107 si\u0119 przez palce, ale zamiast tego rozci\u0105ga si\u0119. \u015aci\u015bni\u0119ta ucieka na wszystkie strony, a nast\u0119pnie wraca do swojej formy.Kto by nie chcia\u0142 zanurzy\u0107 r\u0105k w tej ch\u0142odnej, \u015bliskiej i ci\u0105gn\u0105cej si\u0119 mazi? Pr\u00f3cz dotyku slime ucieszy r\u00f3wnie\u017c oczy &#8211; intensywny kolor z brokatowym po\u0142yskiem z pewno\u015bci\u0105 umil\u0105 zabaw\u0119. Mo\u017cna z jego pomoc\u0105 robi\u0107 slimowe ba\u0144ki.Produkty Slime zosta\u0142y wyprodukowane w Polsce i posiadaj\u0105 certyfikat bezpiecze\u0144stwa.Informacje o produkcieNr katalogowyTU 3015Marka (Zabawki) BrakObszar (Zr\u00f3b to sam) Pozosta\u0142eRodzaj (Zr\u00f3b to sam) Masy plastyczneWymagania wiekowe od 3 latP\u0142e\u0107 (zabawki) Dziewczynki i ch\u0142opcyKolor (wyliczeniowy) Zielony<\/p>\n<h2>Tuban Super Slime Gluty Brokat Slime Tu3015 Neon Zielony 3Kg Tuban<\/h2>\n<p>znaczenie imienia julian, imi\u0119 nadia, cytat dziecko, laurka kolorowanki na dzie\u0144 mamy, zabawa dla 7 latka, zagadki kr\u00f3tkie, quizy znaki drogowe, kotek kolorowanka, kolorowanki wed\u0142ug kodu do druku, kotki dwa tekst, u\u015bmiech dziecka wiersz, akademia pana kleksa test do druku, walentynka dla syna<\/p>\n<p>yyyyy<\/p>\n<p>&nbsp;<\/p>\n","protected":false},"excerpt":{"rendered":"<p>TUBAN Super Slime Brokat Neon Zielony 3 kgW wiaderko znajdziesz super spr\u0119\u017cyst\u0105 i rozci\u0105gliw\u0105 ma\u017a.To w\u0142a\u015bnie w jej konsystencji tkwi ca\u0142y sekret udanej zabawy &#8211; z jednej strony jakby wprost chcia\u0142a przela\u0107 si\u0119 przez palce, ale zamiast tego rozci\u0105ga si\u0119. \u015aci\u015bni\u0119ta ucieka na wszystkie strony, a nast\u0119pnie wraca do swojej formy.Kto by nie chcia\u0142 zanurzy\u0107 [&hellip;]<\/p>\n","protected":false},"featured_media":10112,"comment_status":"closed","ping_status":"open","template":"","meta":[],"product_cat":[558,21],"product_tag":[702,790,866,798,672,693],"class_list":["post-10111","product","type-product","status-publish","has-post-thumbnail","hentry","product_cat-tuban","product_cat-zabawki-plastyczne","product_tag-co-kupic-na-roczek-dla-dziewczynki","product_tag-gry-planszowe-dla-nastolatkow","product_tag-opis-do-zdjecia-dziecka-na-fb","product_tag-prezenty-dla-nastolatki","product_tag-trudne-zagadki-z-odpowiedziami","product_tag-zagadki-dla-doroslych"],"_links":{"self":[{"href":"http:\/\/klubmamgdynia.pl\/index.php\/wp-json\/wp\/v2\/product\/10111","targetHints":{"allow":["GET"]}}],"collection":[{"href":"http:\/\/klubmamgdynia.pl\/index.php\/wp-json\/wp\/v2\/product"}],"about":[{"href":"http:\/\/klubmamgdynia.pl\/index.php\/wp-json\/wp\/v2\/types\/product"}],"replies":[{"embeddable":true,"href":"http:\/\/klubmamgdynia.pl\/index.php\/wp-json\/wp\/v2\/comments?post=10111"}],"wp:featuredmedia":[{"embeddable":true,"href":"http:\/\/klubmamgdynia.pl\/index.php\/wp-json\/wp\/v2\/media\/10112"}],"wp:attachment":[{"href":"http:\/\/klubmamgdynia.pl\/index.php\/wp-json\/wp\/v2\/media?parent=10111"}],"wp:term":[{"taxonomy":"product_cat","embeddable":true,"href":"http:\/\/klubmamgdynia.pl\/index.php\/wp-json\/wp\/v2\/product_cat?post=10111"},{"taxonomy":"product_tag","embeddable":true,"href":"http:\/\/klubmamgdynia.pl\/index.php\/wp-json\/wp\/v2\/product_tag?post=10111"}],"curies":[{"name":"wp","href":"https:\/\/api.w.org\/{rel}","templated":true}]}}