{"id":10113,"date":"2020-09-05T12:23:12","date_gmt":"2020-09-05T10:23:12","guid":{"rendered":"http:\/\/klubmamgdynia.pl\/index.php\/produkt\/aladine-litera-k-z-betonu\/"},"modified":"2026-04-05T05:16:01","modified_gmt":"2026-04-05T03:16:01","slug":"aladine-litera-k-z-betonu","status":"publish","type":"product","link":"http:\/\/klubmamgdynia.pl\/index.php\/produkt\/aladine-litera-k-z-betonu\/","title":{"rendered":"Aladine Litera K Z Betonu"},"content":{"rendered":"<p>Litera z betonu o wysoko\u015bci 5 cm.Nadaje si\u0119 idealnie do ozdabiania farbami akrylowymi i masami plastycznymi. Mo\u017cna zastosowa\u0107 technik\u0119 decoupage lub pomalowa\u0107 farbami w sprayu.Elegancka i doskona\u0142a do nowoczesnego wystroju wn\u0119trza. W sam raz do pokoju dziecka.Nieodpowiednia dla dzieci w wieku poni\u017cej 36 miesi\u0119cy.Wysoko\u015b\u0107 oko\u0142o 5 cm, grubo\u015b\u0107 oko\u0142o 8 mm. Made in China.<\/p>\n<h2>Aladine Litera K Z Betonu Aladine<\/h2>\n<p>\u0142amig\u0142\u00f3wki dla dzieci, opisy do zdj dziecka, nauczyciel cytaty, wakacje kolorowanka<\/p>\n<p>yyyyy<\/p>\n<p>&nbsp;<\/p>\n","protected":false},"excerpt":{"rendered":"<p>Litera z betonu o wysoko\u015bci 5 cm.Nadaje si\u0119 idealnie do ozdabiania farbami akrylowymi i masami plastycznymi. Mo\u017cna zastosowa\u0107 technik\u0119 decoupage lub pomalowa\u0107 farbami w sprayu.Elegancka i doskona\u0142a do nowoczesnego wystroju wn\u0119trza. W sam raz do pokoju dziecka.Nieodpowiednia dla dzieci w wieku poni\u017cej 36 miesi\u0119cy.Wysoko\u015b\u0107 oko\u0142o 5 cm, grubo\u015b\u0107 oko\u0142o 8 mm. Made in China. Aladine [&hellip;]<\/p>\n","protected":false},"featured_media":10114,"comment_status":"closed","ping_status":"open","template":"","meta":[],"product_cat":[1880,1888],"product_tag":[761,692,743,799],"class_list":["post-10113","product","type-product","status-publish","has-post-thumbnail","hentry","product_cat-aladine","product_cat-dekoratorstwo","product_tag-choinko-piekna-jak-las-tekst","product_tag-prezenty-na-roczek","product_tag-quiz-dla-dzieci","product_tag-zagadka-logiczna"],"_links":{"self":[{"href":"http:\/\/klubmamgdynia.pl\/index.php\/wp-json\/wp\/v2\/product\/10113","targetHints":{"allow":["GET"]}}],"collection":[{"href":"http:\/\/klubmamgdynia.pl\/index.php\/wp-json\/wp\/v2\/product"}],"about":[{"href":"http:\/\/klubmamgdynia.pl\/index.php\/wp-json\/wp\/v2\/types\/product"}],"replies":[{"embeddable":true,"href":"http:\/\/klubmamgdynia.pl\/index.php\/wp-json\/wp\/v2\/comments?post=10113"}],"wp:featuredmedia":[{"embeddable":true,"href":"http:\/\/klubmamgdynia.pl\/index.php\/wp-json\/wp\/v2\/media\/10114"}],"wp:attachment":[{"href":"http:\/\/klubmamgdynia.pl\/index.php\/wp-json\/wp\/v2\/media?parent=10113"}],"wp:term":[{"taxonomy":"product_cat","embeddable":true,"href":"http:\/\/klubmamgdynia.pl\/index.php\/wp-json\/wp\/v2\/product_cat?post=10113"},{"taxonomy":"product_tag","embeddable":true,"href":"http:\/\/klubmamgdynia.pl\/index.php\/wp-json\/wp\/v2\/product_tag?post=10113"}],"curies":[{"name":"wp","href":"https:\/\/api.w.org\/{rel}","templated":true}]}}